{"id":744,"date":"2024-01-23T18:13:12","date_gmt":"2024-01-23T18:13:12","guid":{"rendered":"https:\/\/besttwice.com.br\/site\/?page_id=744"},"modified":"2024-01-23T18:13:13","modified_gmt":"2024-01-23T18:13:13","slug":"atencao-b","status":"publish","type":"page","link":"https:\/\/besttwice.com.br\/site\/atencao-b\/","title":{"rendered":"Aten\u00e7\u00e3o BRASILEIRO\/A(S) no exterior."},"content":{"rendered":"\n<figure class=\"wp-block-image size-full\"><img fetchpriority=\"high\" decoding=\"async\" width=\"900\" height=\"506\" src=\"https:\/\/besttwice.com.br\/site\/wp-content\/uploads\/2024\/01\/passaporte-brasileiro-comum-1626461265531_v2_900x506.jpg.webp\" alt=\"\" class=\"wp-image-749\" srcset=\"https:\/\/besttwice.com.br\/site\/wp-content\/uploads\/2024\/01\/passaporte-brasileiro-comum-1626461265531_v2_900x506.jpg.webp 900w, https:\/\/besttwice.com.br\/site\/wp-content\/uploads\/2024\/01\/passaporte-brasileiro-comum-1626461265531_v2_900x506.jpg-300x169.webp 300w, https:\/\/besttwice.com.br\/site\/wp-content\/uploads\/2024\/01\/passaporte-brasileiro-comum-1626461265531_v2_900x506.jpg-768x432.webp 768w\" sizes=\"(max-width: 900px) 100vw, 900px\" \/><\/figure>\n\n\n\n<p>&#8220;\ud83c\udf0d Se voc\u00ea deixou o Brasil em 2023, \u00e9 hora de lembrar da Comunica\u00e7\u00e3o de Sa\u00edda Definitiva! \ud83d\udccb\u2708\ufe0f N\u00e3o esque\u00e7a de regularizar sua situa\u00e7\u00e3o fiscal. Consulte um especialista para obter orienta\u00e7\u00f5es personalizadas. <\/p>\n\n\n\n<h2 class=\"wp-block-heading\">Import\u00e2ncia da Compreens\u00e3o das Obriga\u00e7\u00f5es Fiscais ao Deixar o Pa\u00eds<\/h2>\n\n\n\n<p>Antes de deixar o Brasil, \u00e9 essencial compreender as obriga\u00e7\u00f5es fiscais associadas a essa decis\u00e3o. O n\u00e3o cumprimento dessas obriga\u00e7\u00f5es pode resultar em problemas legais e financeiros no futuro. Se voc\u00ea ainda n\u00e3o fez a sua comunica\u00e7\u00e3o, fa\u00e7a o mais breve poss\u00edvel.<\/p>\n\n\n\n<p><\/p>\n\n\n\n<p class=\"has-large-font-size\"><strong>Comunica\u00e7\u00e3o de sa\u00edda definitiva do pa\u00eds<\/strong><\/p>\n\n\n\n<p>O que \u00e9?<\/p>\n\n\n\n<p>Informe \u00e0 Receita Federal que voc\u00ea est\u00e1 saindo de forma definitiva do pa\u00eds (vai viver em fora do Brasil).<\/p>\n\n\n\n<p>Essa comunica\u00e7\u00e3o \u00e9 obrigat\u00f3ria se voc\u00ea est\u00e1 saindo do Brasil de forma definitiva ou se passar \u00e0 condi\u00e7\u00e3o de n\u00e3o residente, se deixou o pa\u00eds em car\u00e1ter tempor\u00e1rio.<\/p>\n\n\n\n<p>O prazo para comunicar a sa\u00edda definitiva \u00e9 a partir da data da sa\u00edda (se a sa\u00edda foi permanente), ou da data em que for considerado n\u00e3o residente (se a sa\u00edda foi tempor\u00e1ria), at\u00e9 o \u00faltimo dia do m\u00eas de fevereiro do ano seguinte, ou seja, para 2024, dia 29 de fevereiro de 2024.<\/p>\n\n\n\n<p>Considera-se n\u00e3o residente no Brasil quem:<\/p>\n\n\n\n<p>&#8211; n\u00e3o reside no Brasil em car\u00e1ter permanente;<\/p>\n\n\n\n<p>&#8211; sai em car\u00e1ter permanente do Brasil, na data da sa\u00edda, ou ap\u00f3s ter decorrido 12 meses consecutivos de aus\u00eancia, no caso de n\u00e3o ter feito a Comunica\u00e7\u00e3o de Sa\u00edda Definitiva do Pa\u00eds. <\/p>\n\n\n\n<p>&#8211; na condi\u00e7\u00e3o de n\u00e3o residente, entra no Brasil para prestar servi\u00e7os como funcion\u00e1rio(a) de \u00f3rg\u00e3o de governo estrangeiro situado no Pa\u00eds.<\/p>\n\n\n\n<p>&#8211; entra no Brasil com visto tempor\u00e1rio e permanece at\u00e9 183 dias, consecutivos ou n\u00e3o, em um per\u00edodo de at\u00e9 12 meses;<\/p>\n\n\n\n<p>&#8211; sai do Brasil em car\u00e1ter tempor\u00e1rio, a partir do dia seguinte \u00e0quele em que complete 12 meses consecutivos de aus\u00eancia.<\/p>\n\n\n\n<p>S\u00e3o muitas as d\u00favidas de quem vai morar no exterior, s\u00e3o tantas regras a serem seguidas no pa\u00eds em que a pessoa vai morar que ela acaba esquecendo de que tem que ficar regular no Brasil, essencialmente perante a Receita Federal. <\/p>\n\n\n\n<p class=\"has-medium-font-size\"><strong>Etapas para a realiza\u00e7\u00e3o deste servi\u00e7o<\/strong><\/p>\n\n\n\n<p>Comunicar a sa\u00edda definitiva do pa\u00eds (CSD)<\/p>\n\n\n\n<p>Acesse o sistema e preencha os campos do formul\u00e1rio.<\/p>\n\n\n\n<p>Marque o &#8220;Termo de Responsabilidade&#8221; para indicar que as informa\u00e7\u00f5es s\u00e3o verdadeiras e que voc\u00ea est\u00e1 ciente de que deve enviar a Declara\u00e7\u00e3o de Sa\u00edda Definitiva do Pa\u00eds at\u00e9 o \u00faltimo dia \u00fatil do m\u00eas de abril do ano-calend\u00e1rio seguinte e pagar o saldo do imposto, em quota \u00fanica, at\u00e9 a data prevista para o envio da declara\u00e7\u00e3o. <\/p>\n\n\n\n<ul class=\"wp-block-list\">\n<li>Coment\u00e1rio: o que a Receita Federal quer como a marca\u00e7\u00e3o do &#8220;Termo de Responsabilidade&#8221;, como a Receita Federal utiliza a declara\u00e7\u00e3o de sa\u00edda definitiva para saber quem \u00e9 residente e quem n\u00e3o \u00e9, ap\u00f3s a entrega da CSD, voc\u00ea se compromete a fazer e entregar a declara\u00e7\u00e3o de sa\u00edda definitiva do pa\u00eds (DSDP), a primeira deve ser feita at\u00e9 fevereiro e a segunda at\u00e9 abril do ano seguinte ao da sa\u00edda fiscal.<\/li>\n<\/ul>\n\n\n\n<p>Ap\u00f3s o preenchimento, clique no bot\u00e3o Confirmar para enviar a comunica\u00e7\u00e3o.<\/p>\n\n\n\n<p class=\"has-medium-font-size\">Documenta\u00e7\u00e3o em comum para todos os casos<\/p>\n\n\n\n<p>N\u00famero do CPF;<\/p>\n\n\n\n<p>N\u00famero do recibo da \u00faltima Declara\u00e7\u00e3o de Imposto de Renda entregue;<\/p>\n\n\n\n<p>T\u00edtulo de Eleitor.<\/p>\n\n\n\n<p>Documentos de identifica\u00e7\u00e3o com CPF dos dependentes; se houver.<\/p>\n\n\n\n<p>A principal fun\u00e7\u00e3o da CSD \u00e9 permitir que o contribuinte ponha seus neg\u00f3cios em ordem antes do per\u00edodo de entrega da DSDP.<\/p>\n\n\n\n<p>E o que \u00e9 a Declara\u00e7\u00e3o de Sa\u00edda Definitiva do Pa\u00eds (DSDP)<\/p>\n\n\n\n<p>A Declara\u00e7\u00e3o de Sa\u00edda Definitiva do Pa\u00eds \u00e9 um procedimento que deve ser realizado por brasileiros que pretendem deixar o Brasil de forma permanente, encerrando seu v\u00ednculo fiscal com o pa\u00eds. Isso envolve informar \u00e0s autoridades que n\u00e3o s\u00e3o mais residentes fiscais brasileiros. \u00c9 uma declara\u00e7\u00e3o de imposto de renda especial. Esta abrange o per\u00edodo entre o dia 1\u00ba de janeiro e a data da perda da condi\u00e7\u00e3o de residente fiscal no Brasil, informada na CSD e na pr\u00f3pria Declara\u00e7\u00e3o de Sa\u00edda Definitiva. Para quem decidiu deixar o Brasil em 2023, a Declara\u00e7\u00e3o de Sa\u00edda Definitiva dever\u00e1 ser entregue entre mar\u00e7o e abril de 2024, no mesmo prazo de entrega das demais declara\u00e7\u00f5es de imposto de renda.<\/p>\n\n\n\n<p>Se voc\u00ea n\u00e3o realizar a declara\u00e7\u00e3o de sa\u00edda definitiva do pa\u00eds ap\u00f3s deixar o Brasil de forma permanente, continuar\u00e1 sendo considerado residente fiscal brasileiro. Isso significa que voc\u00ea ter\u00e1 que cumprir todas as obriga\u00e7\u00f5es fiscais brasileiras, mesmo estando no exterior, o que pode resultar em multas, juros sobre os impostos devidos e complica\u00e7\u00f5es legais, dificultando a regulariza\u00e7\u00e3o de sua situa\u00e7\u00e3o fiscal no futuro.<\/p>\n\n\n\n<p>Para mais informa\u00e7\u00f5es e\/ou assessoria sobre este assunto, entre em contato pelo endere\u00e7o de e-mail: contato@besttwice.com.br<\/p>\n","protected":false},"excerpt":{"rendered":"<p>&#8220;\ud83c\udf0d Se voc\u00ea deixou o Brasil em 2023, \u00e9 hora de lembrar da Comunica\u00e7\u00e3o de Sa\u00edda Definitiva! \ud83d\udccb\u2708\ufe0f N\u00e3o esque\u00e7a de regularizar sua situa\u00e7\u00e3o fiscal. Consulte um especialista para obter orienta\u00e7\u00f5es personalizadas. Import\u00e2ncia da Compreens\u00e3o das Obriga\u00e7\u00f5es Fiscais ao Deixar o Pa\u00eds Antes de deixar o Brasil, \u00e9 essencial compreender as obriga\u00e7\u00f5es fiscais associadas a [&hellip;]<\/p>\n","protected":false},"author":1,"featured_media":0,"parent":0,"menu_order":0,"comment_status":"closed","ping_status":"closed","template":"","meta":{"footnotes":""},"class_list":["post-744","page","type-page","status-publish","hentry"],"yoast_head":"<!-- This site is optimized with the Yoast SEO plugin v27.6 - https:\/\/yoast.com\/product\/yoast-seo-wordpress\/ -->\n<title>Aten\u00e7\u00e3o BRASILEIRO\/A(S) no exterior. - BEST TWICE<\/title>\n<meta name=\"robots\" content=\"index, follow, max-snippet:-1, max-image-preview:large, max-video-preview:-1\" \/>\n<link rel=\"canonical\" href=\"https:\/\/besttwice.com.br\/site\/atencao-b\/\" \/>\n<meta property=\"og:locale\" content=\"pt_BR\" \/>\n<meta property=\"og:type\" content=\"article\" \/>\n<meta property=\"og:title\" content=\"Aten\u00e7\u00e3o BRASILEIRO\/A(S) no exterior. - BEST TWICE\" \/>\n<meta property=\"og:description\" content=\"&#8220;\ud83c\udf0d Se voc\u00ea deixou o Brasil em 2023, \u00e9 hora de lembrar da Comunica\u00e7\u00e3o de Sa\u00edda Definitiva! \ud83d\udccb\u2708\ufe0f N\u00e3o esque\u00e7a de regularizar sua situa\u00e7\u00e3o fiscal. Consulte um especialista para obter orienta\u00e7\u00f5es personalizadas. Import\u00e2ncia da Compreens\u00e3o das Obriga\u00e7\u00f5es Fiscais ao Deixar o Pa\u00eds Antes de deixar o Brasil, \u00e9 essencial compreender as obriga\u00e7\u00f5es fiscais associadas a [&hellip;]\" \/>\n<meta property=\"og:url\" content=\"https:\/\/besttwice.com.br\/site\/atencao-b\/\" \/>\n<meta property=\"og:site_name\" content=\"BEST TWICE\" \/>\n<meta property=\"article:modified_time\" content=\"2024-01-23T18:13:13+00:00\" \/>\n<meta property=\"og:image\" content=\"https:\/\/besttwice.com.br\/site\/wp-content\/uploads\/2024\/01\/passaporte-brasileiro-comum-1626461265531_v2_900x506.jpg.webp\" \/>\n<meta name=\"twitter:card\" content=\"summary_large_image\" \/>\n<meta name=\"twitter:label1\" content=\"Est. tempo de leitura\" \/>\n\t<meta name=\"twitter:data1\" content=\"5 minutos\" \/>\n<script type=\"application\/ld+json\" class=\"yoast-schema-graph\">{\"@context\":\"https:\\\/\\\/schema.org\",\"@graph\":[{\"@type\":\"WebPage\",\"@id\":\"https:\\\/\\\/besttwice.com.br\\\/site\\\/atencao-b\\\/\",\"url\":\"https:\\\/\\\/besttwice.com.br\\\/site\\\/atencao-b\\\/\",\"name\":\"Aten\u00e7\u00e3o BRASILEIRO\\\/A(S) no exterior. - BEST TWICE\",\"isPartOf\":{\"@id\":\"https:\\\/\\\/besttwice.com.br\\\/site\\\/#website\"},\"primaryImageOfPage\":{\"@id\":\"https:\\\/\\\/besttwice.com.br\\\/site\\\/atencao-b\\\/#primaryimage\"},\"image\":{\"@id\":\"https:\\\/\\\/besttwice.com.br\\\/site\\\/atencao-b\\\/#primaryimage\"},\"thumbnailUrl\":\"https:\\\/\\\/besttwice.com.br\\\/site\\\/wp-content\\\/uploads\\\/2024\\\/01\\\/passaporte-brasileiro-comum-1626461265531_v2_900x506.jpg.webp\",\"datePublished\":\"2024-01-23T18:13:12+00:00\",\"dateModified\":\"2024-01-23T18:13:13+00:00\",\"breadcrumb\":{\"@id\":\"https:\\\/\\\/besttwice.com.br\\\/site\\\/atencao-b\\\/#breadcrumb\"},\"inLanguage\":\"pt-BR\",\"potentialAction\":[{\"@type\":\"ReadAction\",\"target\":[\"https:\\\/\\\/besttwice.com.br\\\/site\\\/atencao-b\\\/\"]}]},{\"@type\":\"ImageObject\",\"inLanguage\":\"pt-BR\",\"@id\":\"https:\\\/\\\/besttwice.com.br\\\/site\\\/atencao-b\\\/#primaryimage\",\"url\":\"https:\\\/\\\/besttwice.com.br\\\/site\\\/wp-content\\\/uploads\\\/2024\\\/01\\\/passaporte-brasileiro-comum-1626461265531_v2_900x506.jpg.webp\",\"contentUrl\":\"https:\\\/\\\/besttwice.com.br\\\/site\\\/wp-content\\\/uploads\\\/2024\\\/01\\\/passaporte-brasileiro-comum-1626461265531_v2_900x506.jpg.webp\",\"width\":900,\"height\":506},{\"@type\":\"BreadcrumbList\",\"@id\":\"https:\\\/\\\/besttwice.com.br\\\/site\\\/atencao-b\\\/#breadcrumb\",\"itemListElement\":[{\"@type\":\"ListItem\",\"position\":1,\"name\":\"In\u00edcio\",\"item\":\"https:\\\/\\\/besttwice.com.br\\\/site\\\/\"},{\"@type\":\"ListItem\",\"position\":2,\"name\":\"Aten\u00e7\u00e3o BRASILEIRO\\\/A(S) no exterior.\"}]},{\"@type\":\"WebSite\",\"@id\":\"https:\\\/\\\/besttwice.com.br\\\/site\\\/#website\",\"url\":\"https:\\\/\\\/besttwice.com.br\\\/site\\\/\",\"name\":\"BEST TWICE\",\"description\":\"Pesquisar os problemas do cotidiano e buscar formas de reduzir seus efeitos.\",\"potentialAction\":[{\"@type\":\"SearchAction\",\"target\":{\"@type\":\"EntryPoint\",\"urlTemplate\":\"https:\\\/\\\/besttwice.com.br\\\/site\\\/?s={search_term_string}\"},\"query-input\":{\"@type\":\"PropertyValueSpecification\",\"valueRequired\":true,\"valueName\":\"search_term_string\"}}],\"inLanguage\":\"pt-BR\"}]}<\/script>\n<!-- \/ Yoast SEO plugin. -->","yoast_head_json":{"title":"Aten\u00e7\u00e3o BRASILEIRO\/A(S) no exterior. - BEST TWICE","robots":{"index":"index","follow":"follow","max-snippet":"max-snippet:-1","max-image-preview":"max-image-preview:large","max-video-preview":"max-video-preview:-1"},"canonical":"https:\/\/besttwice.com.br\/site\/atencao-b\/","og_locale":"pt_BR","og_type":"article","og_title":"Aten\u00e7\u00e3o BRASILEIRO\/A(S) no exterior. - BEST TWICE","og_description":"&#8220;\ud83c\udf0d Se voc\u00ea deixou o Brasil em 2023, \u00e9 hora de lembrar da Comunica\u00e7\u00e3o de Sa\u00edda Definitiva! \ud83d\udccb\u2708\ufe0f N\u00e3o esque\u00e7a de regularizar sua situa\u00e7\u00e3o fiscal. Consulte um especialista para obter orienta\u00e7\u00f5es personalizadas. Import\u00e2ncia da Compreens\u00e3o das Obriga\u00e7\u00f5es Fiscais ao Deixar o Pa\u00eds Antes de deixar o Brasil, \u00e9 essencial compreender as obriga\u00e7\u00f5es fiscais associadas a [&hellip;]","og_url":"https:\/\/besttwice.com.br\/site\/atencao-b\/","og_site_name":"BEST TWICE","article_modified_time":"2024-01-23T18:13:13+00:00","og_image":[{"url":"https:\/\/besttwice.com.br\/site\/wp-content\/uploads\/2024\/01\/passaporte-brasileiro-comum-1626461265531_v2_900x506.jpg.webp","type":"","width":"","height":""}],"twitter_card":"summary_large_image","twitter_misc":{"Est. tempo de leitura":"5 minutos"},"schema":{"@context":"https:\/\/schema.org","@graph":[{"@type":"WebPage","@id":"https:\/\/besttwice.com.br\/site\/atencao-b\/","url":"https:\/\/besttwice.com.br\/site\/atencao-b\/","name":"Aten\u00e7\u00e3o BRASILEIRO\/A(S) no exterior. - BEST TWICE","isPartOf":{"@id":"https:\/\/besttwice.com.br\/site\/#website"},"primaryImageOfPage":{"@id":"https:\/\/besttwice.com.br\/site\/atencao-b\/#primaryimage"},"image":{"@id":"https:\/\/besttwice.com.br\/site\/atencao-b\/#primaryimage"},"thumbnailUrl":"https:\/\/besttwice.com.br\/site\/wp-content\/uploads\/2024\/01\/passaporte-brasileiro-comum-1626461265531_v2_900x506.jpg.webp","datePublished":"2024-01-23T18:13:12+00:00","dateModified":"2024-01-23T18:13:13+00:00","breadcrumb":{"@id":"https:\/\/besttwice.com.br\/site\/atencao-b\/#breadcrumb"},"inLanguage":"pt-BR","potentialAction":[{"@type":"ReadAction","target":["https:\/\/besttwice.com.br\/site\/atencao-b\/"]}]},{"@type":"ImageObject","inLanguage":"pt-BR","@id":"https:\/\/besttwice.com.br\/site\/atencao-b\/#primaryimage","url":"https:\/\/besttwice.com.br\/site\/wp-content\/uploads\/2024\/01\/passaporte-brasileiro-comum-1626461265531_v2_900x506.jpg.webp","contentUrl":"https:\/\/besttwice.com.br\/site\/wp-content\/uploads\/2024\/01\/passaporte-brasileiro-comum-1626461265531_v2_900x506.jpg.webp","width":900,"height":506},{"@type":"BreadcrumbList","@id":"https:\/\/besttwice.com.br\/site\/atencao-b\/#breadcrumb","itemListElement":[{"@type":"ListItem","position":1,"name":"In\u00edcio","item":"https:\/\/besttwice.com.br\/site\/"},{"@type":"ListItem","position":2,"name":"Aten\u00e7\u00e3o BRASILEIRO\/A(S) no exterior."}]},{"@type":"WebSite","@id":"https:\/\/besttwice.com.br\/site\/#website","url":"https:\/\/besttwice.com.br\/site\/","name":"BEST TWICE","description":"Pesquisar os problemas do cotidiano e buscar formas de reduzir seus efeitos.","potentialAction":[{"@type":"SearchAction","target":{"@type":"EntryPoint","urlTemplate":"https:\/\/besttwice.com.br\/site\/?s={search_term_string}"},"query-input":{"@type":"PropertyValueSpecification","valueRequired":true,"valueName":"search_term_string"}}],"inLanguage":"pt-BR"}]}},"_links":{"self":[{"href":"https:\/\/besttwice.com.br\/site\/wp-json\/wp\/v2\/pages\/744","targetHints":{"allow":["GET"]}}],"collection":[{"href":"https:\/\/besttwice.com.br\/site\/wp-json\/wp\/v2\/pages"}],"about":[{"href":"https:\/\/besttwice.com.br\/site\/wp-json\/wp\/v2\/types\/page"}],"author":[{"embeddable":true,"href":"https:\/\/besttwice.com.br\/site\/wp-json\/wp\/v2\/users\/1"}],"replies":[{"embeddable":true,"href":"https:\/\/besttwice.com.br\/site\/wp-json\/wp\/v2\/comments?post=744"}],"version-history":[{"count":17,"href":"https:\/\/besttwice.com.br\/site\/wp-json\/wp\/v2\/pages\/744\/revisions"}],"predecessor-version":[{"id":765,"href":"https:\/\/besttwice.com.br\/site\/wp-json\/wp\/v2\/pages\/744\/revisions\/765"}],"wp:attachment":[{"href":"https:\/\/besttwice.com.br\/site\/wp-json\/wp\/v2\/media?parent=744"}],"curies":[{"name":"wp","href":"https:\/\/api.w.org\/{rel}","templated":true}]}}