{"id":706,"date":"2022-07-27T00:35:17","date_gmt":"2022-07-27T00:35:17","guid":{"rendered":"https:\/\/besttwice.com.br\/site\/?page_id=706"},"modified":"2022-07-27T01:01:55","modified_gmt":"2022-07-27T01:01:55","slug":"startup-desenvolve-solucao-tecnologica-que-apoia-os-treinadores-e-atletas-das-lutas-no-conhecimento-dos-resultados-dos-treinos-em-tempo-real","status":"publish","type":"page","link":"https:\/\/besttwice.com.br\/site\/startup-desenvolve-solucao-tecnologica-que-apoia-os-treinadores-e-atletas-das-lutas-no-conhecimento-dos-resultados-dos-treinos-em-tempo-real\/","title":{"rendered":"Startup desenvolve solu\u00e7\u00e3o tecnol\u00f3gica que apoia os treinadores e atletas das lutas no conhecimento dos resultados dos treinos em tempo real."},"content":{"rendered":"\n<div class=\"wp-block-image\"><figure class=\"aligncenter size-full is-resized\"><img fetchpriority=\"high\" decoding=\"async\" src=\"https:\/\/besttwice.com.br\/site\/wp-content\/uploads\/2022\/07\/logo-png-5.png\" alt=\"\" class=\"wp-image-713\" width=\"207\" height=\"271\" srcset=\"https:\/\/besttwice.com.br\/site\/wp-content\/uploads\/2022\/07\/logo-png-5.png 746w, https:\/\/besttwice.com.br\/site\/wp-content\/uploads\/2022\/07\/logo-png-5-229x300.png 229w\" sizes=\"(max-width: 207px) 100vw, 207px\" \/><figcaption>Logo FIGHT METER<\/figcaption><\/figure><\/div>\n\n\n\n<p>A Startup BEST TWICE, pertencente ao ecossistema de Inova\u00e7\u00e3o da Baixada Santista, apresentou o FIGHT METER, na linha das Sporttechs, no evento de lutas mistas AFC 2022, que ocorreu no \u00faltimo dia 16 de julho de 2022 no clube Tumiar\u00fa em S\u00e3o Vicente.<\/p>\n\n\n\n<div class=\"wp-block-image\"><figure class=\"aligncenter size-large is-resized\"><img decoding=\"async\" src=\"https:\/\/besttwice.com.br\/site\/wp-content\/uploads\/2022\/07\/WhatsApp-Image-2022-07-25-at-20.16.33-1024x682.jpeg\" alt=\"\" class=\"wp-image-711\" width=\"616\" height=\"410\" srcset=\"https:\/\/besttwice.com.br\/site\/wp-content\/uploads\/2022\/07\/WhatsApp-Image-2022-07-25-at-20.16.33-1024x682.jpeg 1024w, https:\/\/besttwice.com.br\/site\/wp-content\/uploads\/2022\/07\/WhatsApp-Image-2022-07-25-at-20.16.33-300x200.jpeg 300w, https:\/\/besttwice.com.br\/site\/wp-content\/uploads\/2022\/07\/WhatsApp-Image-2022-07-25-at-20.16.33-768x512.jpeg 768w, https:\/\/besttwice.com.br\/site\/wp-content\/uploads\/2022\/07\/WhatsApp-Image-2022-07-25-at-20.16.33-720x480.jpeg 720w, https:\/\/besttwice.com.br\/site\/wp-content\/uploads\/2022\/07\/WhatsApp-Image-2022-07-25-at-20.16.33.jpeg 1280w\" sizes=\"(max-width: 616px) 100vw, 616px\" \/><figcaption>KIT FIGHT METER &#8211; manoplas de foco + componentes eletr\u00f4nicos + cases + APP<\/figcaption><\/figure><\/div>\n\n\n\n<div class=\"wp-block-image\"><figure class=\"aligncenter size-large is-resized\"><img decoding=\"async\" src=\"https:\/\/besttwice.com.br\/site\/wp-content\/uploads\/2022\/07\/WhatsApp-Image-2022-07-25-at-20.14.41-2-1024x1024.jpeg\" alt=\"\" class=\"wp-image-710\" width=\"609\" height=\"609\" srcset=\"https:\/\/besttwice.com.br\/site\/wp-content\/uploads\/2022\/07\/WhatsApp-Image-2022-07-25-at-20.14.41-2-1024x1024.jpeg 1024w, https:\/\/besttwice.com.br\/site\/wp-content\/uploads\/2022\/07\/WhatsApp-Image-2022-07-25-at-20.14.41-2-300x300.jpeg 300w, https:\/\/besttwice.com.br\/site\/wp-content\/uploads\/2022\/07\/WhatsApp-Image-2022-07-25-at-20.14.41-2-150x150.jpeg 150w, https:\/\/besttwice.com.br\/site\/wp-content\/uploads\/2022\/07\/WhatsApp-Image-2022-07-25-at-20.14.41-2-768x768.jpeg 768w, https:\/\/besttwice.com.br\/site\/wp-content\/uploads\/2022\/07\/WhatsApp-Image-2022-07-25-at-20.14.41-2.jpeg 1280w\" sizes=\"(max-width: 609px) 100vw, 609px\" \/><figcaption>Apresenta\u00e7\u00e3o do FIGHT METER no evento AFC &#8211; S\u00e3o Vicente<\/figcaption><\/figure><\/div>\n\n\n\n<p>Ao praticar o boxe, identifiquei algumas lacunas nesse esporte: Quais s\u00e3o os resultados de treinos? Como s\u00e3o medidos? Onde s\u00e3o registrados e arquivados? Como o desempenho \u00e9 avaliado? E foi o que criamos, uma solu\u00e7\u00e3o que pudesse juntar essas lacunas e fornecer informa\u00e7\u00f5es capazes de transformar o comportamento atrav\u00e9s do esporte, explica o CEO da Best Twice Marcelo Garcez.<\/p>\n\n\n\n<div class=\"wp-block-image\"><figure class=\"aligncenter size-large is-resized\"><img loading=\"lazy\" decoding=\"async\" src=\"https:\/\/besttwice.com.br\/site\/wp-content\/uploads\/2022\/07\/WhatsApp-Image-2022-07-25-at-20.14.41-1-1024x1024.jpeg\" alt=\"\" class=\"wp-image-709\" width=\"612\" height=\"612\" srcset=\"https:\/\/besttwice.com.br\/site\/wp-content\/uploads\/2022\/07\/WhatsApp-Image-2022-07-25-at-20.14.41-1-1024x1024.jpeg 1024w, https:\/\/besttwice.com.br\/site\/wp-content\/uploads\/2022\/07\/WhatsApp-Image-2022-07-25-at-20.14.41-1-300x300.jpeg 300w, https:\/\/besttwice.com.br\/site\/wp-content\/uploads\/2022\/07\/WhatsApp-Image-2022-07-25-at-20.14.41-1-150x150.jpeg 150w, https:\/\/besttwice.com.br\/site\/wp-content\/uploads\/2022\/07\/WhatsApp-Image-2022-07-25-at-20.14.41-1-768x768.jpeg 768w, https:\/\/besttwice.com.br\/site\/wp-content\/uploads\/2022\/07\/WhatsApp-Image-2022-07-25-at-20.14.41-1.jpeg 1280w\" sizes=\"(max-width: 612px) 100vw, 612px\" \/><figcaption>Presen\u00e7a do ilustre Carlinhos Fura\u00e7\u00e3o na apresenta\u00e7\u00e3o do FIGHT METER<\/figcaption><\/figure><\/div>\n\n\n\n<p>O FIGHT METER \u00e9 um APP, com tecnologia nacional, que recebe as informa\u00e7\u00f5es dos golpes dados nos treinos, atrav\u00e9s de sensores inseridos nos acess\u00f3rios de lutas, e transforma em resultados em tempo real. Os resultados apresentados s\u00e3o a quantidade de golpes; a quantidade de golpes solicitados, a m\u00e9dia de acertos e a m\u00e9dia de tempo de rea\u00e7\u00e3o; a maior pot\u00eancia e a pot\u00eancia m\u00e9dia, de forma consolidada, somente da m\u00e3o esquerda e somente da m\u00e3o direita.<\/p>\n\n\n\n<div class=\"wp-block-image\"><figure class=\"aligncenter size-large is-resized\"><img loading=\"lazy\" decoding=\"async\" src=\"https:\/\/besttwice.com.br\/site\/wp-content\/uploads\/2022\/07\/WhatsApp-Image-2022-07-25-at-20.18.36-1024x682.jpeg\" alt=\"\" class=\"wp-image-712\" width=\"619\" height=\"412\" srcset=\"https:\/\/besttwice.com.br\/site\/wp-content\/uploads\/2022\/07\/WhatsApp-Image-2022-07-25-at-20.18.36-1024x682.jpeg 1024w, https:\/\/besttwice.com.br\/site\/wp-content\/uploads\/2022\/07\/WhatsApp-Image-2022-07-25-at-20.18.36-300x200.jpeg 300w, https:\/\/besttwice.com.br\/site\/wp-content\/uploads\/2022\/07\/WhatsApp-Image-2022-07-25-at-20.18.36-768x512.jpeg 768w, https:\/\/besttwice.com.br\/site\/wp-content\/uploads\/2022\/07\/WhatsApp-Image-2022-07-25-at-20.18.36-720x480.jpeg 720w, https:\/\/besttwice.com.br\/site\/wp-content\/uploads\/2022\/07\/WhatsApp-Image-2022-07-25-at-20.18.36.jpeg 1280w\" sizes=\"(max-width: 619px) 100vw, 619px\" \/><figcaption>Manopla de foco espec\u00edfica para a inser\u00e7\u00e3o dos componentes eletr\u00f4nicos<\/figcaption><\/figure><\/div>\n\n\n\n<p>Esses resultados podem ser vistos em forma gr\u00e1fica, no pr\u00f3prio smartphone, no treino, no dia e no m\u00eas e tamb\u00e9m migram para uma plataforma Web onde os profissionais poder\u00e3o analisar o desempenho e a evolu\u00e7\u00e3o entre os treinos de cada atleta e planejar as a\u00e7\u00f5es de forma individual e coletiva para buscar os objetivos definidos.<\/p>\n\n\n\n<div class=\"wp-block-image\"><figure class=\"aligncenter size-large is-resized\"><img loading=\"lazy\" decoding=\"async\" src=\"https:\/\/besttwice.com.br\/site\/wp-content\/uploads\/2022\/07\/WhatsApp-Image-2022-05-20-at-15.55.42-472x1024.jpeg\" alt=\"\" class=\"wp-image-723\" width=\"236\" height=\"512\" srcset=\"https:\/\/besttwice.com.br\/site\/wp-content\/uploads\/2022\/07\/WhatsApp-Image-2022-05-20-at-15.55.42-472x1024.jpeg 472w, https:\/\/besttwice.com.br\/site\/wp-content\/uploads\/2022\/07\/WhatsApp-Image-2022-05-20-at-15.55.42-138x300.jpeg 138w, https:\/\/besttwice.com.br\/site\/wp-content\/uploads\/2022\/07\/WhatsApp-Image-2022-05-20-at-15.55.42-708x1536.jpeg 708w, https:\/\/besttwice.com.br\/site\/wp-content\/uploads\/2022\/07\/WhatsApp-Image-2022-05-20-at-15.55.42.jpeg 738w\" sizes=\"(max-width: 236px) 100vw, 236px\" \/><figcaption>Gr\u00e1ficos dos resultados para acompanhar o desempenho entre os treinos <\/figcaption><\/figure><\/div>\n\n\n\n<p>\u00c9 a tecnologia de ponta apoiando os treinadores, personal, equipes e atletas no conhecimento dos resultados e do desempenho. As informa\u00e7\u00f5es dos treinos dos atletas, na plataforma, poder\u00e3o ser usadas pelas Ligas, Uni\u00f5es, Est\u00fadios, Equipes, Academias, Conselhos, Organiza\u00e7\u00f5es, Comit\u00eas, Federa\u00e7\u00f5es e Confedera\u00e7\u00f5es etc. na classifica\u00e7\u00e3o e escolha dos melhores atletas para participa\u00e7\u00e3o em seus diversos eventos.<\/p>\n\n\n\n<p>Mais informa\u00e7\u00f5es poder\u00e3o ser obtidas no site: https:\/\/www.fightmeter.com.br<\/p>\n","protected":false},"excerpt":{"rendered":"<p>A Startup BEST TWICE, pertencente ao ecossistema de Inova\u00e7\u00e3o da Baixada Santista, apresentou o FIGHT METER, na linha das Sporttechs, no evento de lutas mistas AFC 2022, que ocorreu no \u00faltimo dia 16 de julho de 2022 no clube Tumiar\u00fa em S\u00e3o Vicente. Ao praticar o boxe, identifiquei algumas lacunas nesse esporte: Quais s\u00e3o os [&hellip;]<\/p>\n","protected":false},"author":1,"featured_media":0,"parent":0,"menu_order":0,"comment_status":"closed","ping_status":"closed","template":"","meta":{"footnotes":""},"class_list":["post-706","page","type-page","status-publish","hentry"],"yoast_head":"<!-- This site is optimized with the Yoast SEO plugin v27.6 - https:\/\/yoast.com\/product\/yoast-seo-wordpress\/ -->\n<title>Startup desenvolve solu\u00e7\u00e3o tecnol\u00f3gica que apoia os treinadores e atletas das lutas no conhecimento dos resultados dos treinos em tempo real. - BEST TWICE<\/title>\n<meta name=\"robots\" content=\"index, follow, max-snippet:-1, max-image-preview:large, max-video-preview:-1\" \/>\n<link rel=\"canonical\" href=\"https:\/\/besttwice.com.br\/site\/startup-desenvolve-solucao-tecnologica-que-apoia-os-treinadores-e-atletas-das-lutas-no-conhecimento-dos-resultados-dos-treinos-em-tempo-real\/\" \/>\n<meta property=\"og:locale\" content=\"pt_BR\" \/>\n<meta property=\"og:type\" content=\"article\" \/>\n<meta property=\"og:title\" content=\"Startup desenvolve solu\u00e7\u00e3o tecnol\u00f3gica que apoia os treinadores e atletas das lutas no conhecimento dos resultados dos treinos em tempo real. - BEST TWICE\" \/>\n<meta property=\"og:description\" content=\"A Startup BEST TWICE, pertencente ao ecossistema de Inova\u00e7\u00e3o da Baixada Santista, apresentou o FIGHT METER, na linha das Sporttechs, no evento de lutas mistas AFC 2022, que ocorreu no \u00faltimo dia 16 de julho de 2022 no clube Tumiar\u00fa em S\u00e3o Vicente. Ao praticar o boxe, identifiquei algumas lacunas nesse esporte: Quais s\u00e3o os [&hellip;]\" \/>\n<meta property=\"og:url\" content=\"https:\/\/besttwice.com.br\/site\/startup-desenvolve-solucao-tecnologica-que-apoia-os-treinadores-e-atletas-das-lutas-no-conhecimento-dos-resultados-dos-treinos-em-tempo-real\/\" \/>\n<meta property=\"og:site_name\" content=\"BEST TWICE\" \/>\n<meta property=\"article:modified_time\" content=\"2022-07-27T01:01:55+00:00\" \/>\n<meta property=\"og:image\" content=\"https:\/\/besttwice.com.br\/site\/wp-content\/uploads\/2022\/07\/logo-png-5.png\" \/>\n<meta name=\"twitter:card\" content=\"summary_large_image\" \/>\n<meta name=\"twitter:label1\" content=\"Est. tempo de leitura\" \/>\n\t<meta name=\"twitter:data1\" content=\"4 minutos\" \/>\n<script type=\"application\/ld+json\" class=\"yoast-schema-graph\">{\"@context\":\"https:\\\/\\\/schema.org\",\"@graph\":[{\"@type\":\"WebPage\",\"@id\":\"https:\\\/\\\/besttwice.com.br\\\/site\\\/startup-desenvolve-solucao-tecnologica-que-apoia-os-treinadores-e-atletas-das-lutas-no-conhecimento-dos-resultados-dos-treinos-em-tempo-real\\\/\",\"url\":\"https:\\\/\\\/besttwice.com.br\\\/site\\\/startup-desenvolve-solucao-tecnologica-que-apoia-os-treinadores-e-atletas-das-lutas-no-conhecimento-dos-resultados-dos-treinos-em-tempo-real\\\/\",\"name\":\"Startup desenvolve solu\u00e7\u00e3o tecnol\u00f3gica que apoia os treinadores e atletas das lutas no conhecimento dos resultados dos treinos em tempo real. - BEST TWICE\",\"isPartOf\":{\"@id\":\"https:\\\/\\\/besttwice.com.br\\\/site\\\/#website\"},\"primaryImageOfPage\":{\"@id\":\"https:\\\/\\\/besttwice.com.br\\\/site\\\/startup-desenvolve-solucao-tecnologica-que-apoia-os-treinadores-e-atletas-das-lutas-no-conhecimento-dos-resultados-dos-treinos-em-tempo-real\\\/#primaryimage\"},\"image\":{\"@id\":\"https:\\\/\\\/besttwice.com.br\\\/site\\\/startup-desenvolve-solucao-tecnologica-que-apoia-os-treinadores-e-atletas-das-lutas-no-conhecimento-dos-resultados-dos-treinos-em-tempo-real\\\/#primaryimage\"},\"thumbnailUrl\":\"https:\\\/\\\/besttwice.com.br\\\/site\\\/wp-content\\\/uploads\\\/2022\\\/07\\\/logo-png-5.png\",\"datePublished\":\"2022-07-27T00:35:17+00:00\",\"dateModified\":\"2022-07-27T01:01:55+00:00\",\"breadcrumb\":{\"@id\":\"https:\\\/\\\/besttwice.com.br\\\/site\\\/startup-desenvolve-solucao-tecnologica-que-apoia-os-treinadores-e-atletas-das-lutas-no-conhecimento-dos-resultados-dos-treinos-em-tempo-real\\\/#breadcrumb\"},\"inLanguage\":\"pt-BR\",\"potentialAction\":[{\"@type\":\"ReadAction\",\"target\":[\"https:\\\/\\\/besttwice.com.br\\\/site\\\/startup-desenvolve-solucao-tecnologica-que-apoia-os-treinadores-e-atletas-das-lutas-no-conhecimento-dos-resultados-dos-treinos-em-tempo-real\\\/\"]}]},{\"@type\":\"ImageObject\",\"inLanguage\":\"pt-BR\",\"@id\":\"https:\\\/\\\/besttwice.com.br\\\/site\\\/startup-desenvolve-solucao-tecnologica-que-apoia-os-treinadores-e-atletas-das-lutas-no-conhecimento-dos-resultados-dos-treinos-em-tempo-real\\\/#primaryimage\",\"url\":\"https:\\\/\\\/besttwice.com.br\\\/site\\\/wp-content\\\/uploads\\\/2022\\\/07\\\/logo-png-5.png\",\"contentUrl\":\"https:\\\/\\\/besttwice.com.br\\\/site\\\/wp-content\\\/uploads\\\/2022\\\/07\\\/logo-png-5.png\",\"width\":746,\"height\":979},{\"@type\":\"BreadcrumbList\",\"@id\":\"https:\\\/\\\/besttwice.com.br\\\/site\\\/startup-desenvolve-solucao-tecnologica-que-apoia-os-treinadores-e-atletas-das-lutas-no-conhecimento-dos-resultados-dos-treinos-em-tempo-real\\\/#breadcrumb\",\"itemListElement\":[{\"@type\":\"ListItem\",\"position\":1,\"name\":\"In\u00edcio\",\"item\":\"https:\\\/\\\/besttwice.com.br\\\/site\\\/\"},{\"@type\":\"ListItem\",\"position\":2,\"name\":\"Startup desenvolve solu\u00e7\u00e3o tecnol\u00f3gica que apoia os treinadores e atletas das lutas no conhecimento dos resultados dos treinos em tempo real.\"}]},{\"@type\":\"WebSite\",\"@id\":\"https:\\\/\\\/besttwice.com.br\\\/site\\\/#website\",\"url\":\"https:\\\/\\\/besttwice.com.br\\\/site\\\/\",\"name\":\"BEST TWICE\",\"description\":\"Pesquisar os problemas do cotidiano e buscar formas de reduzir seus efeitos.\",\"potentialAction\":[{\"@type\":\"SearchAction\",\"target\":{\"@type\":\"EntryPoint\",\"urlTemplate\":\"https:\\\/\\\/besttwice.com.br\\\/site\\\/?s={search_term_string}\"},\"query-input\":{\"@type\":\"PropertyValueSpecification\",\"valueRequired\":true,\"valueName\":\"search_term_string\"}}],\"inLanguage\":\"pt-BR\"}]}<\/script>\n<!-- \/ Yoast SEO plugin. -->","yoast_head_json":{"title":"Startup desenvolve solu\u00e7\u00e3o tecnol\u00f3gica que apoia os treinadores e atletas das lutas no conhecimento dos resultados dos treinos em tempo real. - BEST TWICE","robots":{"index":"index","follow":"follow","max-snippet":"max-snippet:-1","max-image-preview":"max-image-preview:large","max-video-preview":"max-video-preview:-1"},"canonical":"https:\/\/besttwice.com.br\/site\/startup-desenvolve-solucao-tecnologica-que-apoia-os-treinadores-e-atletas-das-lutas-no-conhecimento-dos-resultados-dos-treinos-em-tempo-real\/","og_locale":"pt_BR","og_type":"article","og_title":"Startup desenvolve solu\u00e7\u00e3o tecnol\u00f3gica que apoia os treinadores e atletas das lutas no conhecimento dos resultados dos treinos em tempo real. - BEST TWICE","og_description":"A Startup BEST TWICE, pertencente ao ecossistema de Inova\u00e7\u00e3o da Baixada Santista, apresentou o FIGHT METER, na linha das Sporttechs, no evento de lutas mistas AFC 2022, que ocorreu no \u00faltimo dia 16 de julho de 2022 no clube Tumiar\u00fa em S\u00e3o Vicente. Ao praticar o boxe, identifiquei algumas lacunas nesse esporte: Quais s\u00e3o os [&hellip;]","og_url":"https:\/\/besttwice.com.br\/site\/startup-desenvolve-solucao-tecnologica-que-apoia-os-treinadores-e-atletas-das-lutas-no-conhecimento-dos-resultados-dos-treinos-em-tempo-real\/","og_site_name":"BEST TWICE","article_modified_time":"2022-07-27T01:01:55+00:00","og_image":[{"url":"https:\/\/besttwice.com.br\/site\/wp-content\/uploads\/2022\/07\/logo-png-5.png","type":"","width":"","height":""}],"twitter_card":"summary_large_image","twitter_misc":{"Est. tempo de leitura":"4 minutos"},"schema":{"@context":"https:\/\/schema.org","@graph":[{"@type":"WebPage","@id":"https:\/\/besttwice.com.br\/site\/startup-desenvolve-solucao-tecnologica-que-apoia-os-treinadores-e-atletas-das-lutas-no-conhecimento-dos-resultados-dos-treinos-em-tempo-real\/","url":"https:\/\/besttwice.com.br\/site\/startup-desenvolve-solucao-tecnologica-que-apoia-os-treinadores-e-atletas-das-lutas-no-conhecimento-dos-resultados-dos-treinos-em-tempo-real\/","name":"Startup desenvolve solu\u00e7\u00e3o tecnol\u00f3gica que apoia os treinadores e atletas das lutas no conhecimento dos resultados dos treinos em tempo real. - BEST TWICE","isPartOf":{"@id":"https:\/\/besttwice.com.br\/site\/#website"},"primaryImageOfPage":{"@id":"https:\/\/besttwice.com.br\/site\/startup-desenvolve-solucao-tecnologica-que-apoia-os-treinadores-e-atletas-das-lutas-no-conhecimento-dos-resultados-dos-treinos-em-tempo-real\/#primaryimage"},"image":{"@id":"https:\/\/besttwice.com.br\/site\/startup-desenvolve-solucao-tecnologica-que-apoia-os-treinadores-e-atletas-das-lutas-no-conhecimento-dos-resultados-dos-treinos-em-tempo-real\/#primaryimage"},"thumbnailUrl":"https:\/\/besttwice.com.br\/site\/wp-content\/uploads\/2022\/07\/logo-png-5.png","datePublished":"2022-07-27T00:35:17+00:00","dateModified":"2022-07-27T01:01:55+00:00","breadcrumb":{"@id":"https:\/\/besttwice.com.br\/site\/startup-desenvolve-solucao-tecnologica-que-apoia-os-treinadores-e-atletas-das-lutas-no-conhecimento-dos-resultados-dos-treinos-em-tempo-real\/#breadcrumb"},"inLanguage":"pt-BR","potentialAction":[{"@type":"ReadAction","target":["https:\/\/besttwice.com.br\/site\/startup-desenvolve-solucao-tecnologica-que-apoia-os-treinadores-e-atletas-das-lutas-no-conhecimento-dos-resultados-dos-treinos-em-tempo-real\/"]}]},{"@type":"ImageObject","inLanguage":"pt-BR","@id":"https:\/\/besttwice.com.br\/site\/startup-desenvolve-solucao-tecnologica-que-apoia-os-treinadores-e-atletas-das-lutas-no-conhecimento-dos-resultados-dos-treinos-em-tempo-real\/#primaryimage","url":"https:\/\/besttwice.com.br\/site\/wp-content\/uploads\/2022\/07\/logo-png-5.png","contentUrl":"https:\/\/besttwice.com.br\/site\/wp-content\/uploads\/2022\/07\/logo-png-5.png","width":746,"height":979},{"@type":"BreadcrumbList","@id":"https:\/\/besttwice.com.br\/site\/startup-desenvolve-solucao-tecnologica-que-apoia-os-treinadores-e-atletas-das-lutas-no-conhecimento-dos-resultados-dos-treinos-em-tempo-real\/#breadcrumb","itemListElement":[{"@type":"ListItem","position":1,"name":"In\u00edcio","item":"https:\/\/besttwice.com.br\/site\/"},{"@type":"ListItem","position":2,"name":"Startup desenvolve solu\u00e7\u00e3o tecnol\u00f3gica que apoia os treinadores e atletas das lutas no conhecimento dos resultados dos treinos em tempo real."}]},{"@type":"WebSite","@id":"https:\/\/besttwice.com.br\/site\/#website","url":"https:\/\/besttwice.com.br\/site\/","name":"BEST TWICE","description":"Pesquisar os problemas do cotidiano e buscar formas de reduzir seus efeitos.","potentialAction":[{"@type":"SearchAction","target":{"@type":"EntryPoint","urlTemplate":"https:\/\/besttwice.com.br\/site\/?s={search_term_string}"},"query-input":{"@type":"PropertyValueSpecification","valueRequired":true,"valueName":"search_term_string"}}],"inLanguage":"pt-BR"}]}},"_links":{"self":[{"href":"https:\/\/besttwice.com.br\/site\/wp-json\/wp\/v2\/pages\/706","targetHints":{"allow":["GET"]}}],"collection":[{"href":"https:\/\/besttwice.com.br\/site\/wp-json\/wp\/v2\/pages"}],"about":[{"href":"https:\/\/besttwice.com.br\/site\/wp-json\/wp\/v2\/types\/page"}],"author":[{"embeddable":true,"href":"https:\/\/besttwice.com.br\/site\/wp-json\/wp\/v2\/users\/1"}],"replies":[{"embeddable":true,"href":"https:\/\/besttwice.com.br\/site\/wp-json\/wp\/v2\/comments?post=706"}],"version-history":[{"count":9,"href":"https:\/\/besttwice.com.br\/site\/wp-json\/wp\/v2\/pages\/706\/revisions"}],"predecessor-version":[{"id":729,"href":"https:\/\/besttwice.com.br\/site\/wp-json\/wp\/v2\/pages\/706\/revisions\/729"}],"wp:attachment":[{"href":"https:\/\/besttwice.com.br\/site\/wp-json\/wp\/v2\/media?parent=706"}],"curies":[{"name":"wp","href":"https:\/\/api.w.org\/{rel}","templated":true}]}}