{"id":45,"date":"2020-05-22T19:02:18","date_gmt":"2020-05-22T19:02:18","guid":{"rendered":"https:\/\/besttwice.com.br\/site\/?page_id=45"},"modified":"2020-05-25T17:30:12","modified_gmt":"2020-05-25T17:30:12","slug":"signalvault","status":"publish","type":"page","link":"https:\/\/besttwice.com.br\/site\/signalvault\/","title":{"rendered":"SIGNALVAULT"},"content":{"rendered":"\n<h1 class=\"wp-block-heading\">O cart\u00e3o inteligente SIGNALVAULT&nbsp;\u00e9&nbsp;o \u00daNICO produto no Brasil que protege os seus cart\u00f5es de cr\u00e9dito, de d\u00e9bito e de transportes, que usam tecnologia RFID e NFC, contra o roubo eletr\u00f4nico de informa\u00e7\u00f5es.<\/h1>\n\n\n\n<div class=\"wp-block-image\"><figure class=\"aligncenter size-large is-resized\"><img fetchpriority=\"high\" decoding=\"async\" src=\"https:\/\/besttwice.com.br\/site\/wp-content\/uploads\/2020\/05\/44790574_557264958070041_8120319436176490496_n-1024x1024.jpg\" alt=\"\" class=\"wp-image-98\" width=\"379\" height=\"377\"\/><\/figure><\/div>\n\n\n\n<div class=\"wp-block-image\"><figure class=\"aligncenter size-large is-resized\"><img decoding=\"async\" src=\"https:\/\/besttwice.com.br\/site\/wp-content\/uploads\/2020\/05\/DB5YGKuUIAAE5y-.jpg\" alt=\"\" class=\"wp-image-101\" width=\"378\" height=\"376\"\/><\/figure><\/div>\n\n\n\n<div class=\"wp-block-image\"><figure class=\"aligncenter size-large is-resized\"><img decoding=\"async\" src=\"https:\/\/besttwice.com.br\/site\/wp-content\/uploads\/2020\/05\/37771020_1313853822089997_1321384527276277760_n-1024x680.jpg\" alt=\"\" class=\"wp-image-97\" width=\"349\" height=\"231\" srcset=\"https:\/\/besttwice.com.br\/site\/wp-content\/uploads\/2020\/05\/37771020_1313853822089997_1321384527276277760_n-1024x680.jpg 1024w, https:\/\/besttwice.com.br\/site\/wp-content\/uploads\/2020\/05\/37771020_1313853822089997_1321384527276277760_n-300x199.jpg 300w, https:\/\/besttwice.com.br\/site\/wp-content\/uploads\/2020\/05\/37771020_1313853822089997_1321384527276277760_n-768x510.jpg 768w, https:\/\/besttwice.com.br\/site\/wp-content\/uploads\/2020\/05\/37771020_1313853822089997_1321384527276277760_n.jpg 1080w\" sizes=\"(max-width: 349px) 100vw, 349px\" \/><\/figure><\/div>\n\n\n\n<h1 class=\"has-text-align-center wp-block-heading\">COMPRAR (2 cart\u00f5es pelo pre\u00e7o de 1) aqui:<\/h1>\n\n\n\n<div class=\"wp-block-image\"><figure class=\"aligncenter size-large is-resized\"><img loading=\"lazy\" decoding=\"async\" src=\"https:\/\/besttwice.com.br\/site\/wp-content\/uploads\/2020\/05\/carrinho-de-supermercado-miniatura-D_NQ_NP_7685-MLB5261953007_102013-F.jpg\" alt=\"\" class=\"wp-image-128\" width=\"300\" height=\"300\" srcset=\"https:\/\/besttwice.com.br\/site\/wp-content\/uploads\/2020\/05\/carrinho-de-supermercado-miniatura-D_NQ_NP_7685-MLB5261953007_102013-F.jpg 1000w, https:\/\/besttwice.com.br\/site\/wp-content\/uploads\/2020\/05\/carrinho-de-supermercado-miniatura-D_NQ_NP_7685-MLB5261953007_102013-F-300x300.jpg 300w, https:\/\/besttwice.com.br\/site\/wp-content\/uploads\/2020\/05\/carrinho-de-supermercado-miniatura-D_NQ_NP_7685-MLB5261953007_102013-F-150x150.jpg 150w, https:\/\/besttwice.com.br\/site\/wp-content\/uploads\/2020\/05\/carrinho-de-supermercado-miniatura-D_NQ_NP_7685-MLB5261953007_102013-F-768x768.jpg 768w\" sizes=\"(max-width: 300px) 100vw, 300px\" \/><\/figure><\/div>\n\n\n\n<h1 class=\"has-text-align-center wp-block-heading\"><a href=\"https:\/\/loja.besttwice.com.br\/pd-4c7c31-cartao-protetor-contra-roubo-de-informacoes-elet-de-cartoes-kit-c-2.html?ct=1cb982&amp;p=1&amp;s=1\" target=\"_blank\" rel=\"noreferrer noopener\">LOJA VIRTUAL.<\/a><\/h1>\n\n\n\n<h1 class=\"wp-block-heading\">SOBRE A SIGNALVAULT<\/h1>\n\n\n\n<p>O cart\u00e3o protetor SignalVault \u00e9 a melhor defesa contra roubo eletr\u00f4nico de dados e de informa\u00e7\u00f5es do cart\u00e3o de cr\u00e9dito e de d\u00e9bito e do cart\u00e3o de transporte que usam a tecnologia RFID e NFC.<\/p>\n\n\n\n<p>Inventado pelo Especialista em Crimes de Computadores e Riscos de Computador, Chris Gilpin, foi apresentado em programas como o Shark Tank, The View, Good Morning America, Forbes e CNBC.<\/p>\n\n\n\n<p>O cart\u00e3o protetor SignalVault foi testado pelos Laborat\u00f3rios Qualtest e comprovou proteger os cart\u00f5es de cr\u00e9dito e de d\u00e9bito contra o roubo eletr\u00f4nico. Voc\u00ea pode visualizar esses resultados no arquivo abaixo.<\/p>\n\n\n\n<p><a href=\"http:\/\/amaralegarcez.com.br\/site\/wp-content\/uploads\/2017\/08\/Qualtest-Results.pdf\">Qualtest-Results<\/a><\/p>\n\n\n\n<h1 class=\"wp-block-heading\">FILMES<\/h1>\n\n\n\n<h1 class=\"wp-block-heading\">SIGNALVAULT na BEST TWICE<\/h1>\n\n\n\n<figure class=\"wp-block-embed-youtube wp-block-embed is-type-video is-provider-youtube wp-embed-aspect-16-9 wp-has-aspect-ratio\"><div class=\"wp-block-embed__wrapper\">\n<div class=\"epyt-video-wrapper\"><iframe  id=\"_ytid_38918\"  width=\"1170\" height=\"658\"  data-origwidth=\"1170\" data-origheight=\"658\"  data-relstop=\"1\" src=\"https:\/\/www.youtube.com\/embed\/6kNrXB8OXRM?enablejsapi=1&#038;autoplay=0&#038;cc_load_policy=0&#038;cc_lang_pref=&#038;iv_load_policy=1&#038;loop=0&#038;modestbranding=1&#038;rel=0&#038;fs=1&#038;playsinline=0&#038;autohide=2&#038;theme=dark&#038;color=red&#038;controls=1&#038;\" class=\"__youtube_prefs__  epyt-is-override  no-lazyload\" title=\"YouTube player\"  allow=\"fullscreen; accelerometer; autoplay; clipboard-write; encrypted-media; gyroscope; picture-in-picture\" allowfullscreen data-no-lazy=\"1\" data-skipgform_ajax_framebjll=\"\"><\/iframe><\/div>\n<\/div><\/figure>\n\n\n\n<h1 class=\"wp-block-heading\">SIGNALVAULT no SHARK TANK<\/h1>\n\n\n\n<figure class=\"wp-block-embed-youtube wp-block-embed is-type-video is-provider-youtube wp-embed-aspect-16-9 wp-has-aspect-ratio\"><div class=\"wp-block-embed__wrapper\">\n<div class=\"epyt-video-wrapper\"><iframe  id=\"_ytid_90759\"  width=\"1170\" height=\"658\"  data-origwidth=\"1170\" data-origheight=\"658\"  data-relstop=\"1\" src=\"https:\/\/www.youtube.com\/embed\/-lQZiGxJUBg?enablejsapi=1&#038;autoplay=0&#038;cc_load_policy=0&#038;cc_lang_pref=&#038;iv_load_policy=1&#038;loop=0&#038;modestbranding=1&#038;rel=0&#038;fs=1&#038;playsinline=0&#038;autohide=2&#038;theme=dark&#038;color=red&#038;controls=1&#038;\" class=\"__youtube_prefs__  epyt-is-override  no-lazyload\" title=\"YouTube player\"  allow=\"fullscreen; accelerometer; autoplay; clipboard-write; encrypted-media; gyroscope; picture-in-picture\" allowfullscreen data-no-lazy=\"1\" data-skipgform_ajax_framebjll=\"\"><\/iframe><\/div>\n<\/div><\/figure>\n\n\n\n<p class=\"has-medium-font-size\">Como os HACKERS podem ROUBAR suas informa\u00e7\u00f5es eletr\u00f4nicas dos cart\u00f5es de cr\u00e9dito, de d\u00e9bito e de transportes?<\/p>\n\n\n\n<figure class=\"wp-block-embed-youtube wp-block-embed is-type-video is-provider-youtube wp-embed-aspect-16-9 wp-has-aspect-ratio\"><div class=\"wp-block-embed__wrapper\">\n<div class=\"epyt-video-wrapper\"><iframe  id=\"_ytid_31951\"  width=\"1170\" height=\"658\"  data-origwidth=\"1170\" data-origheight=\"658\"  data-relstop=\"1\" src=\"https:\/\/www.youtube.com\/embed\/o_Qu736hFIU?enablejsapi=1&#038;autoplay=0&#038;cc_load_policy=0&#038;cc_lang_pref=&#038;iv_load_policy=1&#038;loop=0&#038;modestbranding=1&#038;rel=0&#038;fs=1&#038;playsinline=0&#038;autohide=2&#038;theme=dark&#038;color=red&#038;controls=1&#038;\" class=\"__youtube_prefs__  epyt-is-override  no-lazyload\" title=\"YouTube player\"  allow=\"fullscreen; accelerometer; autoplay; clipboard-write; encrypted-media; gyroscope; picture-in-picture\" allowfullscreen data-no-lazy=\"1\" data-skipgform_ajax_framebjll=\"\"><\/iframe><\/div>\n<\/div><\/figure>\n\n\n\n<p><\/p>\n\n\n\n<h1 class=\"wp-block-heading\">PROBLEMA<\/h1>\n\n\n\n<p>A tecnologia RFID (\u201cRadio Frequency Identificativos\u201d) e a NFC (Near Field Communication) s\u00e3o as grandes estrelas do momento. Com elas \u00e9 poss\u00edvel a captura autom\u00e1tica de dados, para identifica\u00e7\u00e3o de objetos com dispositivos eletr\u00f4nicos, conhecidos como tag ou transponders.<\/p>\n\n\n\n<p>Em dire\u00e7\u00e3o contr\u00e1ria a essa facilidade tecnol\u00f3gica, vem a quest\u00e3o da seguran\u00e7a, pois, nenhum sistema \u00e9 totalmente seguro. Quando o assunto \u00e9 fraudes, a criatividade parece estar sem limites. Certamente, este \u00e9 um dos maiores desafios para a ind\u00fastria e com\u00e9rcio mundial, como combater as possibilidades de fraudes em uma tecnologia que visa facilitar a nossa vida.<\/p>\n\n\n\n<div class=\"wp-block-image\"><figure class=\"aligncenter is-resized\"><img loading=\"lazy\" decoding=\"async\" src=\"http:\/\/amaralegarcez.com.br\/site\/wp-content\/uploads\/2017\/08\/ladr%C3%A3o.jpg\" alt=\"ladr\u00e3o\" class=\"wp-image-699\" width=\"418\" height=\"278\"\/><\/figure><\/div>\n\n\n\n<p>Com o advento dos dispositivos de leitura de RFID e NFC, agora, os ladr\u00f5es passam a ter condi\u00e7\u00f5es de obter seu n\u00famero do cart\u00e3o de cr\u00e9dito, de d\u00e9bito e de transporte e informa\u00e7\u00f5es pessoais, pressionando um bot\u00e3o em um pequeno controle remoto, tornando-o vulner\u00e1vel a fraude.<\/p>\n\n\n\n<div class=\"wp-block-image\"><figure class=\"aligncenter is-resized\"><img loading=\"lazy\" decoding=\"async\" src=\"http:\/\/amaralegarcez.com.br\/site\/wp-content\/uploads\/2017\/08\/ladr%C3%A3o-1.png\" alt=\"ladr\u00e3o 1\" class=\"wp-image-697\" width=\"371\" height=\"212\"\/><\/figure><\/div>\n\n\n\n<p>O que \u00e9 \u201chackeamento de multid\u00f5es\u201d? O &#8220;hackeamento de multid\u00f5es&#8221; pode ocorrer em qualquer lugar p\u00fablico, sendo mais comum em \u00e1reas com grande aglomera\u00e7\u00e3o, permitindo que o hacker obtenha v\u00e1rios n\u00fameros de cart\u00f5es de cr\u00e9dito ao mesmo tempo sem suscitar qualquer suspeita. Como o dispositivo de leitura de RFID \u00e9 t\u00e3o discreto e como pode n\u00e3o haver uma indica\u00e7\u00e3o inicial de que seu cart\u00e3o foi comprometido, at\u00e9 que as compras come\u00e7arem a ser feitas, a pirataria de multid\u00e3o \u00e9 um crime especialmente insidioso que pode colocar um grande risco em suas finan\u00e7as.<\/p>\n\n\n\n<h1 class=\"wp-block-heading\">SOLU\u00c7\u00c3O<\/h1>\n\n\n\n<p>A BEST TWICE, atrav\u00e9s da parceira entre a\u00a0Morciglio Group International (MGI) e a SignalVault, traz para o Brasil, o primeiro cart\u00e3o protetor inteligente, o SignalVault Card Protector.<\/p>\n\n\n\n<p>O SignalVault Card Protect protege seus novos cart\u00f5es de cr\u00e9dito \/ d\u00e9bito e transporte habilitados que usam a tecnologia RFID e NFC dos dispositivos de leitura de hackers e ladr\u00f5es de identidade, usando o microchip E-Field, que torna sua informa\u00e7\u00e3o invis\u00edvel, sem uso de baterias, sem cobran\u00e7as adicionais e sem necessidade de ativa\u00e7\u00e3o.<\/p>\n\n\n\n<div class=\"wp-block-image\"><figure class=\"aligncenter is-resized\"><img loading=\"lazy\" decoding=\"async\" src=\"http:\/\/amaralegarcez.com.br\/site\/wp-content\/uploads\/2017\/08\/RFID-1024x294.png\" alt=\"RFID\" class=\"wp-image-263\" width=\"460\" height=\"131\"\/><\/figure><\/div>\n\n\n\n<p>PERGUNTAS<\/p>\n\n\n\n<p>O SIGNALVAULT necessita de carregamento ou baterias?<\/p>\n\n\n\n<p>N\u00e3o. O SignalVault usa tecnologia E-Field, usando a energia de qualquer dispositivo que tente ler seus cart\u00f5es de cr\u00e9dito e \/ ou d\u00e9bito. N\u00e3o ser\u00e1 necess\u00e1rio recarregar ou trocar baterias ao longo de sua vida \u00fatil de 3 anos.<\/p>\n\n\n\n<p>Como o SIGNALVAULT funciona e quanto tempo dura?<\/p>\n\n\n\n<p>O microchip E-Field dentro do SignalVault tem uma vida \u00fatil baseada em ciclos de prote\u00e7\u00e3o. Um hacker tentando roubar sua informa\u00e7\u00e3o = 1 Ciclo de prote\u00e7\u00e3o. O microchip E-Field \u00e9 avaliado em 30,000 ou mais ciclos de prote\u00e7\u00e3o que \u00e9 prote\u00e7\u00e3o de 25 tentativas de hacks por dia durante tr\u00eas anos. Como n\u00e3o h\u00e1 como saber quantas vezes algu\u00e9m tentou roubar sua informa\u00e7\u00e3o ao longo dos anos, sugerimos a substitui\u00e7\u00e3o do SignalVault a cada 3 anos.<\/p>\n\n\n\n<div class=\"wp-block-image\"><figure class=\"aligncenter is-resized\"><img loading=\"lazy\" decoding=\"async\" src=\"http:\/\/amaralegarcez.com.br\/site\/wp-content\/uploads\/2017\/08\/Ship-1024x346.png\" alt=\"Ship\" class=\"wp-image-262\" width=\"448\" height=\"150\"\/><\/figure><\/div>\n\n\n\n<p>O SIGNALVAULT foi testado??<\/p>\n\n\n\n<p>Sim. O SignalVault foi testado pelo laborat\u00f3rio da Qualtest, Inc. (agora parte de N.T.S.) em sua C\u00e2mara de interfer\u00eancia eletromagn\u00e9tica. Testes provaram que o SignalVault efetivamente protege as informa\u00e7\u00f5es do cart\u00e3o de cr\u00e9dito e d\u00e9bito de tentativas n\u00e3o solicitadas para capturar suas informa\u00e7\u00f5es por roubo eletr\u00f4nico.<\/p>\n\n\n\n<p>Quantos SIGNALVAULTES devo usar na minha carteira?<\/p>\n\n\n\n<p>O SignalVault vem com instru\u00e7\u00f5es para diferentes estilos de carteira, mas uma carteira de dinheiro pode funcionar com apenas um SignalVault. Carteiras mais longas, mais altas ou mais largas precisam de dois SignalVaults, a menos que os cart\u00f5es sejam mantidos de um lado ou da metade da carteira. Voc\u00ea obt\u00e9m dois SignalVaults com cada compra para garantir que voc\u00ea esteja coberto em ambos os cen\u00e1rios.<\/p>\n\n\n\n<p>O SIGNALVAULT pode ser personalizado com a minha MARCA e LOGO?<\/p>\n\n\n\n<p>Sim! Personalizamos o SignalVault para clientes em todo o mundo. Eles s\u00e3o usados como itens promocionais e cart\u00f5es de neg\u00f3cios de alta tecnologia para empresas todos os tipos de empresas. Entre em contato conosco para saber mais.<\/p>\n\n\n\n<p class=\"has-text-align-center has-large-font-size\">COMPRAR<\/p>\n\n\n\n<div class=\"wp-block-image\"><figure class=\"aligncenter size-large is-resized\"><img loading=\"lazy\" decoding=\"async\" src=\"https:\/\/besttwice.com.br\/site\/wp-content\/uploads\/2020\/05\/carrinho-de-supermercado-miniatura-D_NQ_NP_7685-MLB5261953007_102013-F.jpg\" alt=\"\" class=\"wp-image-128\" width=\"304\" height=\"304\" srcset=\"https:\/\/besttwice.com.br\/site\/wp-content\/uploads\/2020\/05\/carrinho-de-supermercado-miniatura-D_NQ_NP_7685-MLB5261953007_102013-F.jpg 1000w, https:\/\/besttwice.com.br\/site\/wp-content\/uploads\/2020\/05\/carrinho-de-supermercado-miniatura-D_NQ_NP_7685-MLB5261953007_102013-F-300x300.jpg 300w, https:\/\/besttwice.com.br\/site\/wp-content\/uploads\/2020\/05\/carrinho-de-supermercado-miniatura-D_NQ_NP_7685-MLB5261953007_102013-F-150x150.jpg 150w, https:\/\/besttwice.com.br\/site\/wp-content\/uploads\/2020\/05\/carrinho-de-supermercado-miniatura-D_NQ_NP_7685-MLB5261953007_102013-F-768x768.jpg 768w\" sizes=\"(max-width: 304px) 100vw, 304px\" \/><\/figure><\/div>\n\n\n\n<h1 class=\"has-text-align-center wp-block-heading\"><a href=\"https:\/\/loja.besttwice.com.br\/pd-4c7c31-cartao-protetor-contra-roubo-de-informacoes-elet-de-cartoes-kit-c-2.html?ct=1cb982&amp;p=1&amp;s=1\" target=\"_blank\" rel=\"noreferrer noopener\">LOJA VIRTUAL.<\/a><\/h1>\n","protected":false},"excerpt":{"rendered":"<p>O cart\u00e3o inteligente SIGNALVAULT&nbsp;\u00e9&nbsp;o \u00daNICO produto no Brasil que protege os seus cart\u00f5es de cr\u00e9dito, de d\u00e9bito e de transportes, que usam tecnologia RFID e NFC, contra o roubo eletr\u00f4nico de informa\u00e7\u00f5es. COMPRAR (2 cart\u00f5es pelo pre\u00e7o de 1) aqui: LOJA VIRTUAL. SOBRE A SIGNALVAULT O cart\u00e3o protetor SignalVault \u00e9 a melhor defesa contra roubo [&hellip;]<\/p>\n","protected":false},"author":1,"featured_media":0,"parent":0,"menu_order":0,"comment_status":"closed","ping_status":"closed","template":"","meta":{"footnotes":""},"class_list":["post-45","page","type-page","status-publish","hentry"],"yoast_head":"<!-- This site is optimized with the Yoast SEO plugin v27.6 - https:\/\/yoast.com\/product\/yoast-seo-wordpress\/ -->\n<title>SIGNALVAULT - BEST TWICE<\/title>\n<meta name=\"robots\" content=\"index, follow, max-snippet:-1, max-image-preview:large, max-video-preview:-1\" \/>\n<link rel=\"canonical\" href=\"https:\/\/besttwice.com.br\/site\/signalvault\/\" \/>\n<meta property=\"og:locale\" content=\"pt_BR\" \/>\n<meta property=\"og:type\" content=\"article\" \/>\n<meta property=\"og:title\" content=\"SIGNALVAULT - BEST TWICE\" \/>\n<meta property=\"og:description\" content=\"O cart\u00e3o inteligente SIGNALVAULT&nbsp;\u00e9&nbsp;o \u00daNICO produto no Brasil que protege os seus cart\u00f5es de cr\u00e9dito, de d\u00e9bito e de transportes, que usam tecnologia RFID e NFC, contra o roubo eletr\u00f4nico de informa\u00e7\u00f5es. COMPRAR (2 cart\u00f5es pelo pre\u00e7o de 1) aqui: LOJA VIRTUAL. SOBRE A SIGNALVAULT O cart\u00e3o protetor SignalVault \u00e9 a melhor defesa contra roubo [&hellip;]\" \/>\n<meta property=\"og:url\" content=\"https:\/\/besttwice.com.br\/site\/signalvault\/\" \/>\n<meta property=\"og:site_name\" content=\"BEST TWICE\" \/>\n<meta property=\"article:modified_time\" content=\"2020-05-25T17:30:12+00:00\" \/>\n<meta property=\"og:image\" content=\"https:\/\/besttwice.com.br\/site\/wp-content\/uploads\/2020\/05\/44790574_557264958070041_8120319436176490496_n-1024x1024.jpg\" \/>\n<meta name=\"twitter:card\" content=\"summary_large_image\" \/>\n<meta name=\"twitter:label1\" content=\"Est. tempo de leitura\" \/>\n\t<meta name=\"twitter:data1\" content=\"4 minutos\" \/>\n<script type=\"application\/ld+json\" class=\"yoast-schema-graph\">{\"@context\":\"https:\\\/\\\/schema.org\",\"@graph\":[{\"@type\":\"WebPage\",\"@id\":\"https:\\\/\\\/besttwice.com.br\\\/site\\\/signalvault\\\/\",\"url\":\"https:\\\/\\\/besttwice.com.br\\\/site\\\/signalvault\\\/\",\"name\":\"SIGNALVAULT - BEST TWICE\",\"isPartOf\":{\"@id\":\"https:\\\/\\\/besttwice.com.br\\\/site\\\/#website\"},\"primaryImageOfPage\":{\"@id\":\"https:\\\/\\\/besttwice.com.br\\\/site\\\/signalvault\\\/#primaryimage\"},\"image\":{\"@id\":\"https:\\\/\\\/besttwice.com.br\\\/site\\\/signalvault\\\/#primaryimage\"},\"thumbnailUrl\":\"https:\\\/\\\/besttwice.com.br\\\/site\\\/wp-content\\\/uploads\\\/2020\\\/05\\\/44790574_557264958070041_8120319436176490496_n-1024x1024.jpg\",\"datePublished\":\"2020-05-22T19:02:18+00:00\",\"dateModified\":\"2020-05-25T17:30:12+00:00\",\"breadcrumb\":{\"@id\":\"https:\\\/\\\/besttwice.com.br\\\/site\\\/signalvault\\\/#breadcrumb\"},\"inLanguage\":\"pt-BR\",\"potentialAction\":[{\"@type\":\"ReadAction\",\"target\":[\"https:\\\/\\\/besttwice.com.br\\\/site\\\/signalvault\\\/\"]}]},{\"@type\":\"ImageObject\",\"inLanguage\":\"pt-BR\",\"@id\":\"https:\\\/\\\/besttwice.com.br\\\/site\\\/signalvault\\\/#primaryimage\",\"url\":\"https:\\\/\\\/besttwice.com.br\\\/site\\\/wp-content\\\/uploads\\\/2020\\\/05\\\/44790574_557264958070041_8120319436176490496_n.jpg\",\"contentUrl\":\"https:\\\/\\\/besttwice.com.br\\\/site\\\/wp-content\\\/uploads\\\/2020\\\/05\\\/44790574_557264958070041_8120319436176490496_n.jpg\",\"width\":1080,\"height\":1080},{\"@type\":\"BreadcrumbList\",\"@id\":\"https:\\\/\\\/besttwice.com.br\\\/site\\\/signalvault\\\/#breadcrumb\",\"itemListElement\":[{\"@type\":\"ListItem\",\"position\":1,\"name\":\"In\u00edcio\",\"item\":\"https:\\\/\\\/besttwice.com.br\\\/site\\\/\"},{\"@type\":\"ListItem\",\"position\":2,\"name\":\"SIGNALVAULT\"}]},{\"@type\":\"WebSite\",\"@id\":\"https:\\\/\\\/besttwice.com.br\\\/site\\\/#website\",\"url\":\"https:\\\/\\\/besttwice.com.br\\\/site\\\/\",\"name\":\"BEST TWICE\",\"description\":\"Pesquisar os problemas do cotidiano e buscar formas de reduzir seus efeitos.\",\"potentialAction\":[{\"@type\":\"SearchAction\",\"target\":{\"@type\":\"EntryPoint\",\"urlTemplate\":\"https:\\\/\\\/besttwice.com.br\\\/site\\\/?s={search_term_string}\"},\"query-input\":{\"@type\":\"PropertyValueSpecification\",\"valueRequired\":true,\"valueName\":\"search_term_string\"}}],\"inLanguage\":\"pt-BR\"}]}<\/script>\n<!-- \/ Yoast SEO plugin. -->","yoast_head_json":{"title":"SIGNALVAULT - BEST TWICE","robots":{"index":"index","follow":"follow","max-snippet":"max-snippet:-1","max-image-preview":"max-image-preview:large","max-video-preview":"max-video-preview:-1"},"canonical":"https:\/\/besttwice.com.br\/site\/signalvault\/","og_locale":"pt_BR","og_type":"article","og_title":"SIGNALVAULT - BEST TWICE","og_description":"O cart\u00e3o inteligente SIGNALVAULT&nbsp;\u00e9&nbsp;o \u00daNICO produto no Brasil que protege os seus cart\u00f5es de cr\u00e9dito, de d\u00e9bito e de transportes, que usam tecnologia RFID e NFC, contra o roubo eletr\u00f4nico de informa\u00e7\u00f5es. COMPRAR (2 cart\u00f5es pelo pre\u00e7o de 1) aqui: LOJA VIRTUAL. SOBRE A SIGNALVAULT O cart\u00e3o protetor SignalVault \u00e9 a melhor defesa contra roubo [&hellip;]","og_url":"https:\/\/besttwice.com.br\/site\/signalvault\/","og_site_name":"BEST TWICE","article_modified_time":"2020-05-25T17:30:12+00:00","og_image":[{"url":"https:\/\/besttwice.com.br\/site\/wp-content\/uploads\/2020\/05\/44790574_557264958070041_8120319436176490496_n-1024x1024.jpg","type":"","width":"","height":""}],"twitter_card":"summary_large_image","twitter_misc":{"Est. tempo de leitura":"4 minutos"},"schema":{"@context":"https:\/\/schema.org","@graph":[{"@type":"WebPage","@id":"https:\/\/besttwice.com.br\/site\/signalvault\/","url":"https:\/\/besttwice.com.br\/site\/signalvault\/","name":"SIGNALVAULT - BEST TWICE","isPartOf":{"@id":"https:\/\/besttwice.com.br\/site\/#website"},"primaryImageOfPage":{"@id":"https:\/\/besttwice.com.br\/site\/signalvault\/#primaryimage"},"image":{"@id":"https:\/\/besttwice.com.br\/site\/signalvault\/#primaryimage"},"thumbnailUrl":"https:\/\/besttwice.com.br\/site\/wp-content\/uploads\/2020\/05\/44790574_557264958070041_8120319436176490496_n-1024x1024.jpg","datePublished":"2020-05-22T19:02:18+00:00","dateModified":"2020-05-25T17:30:12+00:00","breadcrumb":{"@id":"https:\/\/besttwice.com.br\/site\/signalvault\/#breadcrumb"},"inLanguage":"pt-BR","potentialAction":[{"@type":"ReadAction","target":["https:\/\/besttwice.com.br\/site\/signalvault\/"]}]},{"@type":"ImageObject","inLanguage":"pt-BR","@id":"https:\/\/besttwice.com.br\/site\/signalvault\/#primaryimage","url":"https:\/\/besttwice.com.br\/site\/wp-content\/uploads\/2020\/05\/44790574_557264958070041_8120319436176490496_n.jpg","contentUrl":"https:\/\/besttwice.com.br\/site\/wp-content\/uploads\/2020\/05\/44790574_557264958070041_8120319436176490496_n.jpg","width":1080,"height":1080},{"@type":"BreadcrumbList","@id":"https:\/\/besttwice.com.br\/site\/signalvault\/#breadcrumb","itemListElement":[{"@type":"ListItem","position":1,"name":"In\u00edcio","item":"https:\/\/besttwice.com.br\/site\/"},{"@type":"ListItem","position":2,"name":"SIGNALVAULT"}]},{"@type":"WebSite","@id":"https:\/\/besttwice.com.br\/site\/#website","url":"https:\/\/besttwice.com.br\/site\/","name":"BEST TWICE","description":"Pesquisar os problemas do cotidiano e buscar formas de reduzir seus efeitos.","potentialAction":[{"@type":"SearchAction","target":{"@type":"EntryPoint","urlTemplate":"https:\/\/besttwice.com.br\/site\/?s={search_term_string}"},"query-input":{"@type":"PropertyValueSpecification","valueRequired":true,"valueName":"search_term_string"}}],"inLanguage":"pt-BR"}]}},"_links":{"self":[{"href":"https:\/\/besttwice.com.br\/site\/wp-json\/wp\/v2\/pages\/45","targetHints":{"allow":["GET"]}}],"collection":[{"href":"https:\/\/besttwice.com.br\/site\/wp-json\/wp\/v2\/pages"}],"about":[{"href":"https:\/\/besttwice.com.br\/site\/wp-json\/wp\/v2\/types\/page"}],"author":[{"embeddable":true,"href":"https:\/\/besttwice.com.br\/site\/wp-json\/wp\/v2\/users\/1"}],"replies":[{"embeddable":true,"href":"https:\/\/besttwice.com.br\/site\/wp-json\/wp\/v2\/comments?post=45"}],"version-history":[{"count":13,"href":"https:\/\/besttwice.com.br\/site\/wp-json\/wp\/v2\/pages\/45\/revisions"}],"predecessor-version":[{"id":260,"href":"https:\/\/besttwice.com.br\/site\/wp-json\/wp\/v2\/pages\/45\/revisions\/260"}],"wp:attachment":[{"href":"https:\/\/besttwice.com.br\/site\/wp-json\/wp\/v2\/media?parent=45"}],"curies":[{"name":"wp","href":"https:\/\/api.w.org\/{rel}","templated":true}]}}