{"id":43,"date":"2020-05-22T19:01:54","date_gmt":"2020-05-22T19:01:54","guid":{"rendered":"https:\/\/besttwice.com.br\/site\/?page_id=43"},"modified":"2020-05-25T17:33:13","modified_gmt":"2020-05-25T17:33:13","slug":"bioprotect","status":"publish","type":"page","link":"https:\/\/besttwice.com.br\/site\/bioprotect\/","title":{"rendered":"BIOPROTECT"},"content":{"rendered":"\n<div class=\"wp-block-image\"><figure class=\"aligncenter is-resized\"><img fetchpriority=\"high\" decoding=\"async\" src=\"http:\/\/amaralegarcez.com.br\/site\/wp-content\/uploads\/2017\/08\/Bioprotect-1.png\" alt=\"Bioprotect\" class=\"wp-image-544\" width=\"509\" height=\"279\"\/><\/figure><\/div>\n\n\n\n<figure class=\"wp-block-gallery columns-1 is-cropped wp-block-gallery-1 is-layout-flex wp-block-gallery-is-layout-flex\"><ul class=\"blocks-gallery-grid\"><li class=\"blocks-gallery-item\"><figure><img decoding=\"async\" width=\"500\" height=\"338\" src=\"https:\/\/besttwice.com.br\/site\/wp-content\/uploads\/2020\/05\/Certificado-Bioprotect.jpg\" alt=\"\" data-id=\"63\" data-full-url=\"https:\/\/besttwice.com.br\/site\/wp-content\/uploads\/2020\/05\/Certificado-Bioprotect.jpg\" data-link=\"https:\/\/besttwice.com.br\/site\/certificado-bioprotect\/\" class=\"wp-image-63\" srcset=\"https:\/\/besttwice.com.br\/site\/wp-content\/uploads\/2020\/05\/Certificado-Bioprotect.jpg 500w, https:\/\/besttwice.com.br\/site\/wp-content\/uploads\/2020\/05\/Certificado-Bioprotect-300x203.jpg 300w\" sizes=\"(max-width: 500px) 100vw, 500px\" \/><\/figure><\/li><\/ul><\/figure>\n\n\n\n<p>A&nbsp;BEST TWICE<strong>,&nbsp;<\/strong>atrav\u00e9s da parceria com a empresa alem\u00e3&nbsp;<strong>BioProtect,<\/strong>&nbsp;traz para o Brasil o&nbsp;<strong>Chip aderente BioProtect<\/strong>&nbsp;(para celular, telefone sem fio, dispositivos WiFi &amp; BabyTalks) e o&nbsp;<strong>Cart\u00e3o BioProtect Port\u00e1til<\/strong>, certificados pela Associa\u00e7\u00e3o Internacional de Pesquisas em Polui\u00e7\u00e3o Eletromagn\u00e9tica (<em>Internationale Gesellschaft fur Elektrosmog Forschung &#8211; IGEF<\/em>) e pelo Instituto de Pesquisa sobre Compatibilidade Eletromagn\u00e9tica (<em>Institute for Research on Electromagnetic Compatibility<\/em>&nbsp;&#8211; Chip BioProtect).<\/p>\n\n\n\n<h1 class=\"wp-block-heading\">PRODUTOS BIOPROTECT<\/h1>\n\n\n\n<h1 class=\"wp-block-heading\">CHIP ADERENTE BIOPROTECT<\/h1>\n\n\n\n<div class=\"wp-block-image\"><figure class=\"aligncenter\"><img decoding=\"async\" src=\"http:\/\/amaralegarcez.com.br\/site\/wp-content\/uploads\/2017\/08\/bio-6.png\" alt=\"bio 6\" class=\"wp-image-554\"\/><\/figure><\/div>\n\n\n\n<p>Ideal para telefones celulares, sem fio, dispositivos WiFi e BabyTalks.<\/p>\n\n\n\n<h1 class=\"has-text-align-center wp-block-heading\">COMPRAR<\/h1>\n\n\n\n<div class=\"wp-block-image\"><figure class=\"aligncenter is-resized\"><img decoding=\"async\" src=\"https:\/\/besttwice.com.br\/site\/wp-content\/uploads\/2020\/05\/carrinho-de-supermercado-miniatura-D_NQ_NP_7685-MLB5261953007_102013-F.jpg\" alt=\"\" width=\"341\" height=\"341\"\/><\/figure><\/div>\n\n\n\n<h1 class=\"has-text-align-center wp-block-heading\"><a href=\"https:\/\/loja.besttwice.com.br\/pd-50e92a-bioprotect-chip-aderente.html?ct=1e2b14&amp;p=1&amp;s=1\" target=\"_blank\" rel=\"noreferrer noopener\">LOJA VIRTUAL.<\/a><\/h1>\n\n\n\n<h1 class=\"wp-block-heading\">CART\u00c3O BIOPROTECT PORT\u00c1TIL<\/h1>\n\n\n\n<div class=\"wp-block-image\"><figure class=\"aligncenter\"><img decoding=\"async\" src=\"http:\/\/amaralegarcez.com.br\/site\/wp-content\/uploads\/2017\/08\/bio-7.png\" alt=\"bio 7\" class=\"wp-image-555\"\/><\/figure><\/div>\n\n\n\n<p>Ideal para ser transportado na bolsa ou disposto pr\u00f3ximo a aparelhos el\u00e9tricos ou eletr\u00f4nicos como computadores, televisores, fornos micro-ondas, tablets e notebooks.<\/p>\n\n\n\n<h1 class=\"has-text-align-center wp-block-heading\">COMPRAR<\/h1>\n\n\n\n<div class=\"wp-block-image\"><figure class=\"aligncenter is-resized\"><img loading=\"lazy\" decoding=\"async\" src=\"https:\/\/besttwice.com.br\/site\/wp-content\/uploads\/2020\/05\/carrinho-de-supermercado-miniatura-D_NQ_NP_7685-MLB5261953007_102013-F.jpg\" alt=\"\" width=\"346\" height=\"346\"\/><\/figure><\/div>\n\n\n\n<h1 class=\"has-text-align-center wp-block-heading\"><a href=\"https:\/\/loja.besttwice.com.br\/pd-50e92c-cartao-bioprotect-portatil.html?ct=1e2b16&amp;p=1&amp;s=1\" target=\"_blank\" rel=\"noreferrer noopener\">LOJA VIRTUAL.<\/a><\/h1>\n\n\n\n<p><strong>O PROBLEMA<\/strong><\/p>\n\n\n\n<p>O nosso corpo, al\u00e9m de um sistema qu\u00ed\u00admico, \u00e9 composto por c\u00e9lulas que se constituem de um sistema el\u00e9trico e s\u00e3o por isso, sens\u00ed\u00adveis a campos eletromagn\u00e9ticos. Cada dispositivo el\u00e9trico emite campos eletromagn\u00e9ticos de v\u00e1rios tipos, intencionalmente ou involuntariamente. H\u00e1 uma multid\u00e3o de frequ\u00eancias eletromagn\u00e9ticas em nosso meio ambiente que s\u00e3o milh\u00f5es de vezes mais fortes do que os campos naturais antes da eletrifica\u00e7\u00e3o. Cada c\u00e9lula viva, por sua vez, produz campos el\u00e9tricos e pode ser influenciada por campos el\u00e9tricos externos.<\/p>\n\n\n\n<p><strong><em>Influ\u00eancia dos Campos&nbsp;<\/em><\/strong><\/p>\n\n\n\n<div class=\"wp-block-group\"><div class=\"wp-block-group__inner-container is-layout-flow wp-block-group-is-layout-flow\">\n<figure class=\"wp-block-image is-resized\"><img loading=\"lazy\" decoding=\"async\" src=\"http:\/\/amaralegarcez.com.br\/site\/wp-content\/uploads\/2017\/08\/bio-1-150x150.jpg\" alt=\"bio 1\" class=\"wp-image-546\" width=\"150\" height=\"150\"\/><\/figure>\n<\/div><\/div>\n\n\n\n<figure class=\"wp-block-image is-resized\"><img loading=\"lazy\" decoding=\"async\" src=\"http:\/\/amaralegarcez.com.br\/site\/wp-content\/uploads\/2017\/08\/bio-2-150x150.png\" alt=\"bio 2\" class=\"wp-image-547\" width=\"156\" height=\"156\"\/><\/figure>\n\n\n\n<div class=\"wp-block-group\"><div class=\"wp-block-group__inner-container is-layout-flow wp-block-group-is-layout-flow\">\n<figure class=\"wp-block-image is-resized\"><img loading=\"lazy\" decoding=\"async\" src=\"http:\/\/amaralegarcez.com.br\/site\/wp-content\/uploads\/2017\/08\/bio-4-150x150.jpg\" alt=\"bio 4\" class=\"wp-image-549\" width=\"189\" height=\"189\"\/><\/figure>\n<\/div><\/div>\n\n\n\n<figure class=\"wp-block-image is-resized\"><img loading=\"lazy\" decoding=\"async\" src=\"http:\/\/amaralegarcez.com.br\/site\/wp-content\/uploads\/2017\/08\/bio-3-150x150.jpg\" alt=\"bio 3\" class=\"wp-image-548\" width=\"213\" height=\"213\"\/><\/figure>\n\n\n\n<p><strong>Pixabay<\/strong><\/p>\n\n\n\n<p><strong>&nbsp;O que a ci\u00eancia conhece sobre polui\u00e7\u00e3o eletromagn\u00e9tica<\/strong><\/p>\n\n\n\n<p>H\u00e1 uma s\u00e9rie de pesquisas cient\u00ed\u00adficas s\u00e9rias, como as da associa\u00e7\u00e3o de cientistas internacionais&nbsp;<strong><em>BioInitiative<\/em><\/strong><em>*<\/em>, que demonstram os efeitos biol\u00f3gicos negativos de certas ondas eletromagn\u00e9ticas, especialmente as de telefonia m\u00f3vel. Tem-se uma perturba\u00e7\u00e3o no transporte de \u00ed\u00adons das membranas da c\u00e9lula e uma prolifera\u00e7\u00e3o de radicais de oxig\u00eanio, capazes de danificar os componentes das c\u00e9lulas, assim como o material gen\u00e9tico,&nbsp;podendo desencadear diversas doen\u00e7as, at\u00e9 o c\u00e2ncer. Dist\u00farbios do sono, dores de cabe\u00e7a, problemas de concentra\u00e7\u00e3o, arritmias card\u00edacas e zumbidos no ouvido, efeitos na reprodu\u00e7\u00e3o e fertilidade, problemas neurol\u00f3gicos, tumores cerebrais, c\u00e2ncer infantil (leucemia), Alzheimer, s\u00e3o apenas alguns dos resultados observados relacionados \u00e0s comunica\u00e7\u00f5es m\u00f3veis e foi documentada uma acumula\u00e7\u00e3o repetida de casos de c\u00e2ncer nas proximidades de antenas de telefonia celular.<\/p>\n\n\n\n<p>*http:\/\/www.bioinitiative.org\/table-of-contents\/<\/p>\n\n\n\n<p><strong>Solu\u00e7\u00e3o<\/strong><\/p>\n\n\n\n<p>Segundo o m\u00e9dico alem\u00e3o, especialista em medicina natural, Dr. Dietrich Grun, criador dos produtos BioProtect, as interfer\u00eancias biol\u00f3gicas de campos eletromagn\u00e9ticos abaixo dos valores considerados como limite n\u00e3o s\u00e3o causadas pelos campos mensur\u00e1veis, mas sim por ondas escalares contidas nos campos mensur\u00e1veis e podem ter seus efeitos facilmente neutralizados. O estudo dos efeitos das ondas escalares \u00e9 relativamente novo e a&nbsp;<strong>Ag\u00eancia Espacial Americana &#8211; NASA<\/strong><strong>,<\/strong>&nbsp;reconhece o crescimento do reconhecimento de sua import\u00e2ncia. (<a href=\"https:\/\/ntrs.nasa.gov\/archive\/nasa\/casi.ntrs.nasa.gov\/20050170447.pdf\">https:\/\/ntrs.nasa.gov\/archive\/nasa\/casi.ntrs.nasa.gov\/20050170447.pdf<\/a>) Pag. 42. Texto em ingl\u00eas.<\/p>\n\n\n\n<p>Ainda de acordo com Dr. Grun, os efeitos da polui\u00e7\u00e3o eletromagn\u00e9tica podem ser medidos por meio da eletroacupuntura, que permite medir a natureza e a for\u00e7a da interfer\u00eancia biol\u00f3gica (perturba\u00e7\u00e3o) da polui\u00e7\u00e3o eletromagn\u00e9tica, por medi\u00e7\u00f5es no sistema de acupuntura e possibilitando atrav\u00e9s do mesmo m\u00e9todo, procurar maneiras de eliminar esses efeitos negativos dos campos eletromagn\u00e9ticos.<\/p>\n\n\n\n<p><strong>As Ondas Escalares (Ondas de Tesla) como causa<\/strong><\/p>\n\n\n\n<p>O Dr. Grun cita uma experi\u00eancia bastante simples para verificar a import\u00e2ncia dessas ondas. Com um telefone celular ligado, mede-se a sua radia\u00e7\u00e3o com os dispositivos de radia\u00e7\u00e3o comuns e simultaneamente mede-se o efeito da interfer\u00eancia biol\u00f3gica por meio da eletroacupuntura. Coloca-se nesse telefone m\u00f3vel, um dispositivo de supress\u00e3o de interfer\u00eancias, desses comuns, comercialmente dispon\u00ed\u00adveis. A interfer\u00eancia biol\u00f3gica desaparece, mas radia\u00e7\u00e3o mensur\u00e1vel permanece inalterada. Segundo ele, a radia\u00e7\u00e3o mensur\u00e1vel n\u00e3o \u00e9 respons\u00e1vel pelo efeito de perturba\u00e7\u00e3o biol\u00f3gica e \u00e9 logicamente, portanto, uma radia\u00e7\u00e3o diferente, que ocorre junto com a radia\u00e7\u00e3o mensur\u00e1vel, mas que aparentemente n\u00e3o \u00e9 detectada pelo dispositivo f\u00ed\u00adsico de medi\u00e7\u00e3o. Nikola Tesla j\u00e1 descrevia essas ondas h\u00e1 mais de 100 anos.<\/p>\n\n\n\n<p>Em seus estudos, Dr. Grun constatou que os organismos biol\u00f3gicos s\u00e3o extremamente bons ressonadores para Ondas Escalares. A solu\u00e7\u00e3o consistiria ent\u00e3o, em encontrar ressonadores que tivessem uma resson\u00e2ncia mais forte com essas ondas escalares do que com o corpo humano, de maneira que as ondas nocivas n\u00e3o o prejudicasse.<\/p>\n\n\n\n<p>Esse \u00e9 o princ\u00ed\u00adpio dos produtos BioProtect.<\/p>\n\n\n\n<p>Obs.: N\u00e3o existem ainda dispositivos que me\u00e7am as ondas escalares, sendo apenas os efeitos biol\u00f3gicos detectados em testes.<\/p>\n\n\n\n<p><strong>An\u00e1lise das C\u00e9lulas Sangu\u00ed\u00adneas<\/strong>&nbsp;<strong>&#8211;&nbsp;<\/strong><strong>(Retirada do Teste de Certifica\u00e7\u00e3o IGEF)<\/strong><\/p>\n\n\n\n<div class=\"wp-block-image\"><figure class=\"aligncenter\"><img decoding=\"async\" src=\"http:\/\/amaralegarcez.com.br\/site\/wp-content\/uploads\/2017\/08\/bio-5.png\" alt=\"bio 5\" class=\"wp-image-553\"\/><\/figure><\/div>\n\n\n\n<h1 class=\"wp-block-heading\">PRODUTOS BIOPROTECT<\/h1>\n\n\n\n<h1 class=\"wp-block-heading\">CHIP ADERENTE BIOPROTECT<\/h1>\n\n\n\n<div class=\"wp-block-image\"><figure class=\"aligncenter\"><img decoding=\"async\" src=\"http:\/\/amaralegarcez.com.br\/site\/wp-content\/uploads\/2017\/08\/bio-6.png\" alt=\"bio 6\" class=\"wp-image-554\"\/><\/figure><\/div>\n\n\n\n<p>Ideal para telefones celulares, sem fio, dispositivos WiFi e BabyTalks.<\/p>\n\n\n\n<h1 class=\"has-text-align-center wp-block-heading\">COMPRAR<\/h1>\n\n\n\n<div class=\"wp-block-image\"><figure class=\"aligncenter is-resized\"><img decoding=\"async\" src=\"https:\/\/besttwice.com.br\/site\/wp-content\/uploads\/2020\/05\/carrinho-de-supermercado-miniatura-D_NQ_NP_7685-MLB5261953007_102013-F.jpg\" alt=\"\" width=\"341\" height=\"341\"\/><\/figure><\/div>\n\n\n\n<h1 class=\"has-text-align-center wp-block-heading\"><a href=\"https:\/\/loja.besttwice.com.br\/pd-50e92a-bioprotect-chip-aderente.html?ct=1e2b14&amp;p=1&amp;s=1\" target=\"_blank\" rel=\"noreferrer noopener\">LOJA VIRTUAL.<\/a><\/h1>\n\n\n\n<h1 class=\"wp-block-heading\">CART\u00c3O BIOPROTECT PORT\u00c1TIL<\/h1>\n\n\n\n<div class=\"wp-block-image\"><figure class=\"aligncenter\"><img decoding=\"async\" src=\"http:\/\/amaralegarcez.com.br\/site\/wp-content\/uploads\/2017\/08\/bio-7.png\" alt=\"bio 7\" class=\"wp-image-555\"\/><\/figure><\/div>\n\n\n\n<p>Ideal para ser transportado na bolsa ou disposto pr\u00f3ximo a aparelhos el\u00e9tricos ou eletr\u00f4nicos como computadores, televisores, fornos micro-ondas, tablets e notebooks.<\/p>\n\n\n\n<h1 class=\"has-text-align-center wp-block-heading\">COMPRAR<\/h1>\n\n\n\n<div class=\"wp-block-image\"><figure class=\"aligncenter is-resized\"><img loading=\"lazy\" decoding=\"async\" src=\"https:\/\/besttwice.com.br\/site\/wp-content\/uploads\/2020\/05\/carrinho-de-supermercado-miniatura-D_NQ_NP_7685-MLB5261953007_102013-F.jpg\" alt=\"\" width=\"346\" height=\"346\"\/><\/figure><\/div>\n\n\n\n<h1 class=\"has-text-align-center wp-block-heading\"><a href=\"https:\/\/loja.besttwice.com.br\/pd-50e92c-cartao-bioprotect-portatil.html?ct=1e2b16&amp;p=1&amp;s=1\" target=\"_blank\" rel=\"noreferrer noopener\">LOJA VIRTUAL.<\/a><\/h1>\n\n\n\n<p>Certificado IGEF do Cart\u00e3o e Chip aderente BioProtect (em alem\u00e3o) \/ Selo IIREC Chip BioProtect<\/p>\n\n\n\n<div class=\"wp-block-image\"><figure class=\"aligncenter is-resized\"><img loading=\"lazy\" decoding=\"async\" src=\"http:\/\/amaralegarcez.com.br\/site\/wp-content\/uploads\/2017\/08\/bio-8.jpg\" alt=\"bio 8\" class=\"wp-image-556\" width=\"590\" height=\"399\"\/><\/figure><\/div>\n\n\n\n<div class=\"wp-block-image\"><figure class=\"aligncenter is-resized\"><img loading=\"lazy\" decoding=\"async\" src=\"http:\/\/amaralegarcez.com.br\/site\/wp-content\/uploads\/2017\/08\/bio-9.png\" alt=\"bio 9\" class=\"wp-image-557\" width=\"365\" height=\"296\"\/><\/figure><\/div>\n","protected":false},"excerpt":{"rendered":"<p>A&nbsp;BEST TWICE,&nbsp;atrav\u00e9s da parceria com a empresa alem\u00e3&nbsp;BioProtect,&nbsp;traz para o Brasil o&nbsp;Chip aderente BioProtect&nbsp;(para celular, telefone sem fio, dispositivos WiFi &amp; BabyTalks) e o&nbsp;Cart\u00e3o BioProtect Port\u00e1til, certificados pela Associa\u00e7\u00e3o Internacional de Pesquisas em Polui\u00e7\u00e3o Eletromagn\u00e9tica (Internationale Gesellschaft fur Elektrosmog Forschung &#8211; IGEF) e pelo Instituto de Pesquisa sobre Compatibilidade Eletromagn\u00e9tica (Institute for Research on Electromagnetic [&hellip;]<\/p>\n","protected":false},"author":1,"featured_media":0,"parent":0,"menu_order":0,"comment_status":"closed","ping_status":"closed","template":"","meta":{"footnotes":""},"class_list":["post-43","page","type-page","status-publish","hentry"],"yoast_head":"<!-- This site is optimized with the Yoast SEO plugin v27.6 - https:\/\/yoast.com\/product\/yoast-seo-wordpress\/ -->\n<title>BIOPROTECT - BEST TWICE<\/title>\n<meta name=\"robots\" content=\"index, follow, max-snippet:-1, max-image-preview:large, max-video-preview:-1\" \/>\n<link rel=\"canonical\" href=\"https:\/\/besttwice.com.br\/site\/bioprotect\/\" \/>\n<meta property=\"og:locale\" content=\"pt_BR\" \/>\n<meta property=\"og:type\" content=\"article\" \/>\n<meta property=\"og:title\" content=\"BIOPROTECT - BEST TWICE\" \/>\n<meta property=\"og:description\" content=\"A&nbsp;BEST TWICE,&nbsp;atrav\u00e9s da parceria com a empresa alem\u00e3&nbsp;BioProtect,&nbsp;traz para o Brasil o&nbsp;Chip aderente BioProtect&nbsp;(para celular, telefone sem fio, dispositivos WiFi &amp; BabyTalks) e o&nbsp;Cart\u00e3o BioProtect Port\u00e1til, certificados pela Associa\u00e7\u00e3o Internacional de Pesquisas em Polui\u00e7\u00e3o Eletromagn\u00e9tica (Internationale Gesellschaft fur Elektrosmog Forschung &#8211; IGEF) e pelo Instituto de Pesquisa sobre Compatibilidade Eletromagn\u00e9tica (Institute for Research on Electromagnetic [&hellip;]\" \/>\n<meta property=\"og:url\" content=\"https:\/\/besttwice.com.br\/site\/bioprotect\/\" \/>\n<meta property=\"og:site_name\" content=\"BEST TWICE\" \/>\n<meta property=\"article:modified_time\" content=\"2020-05-25T17:33:13+00:00\" \/>\n<meta property=\"og:image\" content=\"http:\/\/amaralegarcez.com.br\/site\/wp-content\/uploads\/2017\/08\/Bioprotect-1.png\" \/>\n<meta name=\"twitter:card\" content=\"summary_large_image\" \/>\n<meta name=\"twitter:label1\" content=\"Est. tempo de leitura\" \/>\n\t<meta name=\"twitter:data1\" content=\"4 minutos\" \/>\n<script type=\"application\/ld+json\" class=\"yoast-schema-graph\">{\"@context\":\"https:\\\/\\\/schema.org\",\"@graph\":[{\"@type\":\"WebPage\",\"@id\":\"https:\\\/\\\/besttwice.com.br\\\/site\\\/bioprotect\\\/\",\"url\":\"https:\\\/\\\/besttwice.com.br\\\/site\\\/bioprotect\\\/\",\"name\":\"BIOPROTECT - BEST TWICE\",\"isPartOf\":{\"@id\":\"https:\\\/\\\/besttwice.com.br\\\/site\\\/#website\"},\"primaryImageOfPage\":{\"@id\":\"https:\\\/\\\/besttwice.com.br\\\/site\\\/bioprotect\\\/#primaryimage\"},\"image\":{\"@id\":\"https:\\\/\\\/besttwice.com.br\\\/site\\\/bioprotect\\\/#primaryimage\"},\"thumbnailUrl\":\"http:\\\/\\\/amaralegarcez.com.br\\\/site\\\/wp-content\\\/uploads\\\/2017\\\/08\\\/Bioprotect-1.png\",\"datePublished\":\"2020-05-22T19:01:54+00:00\",\"dateModified\":\"2020-05-25T17:33:13+00:00\",\"breadcrumb\":{\"@id\":\"https:\\\/\\\/besttwice.com.br\\\/site\\\/bioprotect\\\/#breadcrumb\"},\"inLanguage\":\"pt-BR\",\"potentialAction\":[{\"@type\":\"ReadAction\",\"target\":[\"https:\\\/\\\/besttwice.com.br\\\/site\\\/bioprotect\\\/\"]}]},{\"@type\":\"ImageObject\",\"inLanguage\":\"pt-BR\",\"@id\":\"https:\\\/\\\/besttwice.com.br\\\/site\\\/bioprotect\\\/#primaryimage\",\"url\":\"http:\\\/\\\/amaralegarcez.com.br\\\/site\\\/wp-content\\\/uploads\\\/2017\\\/08\\\/Bioprotect-1.png\",\"contentUrl\":\"http:\\\/\\\/amaralegarcez.com.br\\\/site\\\/wp-content\\\/uploads\\\/2017\\\/08\\\/Bioprotect-1.png\"},{\"@type\":\"BreadcrumbList\",\"@id\":\"https:\\\/\\\/besttwice.com.br\\\/site\\\/bioprotect\\\/#breadcrumb\",\"itemListElement\":[{\"@type\":\"ListItem\",\"position\":1,\"name\":\"In\u00edcio\",\"item\":\"https:\\\/\\\/besttwice.com.br\\\/site\\\/\"},{\"@type\":\"ListItem\",\"position\":2,\"name\":\"BIOPROTECT\"}]},{\"@type\":\"WebSite\",\"@id\":\"https:\\\/\\\/besttwice.com.br\\\/site\\\/#website\",\"url\":\"https:\\\/\\\/besttwice.com.br\\\/site\\\/\",\"name\":\"BEST TWICE\",\"description\":\"Pesquisar os problemas do cotidiano e buscar formas de reduzir seus efeitos.\",\"potentialAction\":[{\"@type\":\"SearchAction\",\"target\":{\"@type\":\"EntryPoint\",\"urlTemplate\":\"https:\\\/\\\/besttwice.com.br\\\/site\\\/?s={search_term_string}\"},\"query-input\":{\"@type\":\"PropertyValueSpecification\",\"valueRequired\":true,\"valueName\":\"search_term_string\"}}],\"inLanguage\":\"pt-BR\"}]}<\/script>\n<!-- \/ Yoast SEO plugin. -->","yoast_head_json":{"title":"BIOPROTECT - BEST TWICE","robots":{"index":"index","follow":"follow","max-snippet":"max-snippet:-1","max-image-preview":"max-image-preview:large","max-video-preview":"max-video-preview:-1"},"canonical":"https:\/\/besttwice.com.br\/site\/bioprotect\/","og_locale":"pt_BR","og_type":"article","og_title":"BIOPROTECT - BEST TWICE","og_description":"A&nbsp;BEST TWICE,&nbsp;atrav\u00e9s da parceria com a empresa alem\u00e3&nbsp;BioProtect,&nbsp;traz para o Brasil o&nbsp;Chip aderente BioProtect&nbsp;(para celular, telefone sem fio, dispositivos WiFi &amp; BabyTalks) e o&nbsp;Cart\u00e3o BioProtect Port\u00e1til, certificados pela Associa\u00e7\u00e3o Internacional de Pesquisas em Polui\u00e7\u00e3o Eletromagn\u00e9tica (Internationale Gesellschaft fur Elektrosmog Forschung &#8211; IGEF) e pelo Instituto de Pesquisa sobre Compatibilidade Eletromagn\u00e9tica (Institute for Research on Electromagnetic [&hellip;]","og_url":"https:\/\/besttwice.com.br\/site\/bioprotect\/","og_site_name":"BEST TWICE","article_modified_time":"2020-05-25T17:33:13+00:00","og_image":[{"url":"http:\/\/amaralegarcez.com.br\/site\/wp-content\/uploads\/2017\/08\/Bioprotect-1.png","type":"","width":"","height":""}],"twitter_card":"summary_large_image","twitter_misc":{"Est. tempo de leitura":"4 minutos"},"schema":{"@context":"https:\/\/schema.org","@graph":[{"@type":"WebPage","@id":"https:\/\/besttwice.com.br\/site\/bioprotect\/","url":"https:\/\/besttwice.com.br\/site\/bioprotect\/","name":"BIOPROTECT - BEST TWICE","isPartOf":{"@id":"https:\/\/besttwice.com.br\/site\/#website"},"primaryImageOfPage":{"@id":"https:\/\/besttwice.com.br\/site\/bioprotect\/#primaryimage"},"image":{"@id":"https:\/\/besttwice.com.br\/site\/bioprotect\/#primaryimage"},"thumbnailUrl":"http:\/\/amaralegarcez.com.br\/site\/wp-content\/uploads\/2017\/08\/Bioprotect-1.png","datePublished":"2020-05-22T19:01:54+00:00","dateModified":"2020-05-25T17:33:13+00:00","breadcrumb":{"@id":"https:\/\/besttwice.com.br\/site\/bioprotect\/#breadcrumb"},"inLanguage":"pt-BR","potentialAction":[{"@type":"ReadAction","target":["https:\/\/besttwice.com.br\/site\/bioprotect\/"]}]},{"@type":"ImageObject","inLanguage":"pt-BR","@id":"https:\/\/besttwice.com.br\/site\/bioprotect\/#primaryimage","url":"http:\/\/amaralegarcez.com.br\/site\/wp-content\/uploads\/2017\/08\/Bioprotect-1.png","contentUrl":"http:\/\/amaralegarcez.com.br\/site\/wp-content\/uploads\/2017\/08\/Bioprotect-1.png"},{"@type":"BreadcrumbList","@id":"https:\/\/besttwice.com.br\/site\/bioprotect\/#breadcrumb","itemListElement":[{"@type":"ListItem","position":1,"name":"In\u00edcio","item":"https:\/\/besttwice.com.br\/site\/"},{"@type":"ListItem","position":2,"name":"BIOPROTECT"}]},{"@type":"WebSite","@id":"https:\/\/besttwice.com.br\/site\/#website","url":"https:\/\/besttwice.com.br\/site\/","name":"BEST TWICE","description":"Pesquisar os problemas do cotidiano e buscar formas de reduzir seus efeitos.","potentialAction":[{"@type":"SearchAction","target":{"@type":"EntryPoint","urlTemplate":"https:\/\/besttwice.com.br\/site\/?s={search_term_string}"},"query-input":{"@type":"PropertyValueSpecification","valueRequired":true,"valueName":"search_term_string"}}],"inLanguage":"pt-BR"}]}},"_links":{"self":[{"href":"https:\/\/besttwice.com.br\/site\/wp-json\/wp\/v2\/pages\/43","targetHints":{"allow":["GET"]}}],"collection":[{"href":"https:\/\/besttwice.com.br\/site\/wp-json\/wp\/v2\/pages"}],"about":[{"href":"https:\/\/besttwice.com.br\/site\/wp-json\/wp\/v2\/types\/page"}],"author":[{"embeddable":true,"href":"https:\/\/besttwice.com.br\/site\/wp-json\/wp\/v2\/users\/1"}],"replies":[{"embeddable":true,"href":"https:\/\/besttwice.com.br\/site\/wp-json\/wp\/v2\/comments?post=43"}],"version-history":[{"count":13,"href":"https:\/\/besttwice.com.br\/site\/wp-json\/wp\/v2\/pages\/43\/revisions"}],"predecessor-version":[{"id":261,"href":"https:\/\/besttwice.com.br\/site\/wp-json\/wp\/v2\/pages\/43\/revisions\/261"}],"wp:attachment":[{"href":"https:\/\/besttwice.com.br\/site\/wp-json\/wp\/v2\/media?parent=43"}],"curies":[{"name":"wp","href":"https:\/\/api.w.org\/{rel}","templated":true}]}}