{"id":319,"date":"2020-09-21T20:00:58","date_gmt":"2020-09-21T20:00:58","guid":{"rendered":"https:\/\/besttwice.com.br\/site\/?page_id=319"},"modified":"2021-08-16T00:15:58","modified_gmt":"2021-08-16T00:15:58","slug":"coach-de-recomeco","status":"publish","type":"page","link":"https:\/\/besttwice.com.br\/site\/coach-de-recomeco\/","title":{"rendered":"COACH DE INOVA\u00c7\u00c3O"},"content":{"rendered":"\n<figure class=\"wp-block-image size-large\"><img fetchpriority=\"high\" decoding=\"async\" width=\"1024\" height=\"1024\" src=\"https:\/\/besttwice.com.br\/site\/wp-content\/uploads\/2020\/09\/1-1024x1024.png\" alt=\"\" class=\"wp-image-320\" srcset=\"https:\/\/besttwice.com.br\/site\/wp-content\/uploads\/2020\/09\/1-1024x1024.png 1024w, https:\/\/besttwice.com.br\/site\/wp-content\/uploads\/2020\/09\/1-300x300.png 300w, https:\/\/besttwice.com.br\/site\/wp-content\/uploads\/2020\/09\/1-150x150.png 150w, https:\/\/besttwice.com.br\/site\/wp-content\/uploads\/2020\/09\/1-768x768.png 768w, https:\/\/besttwice.com.br\/site\/wp-content\/uploads\/2020\/09\/1.png 1080w\" sizes=\"(max-width: 1024px) 100vw, 1024px\" \/><\/figure>\n\n\n\n<p>Nunca \u00e9 tarde para (re)come\u00e7ar e eu posso te auxiliar nesse processo. Juntos vamos identificar: Quem voc\u00ea \u00e9, Como voc\u00ea \u00e9 e onde voc\u00ea quer chegar. <\/p>\n\n\n\n<figure class=\"wp-block-image size-full is-resized\"><img decoding=\"async\" src=\"https:\/\/besttwice.com.br\/site\/wp-content\/uploads\/2021\/08\/image.png\" alt=\"\" class=\"wp-image-418\" width=\"838\" height=\"291\" srcset=\"https:\/\/besttwice.com.br\/site\/wp-content\/uploads\/2021\/08\/image.png 602w, https:\/\/besttwice.com.br\/site\/wp-content\/uploads\/2021\/08\/image-300x104.png 300w\" sizes=\"(max-width: 838px) 100vw, 838px\" \/><figcaption>Nesta fase, n\u00f3s vamos analisar e identificar qual \u00e9 o seu estado atual e come\u00e7ar a imaginar qual \u00e9 o seu estado desejado para os 16 aspectos mais significantes em nossas vidas.<\/figcaption><\/figure>\n\n\n\n<figure class=\"wp-block-image size-full is-resized\"><img decoding=\"async\" src=\"https:\/\/besttwice.com.br\/site\/wp-content\/uploads\/2021\/08\/image-1.png\" alt=\"\" class=\"wp-image-420\" width=\"835\" height=\"470\"\/><figcaption>Identificando o estado de origem<\/figcaption><\/figure>\n\n\n\n<figure class=\"wp-block-image size-full is-resized\"><img loading=\"lazy\" decoding=\"async\" src=\"https:\/\/besttwice.com.br\/site\/wp-content\/uploads\/2021\/08\/image-2.png\" alt=\"\" class=\"wp-image-421\" width=\"837\" height=\"523\" srcset=\"https:\/\/besttwice.com.br\/site\/wp-content\/uploads\/2021\/08\/image-2.png 412w, https:\/\/besttwice.com.br\/site\/wp-content\/uploads\/2021\/08\/image-2-300x187.png 300w\" sizes=\"(max-width: 837px) 100vw, 837px\" \/><figcaption>Quais cren\u00e7as te bloqueiam e te limitam, desconstruindo essas cren\u00e7as, construindo e refor\u00e7ando novas cren\u00e7as, cren\u00e7as essas, fortalecedoras.<\/figcaption><\/figure>\n\n\n\n<figure class=\"wp-block-image size-full is-resized\"><img loading=\"lazy\" decoding=\"async\" src=\"https:\/\/besttwice.com.br\/site\/wp-content\/uploads\/2021\/08\/image-3.png\" alt=\"\" class=\"wp-image-422\" width=\"837\" height=\"565\"\/><figcaption>Criar um plano de a\u00e7\u00e3o exequ\u00edvel.<strong><br><\/strong><\/figcaption><\/figure>\n\n\n\n<p>Voc\u00ea j\u00e1 tem isto claro na sua vida? <\/p>\n\n\n\n<p>Mais uma pergunta: Voc\u00ea j\u00e1 pensou no que voc\u00ea vai fazer com o tempo que te resta de vida?<\/p>\n\n\n\n<p>O primeiro passo para mudar de vida est\u00e1 aqui na sua frente, preencha os dados abaixo e envie sua mensagem!<\/p>\n\n\n\n<p>Veja o depoimento da nossa Coachee Cristiane Crisorganizer_ny.<\/p>\n\n\n\n<figure class=\"wp-block-embed is-type-video is-provider-youtube wp-block-embed-youtube wp-embed-aspect-16-9 wp-has-aspect-ratio\"><div class=\"wp-block-embed__wrapper\">\n<div class=\"epyt-video-wrapper\"><iframe  id=\"_ytid_78124\"  width=\"1170\" height=\"658\"  data-origwidth=\"1170\" data-origheight=\"658\"  data-relstop=\"1\" src=\"https:\/\/www.youtube.com\/embed\/EiC_afDGVkU?enablejsapi=1&#038;autoplay=0&#038;cc_load_policy=0&#038;cc_lang_pref=&#038;iv_load_policy=1&#038;loop=0&#038;modestbranding=1&#038;rel=0&#038;fs=1&#038;playsinline=0&#038;autohide=2&#038;theme=dark&#038;color=red&#038;controls=1&#038;\" class=\"__youtube_prefs__  epyt-is-override  no-lazyload\" title=\"YouTube player\"  allow=\"fullscreen; accelerometer; autoplay; clipboard-write; encrypted-media; gyroscope; picture-in-picture\" allowfullscreen data-no-lazy=\"1\" data-skipgform_ajax_framebjll=\"\"><\/iframe><\/div>\n<\/div><\/figure>\n\n\n\n<figure class=\"wp-block-image size-full is-resized\"><img loading=\"lazy\" decoding=\"async\" src=\"https:\/\/besttwice.com.br\/site\/wp-content\/uploads\/2021\/08\/image-5.png\" alt=\"\" class=\"wp-image-426\" width=\"838\" height=\"484\" srcset=\"https:\/\/besttwice.com.br\/site\/wp-content\/uploads\/2021\/08\/image-5.png 667w, https:\/\/besttwice.com.br\/site\/wp-content\/uploads\/2021\/08\/image-5-300x173.png 300w\" sizes=\"(max-width: 838px) 100vw, 838px\" \/><\/figure>\n\n\n\n<p>Esta \u00e9 a diferen\u00e7a principal entre o Coaching Tradicional e o Coaching Integral Sist\u00eamico. A identifica\u00e7\u00e3o do estado de origem, das cren\u00e7as limitantes e a constru\u00e7\u00e3o de novas cren\u00e7as fortalecedoras.<\/p>\n\n\n\n<figure class=\"wp-block-image size-full is-resized\"><img loading=\"lazy\" decoding=\"async\" src=\"https:\/\/besttwice.com.br\/site\/wp-content\/uploads\/2021\/08\/image-4.png\" alt=\"\" class=\"wp-image-424\" width=\"838\" height=\"684\" srcset=\"https:\/\/besttwice.com.br\/site\/wp-content\/uploads\/2021\/08\/image-4.png 588w, https:\/\/besttwice.com.br\/site\/wp-content\/uploads\/2021\/08\/image-4-300x245.png 300w\" sizes=\"(max-width: 838px) 100vw, 838px\" \/><figcaption>Esses s\u00e3o alguns dos principais benef\u00edcios do processo de Coaching.<\/figcaption><\/figure>\n\n\n\n<p>Resumo das Qualifica\u00e7\u00f5es:<br>Participa\u00e7\u00e3o, com louvor do curso &#8220;Empreteco&#8221; em dezembro 2020.<br>Fundador da empresa Best Twice, em janeiro 2020, com foco em tecnologia, evolu\u00e7\u00e3o, inova\u00e7\u00e3o, empreendedorismo, produ\u00e7\u00e3o, marketing digital, crescimento e contribui\u00e7\u00e3o.<br>Criador do Projeto Fight Meter e Criador do Projeto Segredos da Pesquisa.<br>S\u00f3cio Diretor na Amaral &amp; Garcez, fundada em novembro de 2016.<br>Desenvolvedor do sentimento ORGULHO BRASIL.<br>Trabalhei, pelo equivalente a 37 anos em uma das maiores empresas brasileira do ch\u00e3o de f\u00e1brica at\u00e9 a Ger\u00eancia.<br>Coach Integral Sist\u00eamico, formado pela Febracis entre 2020 e 2021.<br>Palestrante de pesquisa, inova\u00e7\u00e3o, empreendedorismo, produ\u00e7\u00e3o, marketing digital e log\u00edstica.<br>Coordenador de cursos de p\u00f3s-gradua\u00e7\u00e3o;<br>Professor Universit\u00e1rio;<br>Formado em cursos da FRANKLIN COVEY e da FEBRACIS;<br>Eterno aprendiz da Intelig\u00eancia Emocional.<br>Pesquisador, Inovador e Empreendedor.<\/p>\n\n\n\n<p>Mestrado<br>Desenvolvimento de Projetos de Inova\u00e7\u00e3o e Produtos, Universidade Del Atlantico &#8211; 2018.<\/p>\n\n\n\n<p>P\u00f3s-Gradua\u00e7\u00e3o<br>Lato Sensu \u2013 MBA em Log\u00edstica, FGV &#8211; 2014.<br>Lato Sensu \u2013 MBA em Gest\u00e3o Empresarial com \u00eanfase em Gest\u00e3o e Desenvolvimento de Pessoas, FGV \u2013 2007.<\/p>\n\n\n\n<p>Gradua\u00e7\u00e3o<br>Licenciatura em Pedagogia, UNISANTA &#8211; 2018<br>Superior de Tecnologia em Gest\u00e3o P\u00fablica, UNIP &#8211; 2017<br>Bacharel em Administra\u00e7\u00e3o, UNIMES &#8211; 2004.<\/p>\n\n\n\n<p>Para saber mais, entre em contato:<\/p>\n\n\n<div class=\"caldera-grid\" id=\"caldera_form_1\" data-cf-ver=\"1.9.4\" data-cf-form-id=\"CF5e8287a374bea\"><div id=\"caldera_notices_1\" data-spinner=\"https:\/\/besttwice.com.br\/site\/wp-admin\/images\/spinner.gif\"><\/div><form data-instance=\"1\" class=\"CF5e8287a374bea caldera_forms_form cfajax-trigger\" method=\"POST\" enctype=\"multipart\/form-data\" id=\"CF5e8287a374bea_1\" data-form-id=\"CF5e8287a374bea\" aria-label=\"Home\" data-target=\"#caldera_notices_1\" data-template=\"#cfajax_CF5e8287a374bea-tmpl\" data-cfajax=\"CF5e8287a374bea\" data-load-element=\"_parent\" data-load-class=\"cf_processing\" data-post-disable=\"0\" data-action=\"cf_process_ajax_submit\" data-request=\"https:\/\/besttwice.com.br\/site\/cf-api\/CF5e8287a374bea\" data-hiderows=\"true\">\r\n<input type=\"hidden\" id=\"_cf_verify_CF5e8287a374bea\" name=\"_cf_verify\" value=\"b26e1a30f5\"  data-nonce-time=\"1778642761\" \/><input type=\"hidden\" name=\"_wp_http_referer\" value=\"\/site\/wp-json\/wp\/v2\/pages\/319\" \/><div id=\"cf2-CF5e8287a374bea_1\"><\/div><input type=\"hidden\" name=\"_cf_frm_id\" value=\"CF5e8287a374bea\">\r\n<input type=\"hidden\" name=\"_cf_frm_ct\" value=\"1\">\r\n<input type=\"hidden\" name=\"cfajax\" value=\"CF5e8287a374bea\">\r\n<input type=\"hidden\" name=\"_cf_cr_pst\" value=\"319\">\r\n<div class=\"hide\" style=\"display:none; overflow:hidden;height:0;width:0;\">\r\n<label>Company<\/label><input type=\"text\" name=\"company\" value=\"\" autocomplete=\"off\">\r\n<\/div><div id=\"CF5e8287a374bea_1-row-1\"  class=\"row  first_row\"><div  class=\"col-sm-4  first_col\"><div data-field-wrapper=\"fld_8768091\" class=\"form-group\" id=\"fld_8768091_1-wrap\">\r\n\t<label id=\"fld_8768091Label\" for=\"fld_8768091_1\" class=\"control-label\">NOME <span aria-hidden=\"true\" role=\"presentation\" class=\"field_required\" style=\"color:#ee0000;\">*<\/span><\/label>\r\n\t<div class=\"\">\r\n\t\t<input   required type=\"text\" data-field=\"fld_8768091\" class=\" form-control\" id=\"fld_8768091_1\" name=\"fld_8768091\" value=\"\" data-type=\"text\" aria-required=\"true\"   aria-labelledby=\"fld_8768091Label\" >\t\t\t<\/div>\r\n<\/div>\r\n<\/div><div  class=\"col-sm-4 \"><div data-field-wrapper=\"fld_9970286\" class=\"form-group\" id=\"fld_9970286_1-wrap\">\r\n\t<label id=\"fld_9970286Label\" for=\"fld_9970286_1\" class=\"control-label\">TELEFONE<\/label>\r\n\t<div class=\"\">\r\n\t\t<input    type=\"text\" data-field=\"fld_9970286\" class=\" form-control\" id=\"fld_9970286_1\" name=\"fld_9970286\" value=\"\" data-type=\"text\"   aria-labelledby=\"fld_9970286Label\" >\t\t\t<\/div>\r\n<\/div>\r\n<\/div><div  class=\"col-sm-4  last_col\"><div data-field-wrapper=\"fld_6009157\" class=\"form-group\" id=\"fld_6009157_1-wrap\">\r\n\t<label id=\"fld_6009157Label\" for=\"fld_6009157_1\" class=\"control-label\">E-MAIL <span aria-hidden=\"true\" role=\"presentation\" class=\"field_required\" style=\"color:#ee0000;\">*<\/span><\/label>\r\n\t<div class=\"\">\r\n\t\t<input   required type=\"email\" data-field=\"fld_6009157\" class=\" form-control\" id=\"fld_6009157_1\" name=\"fld_6009157\" value=\"\" data-type=\"email\" aria-required=\"true\"   aria-labelledby=\"fld_6009157Label\" >\t\t\t<\/div>\r\n<\/div>\r\n<\/div><\/div><div id=\"CF5e8287a374bea_1-row-2\"  class=\"row \"><div  class=\"col-sm-12  single\"><div data-field-wrapper=\"fld_7683514\" class=\"form-group\" id=\"fld_7683514_1-wrap\">\r\n\t<label id=\"fld_7683514Label\" for=\"fld_7683514_1\" class=\"control-label\">MENSAGEM <span aria-hidden=\"true\" role=\"presentation\" class=\"field_required\" style=\"color:#ee0000;\">*<\/span><\/label>\r\n\t<div class=\"\">\r\n\t\t<textarea name=\"fld_7683514\" value=\"\" data-field=\"fld_7683514\" class=\"form-control\" id=\"fld_7683514_1\" rows=\"7\"  required=\"required\"  aria-labelledby=\"fld_7683514Label\" ><\/textarea>\n\t\t\t<\/div>\r\n<\/div>\r\n<\/div><\/div><div id=\"CF5e8287a374bea_1-row-3\"  class=\"row  last_row\"><div  class=\"col-sm-12  single\"><div data-field-wrapper=\"fld_7908577\" class=\"form-group\" id=\"fld_7908577_1-wrap\">\r\n<div class=\"\">\r\n\t<input  class=\"btn btn-default\" type=\"submit\" name=\"fld_7908577\" id=\"fld_7908577_1\" value=\"ENVIAR\" data-field=\"fld_7908577\"  >\n<\/div>\r\n<\/div>\r\n\t<input class=\"button_trigger_1\" type=\"hidden\" name=\"fld_7908577\" id=\"fld_7908577_1_btn\" value=\"\" data-field=\"fld_7908577\"  \/>\n<\/div><\/div><\/form>\r\n<\/div>\r\n","protected":false},"excerpt":{"rendered":"<p>Nunca \u00e9 tarde para (re)come\u00e7ar e eu posso te auxiliar nesse processo. Juntos vamos identificar: Quem voc\u00ea \u00e9, Como voc\u00ea \u00e9 e onde voc\u00ea quer chegar. Voc\u00ea j\u00e1 tem isto claro na sua vida? Mais uma pergunta: Voc\u00ea j\u00e1 pensou no que voc\u00ea vai fazer com o tempo que te resta de vida? O primeiro [&hellip;]<\/p>\n","protected":false},"author":1,"featured_media":0,"parent":0,"menu_order":0,"comment_status":"closed","ping_status":"closed","template":"","meta":{"footnotes":""},"class_list":["post-319","page","type-page","status-publish","hentry"],"yoast_head":"<!-- This site is optimized with the Yoast SEO plugin v27.6 - https:\/\/yoast.com\/product\/yoast-seo-wordpress\/ -->\n<title>COACH DE INOVA\u00c7\u00c3O - BEST TWICE<\/title>\n<meta name=\"description\" content=\"Eu posso te auxiliar nesse processo. Juntos vamos identificar: Quem voc\u00ea \u00e9, Como voc\u00ea \u00e9 e onde voc\u00ea quer chegar.\" \/>\n<meta name=\"robots\" content=\"index, follow, max-snippet:-1, max-image-preview:large, max-video-preview:-1\" \/>\n<link rel=\"canonical\" href=\"https:\/\/besttwice.com.br\/site\/coach-de-recomeco\/\" \/>\n<meta property=\"og:locale\" content=\"pt_BR\" \/>\n<meta property=\"og:type\" content=\"article\" \/>\n<meta property=\"og:title\" content=\"COACH DE INOVA\u00c7\u00c3O - BEST TWICE\" \/>\n<meta property=\"og:description\" content=\"Eu posso te auxiliar nesse processo. Juntos vamos identificar: Quem voc\u00ea \u00e9, Como voc\u00ea \u00e9 e onde voc\u00ea quer chegar.\" \/>\n<meta property=\"og:url\" content=\"https:\/\/besttwice.com.br\/site\/coach-de-recomeco\/\" \/>\n<meta property=\"og:site_name\" content=\"BEST TWICE\" \/>\n<meta property=\"article:modified_time\" content=\"2021-08-16T00:15:58+00:00\" \/>\n<meta property=\"og:image\" content=\"https:\/\/besttwice.com.br\/site\/wp-content\/uploads\/2020\/09\/1-1024x1024.png\" \/>\n<meta name=\"twitter:card\" content=\"summary_large_image\" \/>\n<meta name=\"twitter:label1\" content=\"Est. tempo de leitura\" \/>\n\t<meta name=\"twitter:data1\" content=\"4 minutos\" \/>\n<script type=\"application\/ld+json\" class=\"yoast-schema-graph\">{\"@context\":\"https:\\\/\\\/schema.org\",\"@graph\":[{\"@type\":\"WebPage\",\"@id\":\"https:\\\/\\\/besttwice.com.br\\\/site\\\/coach-de-recomeco\\\/\",\"url\":\"https:\\\/\\\/besttwice.com.br\\\/site\\\/coach-de-recomeco\\\/\",\"name\":\"COACH DE INOVA\u00c7\u00c3O - BEST TWICE\",\"isPartOf\":{\"@id\":\"https:\\\/\\\/besttwice.com.br\\\/site\\\/#website\"},\"primaryImageOfPage\":{\"@id\":\"https:\\\/\\\/besttwice.com.br\\\/site\\\/coach-de-recomeco\\\/#primaryimage\"},\"image\":{\"@id\":\"https:\\\/\\\/besttwice.com.br\\\/site\\\/coach-de-recomeco\\\/#primaryimage\"},\"thumbnailUrl\":\"https:\\\/\\\/besttwice.com.br\\\/site\\\/wp-content\\\/uploads\\\/2020\\\/09\\\/1-1024x1024.png\",\"datePublished\":\"2020-09-21T20:00:58+00:00\",\"dateModified\":\"2021-08-16T00:15:58+00:00\",\"description\":\"Eu posso te auxiliar nesse processo. Juntos vamos identificar: Quem voc\u00ea \u00e9, Como voc\u00ea \u00e9 e onde voc\u00ea quer chegar.\",\"breadcrumb\":{\"@id\":\"https:\\\/\\\/besttwice.com.br\\\/site\\\/coach-de-recomeco\\\/#breadcrumb\"},\"inLanguage\":\"pt-BR\",\"potentialAction\":[{\"@type\":\"ReadAction\",\"target\":[\"https:\\\/\\\/besttwice.com.br\\\/site\\\/coach-de-recomeco\\\/\"]}]},{\"@type\":\"ImageObject\",\"inLanguage\":\"pt-BR\",\"@id\":\"https:\\\/\\\/besttwice.com.br\\\/site\\\/coach-de-recomeco\\\/#primaryimage\",\"url\":\"https:\\\/\\\/besttwice.com.br\\\/site\\\/wp-content\\\/uploads\\\/2020\\\/09\\\/1.png\",\"contentUrl\":\"https:\\\/\\\/besttwice.com.br\\\/site\\\/wp-content\\\/uploads\\\/2020\\\/09\\\/1.png\",\"width\":1080,\"height\":1080},{\"@type\":\"BreadcrumbList\",\"@id\":\"https:\\\/\\\/besttwice.com.br\\\/site\\\/coach-de-recomeco\\\/#breadcrumb\",\"itemListElement\":[{\"@type\":\"ListItem\",\"position\":1,\"name\":\"In\u00edcio\",\"item\":\"https:\\\/\\\/besttwice.com.br\\\/site\\\/\"},{\"@type\":\"ListItem\",\"position\":2,\"name\":\"COACH DE INOVA\u00c7\u00c3O\"}]},{\"@type\":\"WebSite\",\"@id\":\"https:\\\/\\\/besttwice.com.br\\\/site\\\/#website\",\"url\":\"https:\\\/\\\/besttwice.com.br\\\/site\\\/\",\"name\":\"BEST TWICE\",\"description\":\"Pesquisar os problemas do cotidiano e buscar formas de reduzir seus efeitos.\",\"potentialAction\":[{\"@type\":\"SearchAction\",\"target\":{\"@type\":\"EntryPoint\",\"urlTemplate\":\"https:\\\/\\\/besttwice.com.br\\\/site\\\/?s={search_term_string}\"},\"query-input\":{\"@type\":\"PropertyValueSpecification\",\"valueRequired\":true,\"valueName\":\"search_term_string\"}}],\"inLanguage\":\"pt-BR\"}]}<\/script>\n<!-- \/ Yoast SEO plugin. -->","yoast_head_json":{"title":"COACH DE INOVA\u00c7\u00c3O - BEST TWICE","description":"Eu posso te auxiliar nesse processo. Juntos vamos identificar: Quem voc\u00ea \u00e9, Como voc\u00ea \u00e9 e onde voc\u00ea quer chegar.","robots":{"index":"index","follow":"follow","max-snippet":"max-snippet:-1","max-image-preview":"max-image-preview:large","max-video-preview":"max-video-preview:-1"},"canonical":"https:\/\/besttwice.com.br\/site\/coach-de-recomeco\/","og_locale":"pt_BR","og_type":"article","og_title":"COACH DE INOVA\u00c7\u00c3O - BEST TWICE","og_description":"Eu posso te auxiliar nesse processo. Juntos vamos identificar: Quem voc\u00ea \u00e9, Como voc\u00ea \u00e9 e onde voc\u00ea quer chegar.","og_url":"https:\/\/besttwice.com.br\/site\/coach-de-recomeco\/","og_site_name":"BEST TWICE","article_modified_time":"2021-08-16T00:15:58+00:00","og_image":[{"url":"https:\/\/besttwice.com.br\/site\/wp-content\/uploads\/2020\/09\/1-1024x1024.png","type":"","width":"","height":""}],"twitter_card":"summary_large_image","twitter_misc":{"Est. tempo de leitura":"4 minutos"},"schema":{"@context":"https:\/\/schema.org","@graph":[{"@type":"WebPage","@id":"https:\/\/besttwice.com.br\/site\/coach-de-recomeco\/","url":"https:\/\/besttwice.com.br\/site\/coach-de-recomeco\/","name":"COACH DE INOVA\u00c7\u00c3O - BEST TWICE","isPartOf":{"@id":"https:\/\/besttwice.com.br\/site\/#website"},"primaryImageOfPage":{"@id":"https:\/\/besttwice.com.br\/site\/coach-de-recomeco\/#primaryimage"},"image":{"@id":"https:\/\/besttwice.com.br\/site\/coach-de-recomeco\/#primaryimage"},"thumbnailUrl":"https:\/\/besttwice.com.br\/site\/wp-content\/uploads\/2020\/09\/1-1024x1024.png","datePublished":"2020-09-21T20:00:58+00:00","dateModified":"2021-08-16T00:15:58+00:00","description":"Eu posso te auxiliar nesse processo. Juntos vamos identificar: Quem voc\u00ea \u00e9, Como voc\u00ea \u00e9 e onde voc\u00ea quer chegar.","breadcrumb":{"@id":"https:\/\/besttwice.com.br\/site\/coach-de-recomeco\/#breadcrumb"},"inLanguage":"pt-BR","potentialAction":[{"@type":"ReadAction","target":["https:\/\/besttwice.com.br\/site\/coach-de-recomeco\/"]}]},{"@type":"ImageObject","inLanguage":"pt-BR","@id":"https:\/\/besttwice.com.br\/site\/coach-de-recomeco\/#primaryimage","url":"https:\/\/besttwice.com.br\/site\/wp-content\/uploads\/2020\/09\/1.png","contentUrl":"https:\/\/besttwice.com.br\/site\/wp-content\/uploads\/2020\/09\/1.png","width":1080,"height":1080},{"@type":"BreadcrumbList","@id":"https:\/\/besttwice.com.br\/site\/coach-de-recomeco\/#breadcrumb","itemListElement":[{"@type":"ListItem","position":1,"name":"In\u00edcio","item":"https:\/\/besttwice.com.br\/site\/"},{"@type":"ListItem","position":2,"name":"COACH DE INOVA\u00c7\u00c3O"}]},{"@type":"WebSite","@id":"https:\/\/besttwice.com.br\/site\/#website","url":"https:\/\/besttwice.com.br\/site\/","name":"BEST TWICE","description":"Pesquisar os problemas do cotidiano e buscar formas de reduzir seus efeitos.","potentialAction":[{"@type":"SearchAction","target":{"@type":"EntryPoint","urlTemplate":"https:\/\/besttwice.com.br\/site\/?s={search_term_string}"},"query-input":{"@type":"PropertyValueSpecification","valueRequired":true,"valueName":"search_term_string"}}],"inLanguage":"pt-BR"}]}},"_links":{"self":[{"href":"https:\/\/besttwice.com.br\/site\/wp-json\/wp\/v2\/pages\/319","targetHints":{"allow":["GET"]}}],"collection":[{"href":"https:\/\/besttwice.com.br\/site\/wp-json\/wp\/v2\/pages"}],"about":[{"href":"https:\/\/besttwice.com.br\/site\/wp-json\/wp\/v2\/types\/page"}],"author":[{"embeddable":true,"href":"https:\/\/besttwice.com.br\/site\/wp-json\/wp\/v2\/users\/1"}],"replies":[{"embeddable":true,"href":"https:\/\/besttwice.com.br\/site\/wp-json\/wp\/v2\/comments?post=319"}],"version-history":[{"count":15,"href":"https:\/\/besttwice.com.br\/site\/wp-json\/wp\/v2\/pages\/319\/revisions"}],"predecessor-version":[{"id":449,"href":"https:\/\/besttwice.com.br\/site\/wp-json\/wp\/v2\/pages\/319\/revisions\/449"}],"wp:attachment":[{"href":"https:\/\/besttwice.com.br\/site\/wp-json\/wp\/v2\/media?parent=319"}],"curies":[{"name":"wp","href":"https:\/\/api.w.org\/{rel}","templated":true}]}}