{"id":28,"date":"2020-05-20T14:36:17","date_gmt":"2020-05-20T14:36:17","guid":{"rendered":"https:\/\/besttwice.com.br\/site\/?page_id=28"},"modified":"2020-05-20T14:36:18","modified_gmt":"2020-05-20T14:36:18","slug":"produtos-inovadores","status":"publish","type":"page","link":"https:\/\/besttwice.com.br\/site\/produtos-inovadores\/","title":{"rendered":"PRODUTOS INOVADORES"},"content":{"rendered":"\n<p>Ol\u00e1, aqui neste bloco, apresentaremos as solu\u00e7\u00f5es inovadoras para os problemas do cotidiano que comercializamos.<\/p>\n","protected":false},"excerpt":{"rendered":"<p>Ol\u00e1, aqui neste bloco, apresentaremos as solu\u00e7\u00f5es inovadoras para os problemas do cotidiano que comercializamos.<\/p>\n","protected":false},"author":1,"featured_media":0,"parent":0,"menu_order":0,"comment_status":"closed","ping_status":"closed","template":"","meta":{"footnotes":""},"class_list":["post-28","page","type-page","status-publish","hentry"],"yoast_head":"<!-- This site is optimized with the Yoast SEO plugin v27.6 - https:\/\/yoast.com\/product\/yoast-seo-wordpress\/ -->\n<title>PRODUTOS INOVADORES - BEST TWICE<\/title>\n<meta name=\"robots\" content=\"index, follow, max-snippet:-1, max-image-preview:large, max-video-preview:-1\" \/>\n<link rel=\"canonical\" href=\"https:\/\/besttwice.com.br\/site\/produtos-inovadores\/\" \/>\n<meta property=\"og:locale\" content=\"pt_BR\" \/>\n<meta property=\"og:type\" content=\"article\" \/>\n<meta property=\"og:title\" content=\"PRODUTOS INOVADORES - BEST TWICE\" \/>\n<meta property=\"og:description\" content=\"Ol\u00e1, aqui neste bloco, apresentaremos as solu\u00e7\u00f5es inovadoras para os problemas do cotidiano que comercializamos.\" \/>\n<meta property=\"og:url\" content=\"https:\/\/besttwice.com.br\/site\/produtos-inovadores\/\" \/>\n<meta property=\"og:site_name\" content=\"BEST TWICE\" \/>\n<meta property=\"article:modified_time\" content=\"2020-05-20T14:36:18+00:00\" \/>\n<meta name=\"twitter:card\" content=\"summary_large_image\" \/>\n<script type=\"application\/ld+json\" class=\"yoast-schema-graph\">{\"@context\":\"https:\\\/\\\/schema.org\",\"@graph\":[{\"@type\":\"WebPage\",\"@id\":\"https:\\\/\\\/besttwice.com.br\\\/site\\\/produtos-inovadores\\\/\",\"url\":\"https:\\\/\\\/besttwice.com.br\\\/site\\\/produtos-inovadores\\\/\",\"name\":\"PRODUTOS INOVADORES - BEST TWICE\",\"isPartOf\":{\"@id\":\"https:\\\/\\\/besttwice.com.br\\\/site\\\/#website\"},\"datePublished\":\"2020-05-20T14:36:17+00:00\",\"dateModified\":\"2020-05-20T14:36:18+00:00\",\"breadcrumb\":{\"@id\":\"https:\\\/\\\/besttwice.com.br\\\/site\\\/produtos-inovadores\\\/#breadcrumb\"},\"inLanguage\":\"pt-BR\",\"potentialAction\":[{\"@type\":\"ReadAction\",\"target\":[\"https:\\\/\\\/besttwice.com.br\\\/site\\\/produtos-inovadores\\\/\"]}]},{\"@type\":\"BreadcrumbList\",\"@id\":\"https:\\\/\\\/besttwice.com.br\\\/site\\\/produtos-inovadores\\\/#breadcrumb\",\"itemListElement\":[{\"@type\":\"ListItem\",\"position\":1,\"name\":\"In\u00edcio\",\"item\":\"https:\\\/\\\/besttwice.com.br\\\/site\\\/\"},{\"@type\":\"ListItem\",\"position\":2,\"name\":\"PRODUTOS INOVADORES\"}]},{\"@type\":\"WebSite\",\"@id\":\"https:\\\/\\\/besttwice.com.br\\\/site\\\/#website\",\"url\":\"https:\\\/\\\/besttwice.com.br\\\/site\\\/\",\"name\":\"BEST TWICE\",\"description\":\"Pesquisar os problemas do cotidiano e buscar formas de reduzir seus efeitos.\",\"potentialAction\":[{\"@type\":\"SearchAction\",\"target\":{\"@type\":\"EntryPoint\",\"urlTemplate\":\"https:\\\/\\\/besttwice.com.br\\\/site\\\/?s={search_term_string}\"},\"query-input\":{\"@type\":\"PropertyValueSpecification\",\"valueRequired\":true,\"valueName\":\"search_term_string\"}}],\"inLanguage\":\"pt-BR\"}]}<\/script>\n<!-- \/ Yoast SEO plugin. -->","yoast_head_json":{"title":"PRODUTOS INOVADORES - BEST TWICE","robots":{"index":"index","follow":"follow","max-snippet":"max-snippet:-1","max-image-preview":"max-image-preview:large","max-video-preview":"max-video-preview:-1"},"canonical":"https:\/\/besttwice.com.br\/site\/produtos-inovadores\/","og_locale":"pt_BR","og_type":"article","og_title":"PRODUTOS INOVADORES - BEST TWICE","og_description":"Ol\u00e1, aqui neste bloco, apresentaremos as solu\u00e7\u00f5es inovadoras para os problemas do cotidiano que comercializamos.","og_url":"https:\/\/besttwice.com.br\/site\/produtos-inovadores\/","og_site_name":"BEST TWICE","article_modified_time":"2020-05-20T14:36:18+00:00","twitter_card":"summary_large_image","schema":{"@context":"https:\/\/schema.org","@graph":[{"@type":"WebPage","@id":"https:\/\/besttwice.com.br\/site\/produtos-inovadores\/","url":"https:\/\/besttwice.com.br\/site\/produtos-inovadores\/","name":"PRODUTOS INOVADORES - BEST TWICE","isPartOf":{"@id":"https:\/\/besttwice.com.br\/site\/#website"},"datePublished":"2020-05-20T14:36:17+00:00","dateModified":"2020-05-20T14:36:18+00:00","breadcrumb":{"@id":"https:\/\/besttwice.com.br\/site\/produtos-inovadores\/#breadcrumb"},"inLanguage":"pt-BR","potentialAction":[{"@type":"ReadAction","target":["https:\/\/besttwice.com.br\/site\/produtos-inovadores\/"]}]},{"@type":"BreadcrumbList","@id":"https:\/\/besttwice.com.br\/site\/produtos-inovadores\/#breadcrumb","itemListElement":[{"@type":"ListItem","position":1,"name":"In\u00edcio","item":"https:\/\/besttwice.com.br\/site\/"},{"@type":"ListItem","position":2,"name":"PRODUTOS INOVADORES"}]},{"@type":"WebSite","@id":"https:\/\/besttwice.com.br\/site\/#website","url":"https:\/\/besttwice.com.br\/site\/","name":"BEST TWICE","description":"Pesquisar os problemas do cotidiano e buscar formas de reduzir seus efeitos.","potentialAction":[{"@type":"SearchAction","target":{"@type":"EntryPoint","urlTemplate":"https:\/\/besttwice.com.br\/site\/?s={search_term_string}"},"query-input":{"@type":"PropertyValueSpecification","valueRequired":true,"valueName":"search_term_string"}}],"inLanguage":"pt-BR"}]}},"_links":{"self":[{"href":"https:\/\/besttwice.com.br\/site\/wp-json\/wp\/v2\/pages\/28","targetHints":{"allow":["GET"]}}],"collection":[{"href":"https:\/\/besttwice.com.br\/site\/wp-json\/wp\/v2\/pages"}],"about":[{"href":"https:\/\/besttwice.com.br\/site\/wp-json\/wp\/v2\/types\/page"}],"author":[{"embeddable":true,"href":"https:\/\/besttwice.com.br\/site\/wp-json\/wp\/v2\/users\/1"}],"replies":[{"embeddable":true,"href":"https:\/\/besttwice.com.br\/site\/wp-json\/wp\/v2\/comments?post=28"}],"version-history":[{"count":1,"href":"https:\/\/besttwice.com.br\/site\/wp-json\/wp\/v2\/pages\/28\/revisions"}],"predecessor-version":[{"id":29,"href":"https:\/\/besttwice.com.br\/site\/wp-json\/wp\/v2\/pages\/28\/revisions\/29"}],"wp:attachment":[{"href":"https:\/\/besttwice.com.br\/site\/wp-json\/wp\/v2\/media?parent=28"}],"curies":[{"name":"wp","href":"https:\/\/api.w.org\/{rel}","templated":true}]}}