{"id":224,"date":"2020-05-25T15:09:20","date_gmt":"2020-05-25T15:09:20","guid":{"rendered":"https:\/\/besttwice.com.br\/site\/?page_id=224"},"modified":"2020-05-25T15:51:50","modified_gmt":"2020-05-25T15:51:50","slug":"pastilha-para-banheiro-quimico","status":"publish","type":"page","link":"https:\/\/besttwice.com.br\/site\/pastilha-para-banheiro-quimico\/","title":{"rendered":"PASTILHA PARA BANHEIRO QU\u00cdMICO"},"content":{"rendered":"\n<p>Pastilha para banheiros qu\u00edmicos Tablet In<\/p>\n\n\n<h1>COMPRAR<\/h1>\n<p><!-- \/wp:post-content --><\/p>\n<p><!-- wp:image {\"id\":\"128\",\"width\":346,\"height\":346} --><\/p>\n<figure class=\"wp-block-image is-resized\"><img fetchpriority=\"high\" decoding=\"async\" class=\"wp-image-128\" src=\"https:\/\/besttwice.com.br\/site\/wp-content\/uploads\/2020\/05\/carrinho-de-supermercado-miniatura-D_NQ_NP_7685-MLB5261953007_102013-F.jpg\" alt=\"\" width=\"346\" height=\"346\" srcset=\"https:\/\/besttwice.com.br\/site\/wp-content\/uploads\/2020\/05\/carrinho-de-supermercado-miniatura-D_NQ_NP_7685-MLB5261953007_102013-F.jpg 1000w, https:\/\/besttwice.com.br\/site\/wp-content\/uploads\/2020\/05\/carrinho-de-supermercado-miniatura-D_NQ_NP_7685-MLB5261953007_102013-F-300x300.jpg 300w, https:\/\/besttwice.com.br\/site\/wp-content\/uploads\/2020\/05\/carrinho-de-supermercado-miniatura-D_NQ_NP_7685-MLB5261953007_102013-F-150x150.jpg 150w, https:\/\/besttwice.com.br\/site\/wp-content\/uploads\/2020\/05\/carrinho-de-supermercado-miniatura-D_NQ_NP_7685-MLB5261953007_102013-F-768x768.jpg 768w\" sizes=\"(max-width: 346px) 100vw, 346px\" \/><\/figure>\n<p><!-- \/wp:image --><\/p>\n<p><!-- wp:heading {\"level\":1} --><\/p>\n<h1><a href=\"https:\/\/loja.besttwice.com.br\/pd-4c7d71-pastilha-para-banheiro-quimico-tablet-in-cx-com-20-pastilhas.html?ct=1cb992&amp;p=1&amp;s=1\" target=\"_blank\" rel=\"noreferrer noopener\">LOJA VIRTUAL.<\/a><\/h1>\n<p><!-- \/wp:heading --><\/p>\n<p><!-- wp:core-embed\/youtube {\"url\":\"https:\/\/youtu.be\/GPXhCnY7Y68\",\"type\":\"video\",\"providerNameSlug\":\"youtube\",\"className\":\"wp-embed-aspect-16-9 wp-has-aspect-ratio\"} --><\/p>\n<figure class=\"wp-block-embed-youtube wp-block-embed is-type-video is-provider-youtube wp-embed-aspect-16-9 wp-has-aspect-ratio\">\n<div class=\"wp-block-embed__wrapper\">https:\/\/youtu.be\/GPXhCnY7Y68<\/div>\n<\/figure>\n<p><!-- \/wp:core-embed\/youtube --><\/p>\n<p><!-- wp:paragraph --><\/p>\n<p>\u00c9 o controlador de odor, desintegrador e desinfetante para banheiro qu\u00edmico mais moderno do mercado, sua tecnologia avan\u00e7ada e patenteada, em forma de pastilha efervescente garante m\u00e1xima limpeza pelo menor custo do mercado. Uma \u00fanica pastilha efervescente dura at\u00e9 60 usos em banheiros qu\u00edmicos ou 450 km em viagens de \u00f4nibus. Com Pastilha para banheiros qu\u00edmicos Tablet In voc\u00ea pode evitar os processos trabalhistas que acontecem nas empresas que usam doses l\u00edquidas (dupla fun\u00e7\u00e3o periculosidade e Insalubridade).<\/p>\n<p><!-- \/wp:paragraph --><\/p>\n<p><!-- wp:paragraph --><\/p>\n<p>Produto indicado para uso em:<br \/>BANHEIROS QU\u00cdMICOS EM GERAL: Ideia para uso nesses banheiros, pois, controla o odor, \u00e9 desintegrador e desinfeta. Uma \u00fanica pastilha efervescente dura at\u00e9 60 usos.<br \/>BANHEIROS DE \u00d4NIBUS: Ideia para uso nesses banheiros, pois, controla o odor, \u00e9 desintegrador e desinfeta.Uma \u00fanica pastilha dura at\u00e9 450 km em viagens.<\/p>\n<p><!-- \/wp:paragraph --><\/p>\n<p><!-- wp:paragraph --><\/p>\n<h1>COMPRAR<\/h1>\n<p><!-- \/wp:paragraph --><\/p>\n<p><!-- wp:image {\"id\":\"128\",\"width\":346,\"height\":346} --><\/p>\n<figure class=\"wp-block-image is-resized\"><img fetchpriority=\"high\" decoding=\"async\" class=\"wp-image-128\" src=\"https:\/\/besttwice.com.br\/site\/wp-content\/uploads\/2020\/05\/carrinho-de-supermercado-miniatura-D_NQ_NP_7685-MLB5261953007_102013-F.jpg\" alt=\"\" width=\"346\" height=\"346\" srcset=\"https:\/\/besttwice.com.br\/site\/wp-content\/uploads\/2020\/05\/carrinho-de-supermercado-miniatura-D_NQ_NP_7685-MLB5261953007_102013-F.jpg 1000w, https:\/\/besttwice.com.br\/site\/wp-content\/uploads\/2020\/05\/carrinho-de-supermercado-miniatura-D_NQ_NP_7685-MLB5261953007_102013-F-300x300.jpg 300w, https:\/\/besttwice.com.br\/site\/wp-content\/uploads\/2020\/05\/carrinho-de-supermercado-miniatura-D_NQ_NP_7685-MLB5261953007_102013-F-150x150.jpg 150w, https:\/\/besttwice.com.br\/site\/wp-content\/uploads\/2020\/05\/carrinho-de-supermercado-miniatura-D_NQ_NP_7685-MLB5261953007_102013-F-768x768.jpg 768w\" sizes=\"(max-width: 346px) 100vw, 346px\" \/><\/figure>\n<p><!-- \/wp:image --><\/p>\n<p><!-- wp:heading {\"level\":1} --><\/p>\n<h1><a href=\"https:\/\/loja.besttwice.com.br\/pd-4c7d71-pastilha-para-banheiro-quimico-tablet-in-cx-com-20-pastilhas.html?ct=1cb992&amp;p=1&amp;s=1\" target=\"_blank\" rel=\"noreferrer noopener\">LOJA VIRTUAL.<\/a><\/h1>\n<p><!-- \/wp:heading --><\/p>\n<p>Vantagens:<br \/>Efici\u00eancia extra no controle de odor<br \/>Dose \u00fanica individual (n\u00e3o h\u00e1 contato com o produto)<br \/>Pode ser armazenado na gaveta ou porta luvas<br \/>N\u00e3o cont\u00e9m formol (proibido pela Anvisa)<br \/>Perfume agrad\u00e1vel de longa dura\u00e7\u00e3o<br \/>1 dose dura at\u00e9 450 km (\u00f4nibus) ou;<br \/>1 dose dura at\u00e9 60 usos (banheiros qu\u00ed\u00admicos)<br \/>Produto devidamente registrado pela ANVISA (classe 2)<br \/>Pr\u00e1tico, leve, baixo custo e frete barato<br \/>Produto desinfetante e bactericida<br \/>Produto de alta biodegradabilidade.<\/p>\n<p><!-- \/wp:paragraph --><\/p>\n<p><!-- wp:paragraph --><\/p>\n<p>E Mais:<br \/>Economiza espa\u00e7o no estoque<br \/>Frete mais barato<br \/>N\u00e3o h\u00e1 desperd\u00edcio de produto (Dose \u00fanica)<br \/>Redu\u00e7\u00e3o de custo em rela\u00e7\u00e3o ao l\u00ed\u00adquido<br \/>Lucro excepcional na revenda<br \/>Biodegrad\u00e1vel<br \/>N\u00e3o mancha<br \/>Pre\u00e7o Imbat\u00edvel<br \/>Praticidade incompar\u00e1vel<br \/>Alta tecnologia patenteada<\/p>\n<p><!-- \/wp:paragraph --><\/p>","protected":false},"excerpt":{"rendered":"<p>Pastilha para banheiros qu\u00edmicos Tablet In COMPRAR LOJA VIRTUAL. https:\/\/youtu.be\/GPXhCnY7Y68 \u00c9 o controlador de odor, desintegrador e desinfetante para banheiro qu\u00edmico mais moderno do mercado, sua tecnologia avan\u00e7ada e patenteada, em forma de pastilha efervescente garante m\u00e1xima limpeza pelo menor custo do mercado. Uma \u00fanica pastilha efervescente dura at\u00e9 60 usos em banheiros qu\u00edmicos ou [&hellip;]<\/p>\n","protected":false},"author":1,"featured_media":0,"parent":0,"menu_order":0,"comment_status":"closed","ping_status":"closed","template":"","meta":{"footnotes":""},"class_list":["post-224","page","type-page","status-publish","hentry"],"yoast_head":"<!-- This site is optimized with the Yoast SEO plugin v27.6 - https:\/\/yoast.com\/product\/yoast-seo-wordpress\/ -->\n<title>PASTILHA PARA BANHEIRO QU\u00cdMICO - BEST TWICE<\/title>\n<meta name=\"robots\" content=\"index, follow, max-snippet:-1, max-image-preview:large, max-video-preview:-1\" \/>\n<link rel=\"canonical\" href=\"https:\/\/besttwice.com.br\/site\/pastilha-para-banheiro-quimico\/\" \/>\n<meta property=\"og:locale\" content=\"pt_BR\" \/>\n<meta property=\"og:type\" content=\"article\" \/>\n<meta property=\"og:title\" content=\"PASTILHA PARA BANHEIRO QU\u00cdMICO - BEST TWICE\" \/>\n<meta property=\"og:description\" content=\"Pastilha para banheiros qu\u00edmicos Tablet In COMPRAR LOJA VIRTUAL. https:\/\/youtu.be\/GPXhCnY7Y68 \u00c9 o controlador de odor, desintegrador e desinfetante para banheiro qu\u00edmico mais moderno do mercado, sua tecnologia avan\u00e7ada e patenteada, em forma de pastilha efervescente garante m\u00e1xima limpeza pelo menor custo do mercado. Uma \u00fanica pastilha efervescente dura at\u00e9 60 usos em banheiros qu\u00edmicos ou [&hellip;]\" \/>\n<meta property=\"og:url\" content=\"https:\/\/besttwice.com.br\/site\/pastilha-para-banheiro-quimico\/\" \/>\n<meta property=\"og:site_name\" content=\"BEST TWICE\" \/>\n<meta property=\"article:modified_time\" content=\"2020-05-25T15:51:50+00:00\" \/>\n<meta property=\"og:image\" content=\"https:\/\/besttwice.com.br\/site\/wp-content\/uploads\/2020\/05\/carrinho-de-supermercado-miniatura-D_NQ_NP_7685-MLB5261953007_102013-F.jpg\" \/>\n<meta name=\"twitter:card\" content=\"summary_large_image\" \/>\n<meta name=\"twitter:label1\" content=\"Est. tempo de leitura\" \/>\n\t<meta name=\"twitter:data1\" content=\"1 minuto\" \/>\n<script type=\"application\/ld+json\" class=\"yoast-schema-graph\">{\"@context\":\"https:\\\/\\\/schema.org\",\"@graph\":[{\"@type\":\"WebPage\",\"@id\":\"https:\\\/\\\/besttwice.com.br\\\/site\\\/pastilha-para-banheiro-quimico\\\/\",\"url\":\"https:\\\/\\\/besttwice.com.br\\\/site\\\/pastilha-para-banheiro-quimico\\\/\",\"name\":\"PASTILHA PARA BANHEIRO QU\u00cdMICO - BEST TWICE\",\"isPartOf\":{\"@id\":\"https:\\\/\\\/besttwice.com.br\\\/site\\\/#website\"},\"primaryImageOfPage\":{\"@id\":\"https:\\\/\\\/besttwice.com.br\\\/site\\\/pastilha-para-banheiro-quimico\\\/#primaryimage\"},\"image\":{\"@id\":\"https:\\\/\\\/besttwice.com.br\\\/site\\\/pastilha-para-banheiro-quimico\\\/#primaryimage\"},\"thumbnailUrl\":\"https:\\\/\\\/besttwice.com.br\\\/site\\\/wp-content\\\/uploads\\\/2020\\\/05\\\/carrinho-de-supermercado-miniatura-D_NQ_NP_7685-MLB5261953007_102013-F.jpg\",\"datePublished\":\"2020-05-25T15:09:20+00:00\",\"dateModified\":\"2020-05-25T15:51:50+00:00\",\"breadcrumb\":{\"@id\":\"https:\\\/\\\/besttwice.com.br\\\/site\\\/pastilha-para-banheiro-quimico\\\/#breadcrumb\"},\"inLanguage\":\"pt-BR\",\"potentialAction\":[{\"@type\":\"ReadAction\",\"target\":[\"https:\\\/\\\/besttwice.com.br\\\/site\\\/pastilha-para-banheiro-quimico\\\/\"]}]},{\"@type\":\"ImageObject\",\"inLanguage\":\"pt-BR\",\"@id\":\"https:\\\/\\\/besttwice.com.br\\\/site\\\/pastilha-para-banheiro-quimico\\\/#primaryimage\",\"url\":\"https:\\\/\\\/besttwice.com.br\\\/site\\\/wp-content\\\/uploads\\\/2020\\\/05\\\/carrinho-de-supermercado-miniatura-D_NQ_NP_7685-MLB5261953007_102013-F.jpg\",\"contentUrl\":\"https:\\\/\\\/besttwice.com.br\\\/site\\\/wp-content\\\/uploads\\\/2020\\\/05\\\/carrinho-de-supermercado-miniatura-D_NQ_NP_7685-MLB5261953007_102013-F.jpg\",\"width\":1000,\"height\":1000},{\"@type\":\"BreadcrumbList\",\"@id\":\"https:\\\/\\\/besttwice.com.br\\\/site\\\/pastilha-para-banheiro-quimico\\\/#breadcrumb\",\"itemListElement\":[{\"@type\":\"ListItem\",\"position\":1,\"name\":\"In\u00edcio\",\"item\":\"https:\\\/\\\/besttwice.com.br\\\/site\\\/\"},{\"@type\":\"ListItem\",\"position\":2,\"name\":\"PASTILHA PARA BANHEIRO QU\u00cdMICO\"}]},{\"@type\":\"WebSite\",\"@id\":\"https:\\\/\\\/besttwice.com.br\\\/site\\\/#website\",\"url\":\"https:\\\/\\\/besttwice.com.br\\\/site\\\/\",\"name\":\"BEST TWICE\",\"description\":\"Pesquisar os problemas do cotidiano e buscar formas de reduzir seus efeitos.\",\"potentialAction\":[{\"@type\":\"SearchAction\",\"target\":{\"@type\":\"EntryPoint\",\"urlTemplate\":\"https:\\\/\\\/besttwice.com.br\\\/site\\\/?s={search_term_string}\"},\"query-input\":{\"@type\":\"PropertyValueSpecification\",\"valueRequired\":true,\"valueName\":\"search_term_string\"}}],\"inLanguage\":\"pt-BR\"}]}<\/script>\n<!-- \/ Yoast SEO plugin. -->","yoast_head_json":{"title":"PASTILHA PARA BANHEIRO QU\u00cdMICO - BEST TWICE","robots":{"index":"index","follow":"follow","max-snippet":"max-snippet:-1","max-image-preview":"max-image-preview:large","max-video-preview":"max-video-preview:-1"},"canonical":"https:\/\/besttwice.com.br\/site\/pastilha-para-banheiro-quimico\/","og_locale":"pt_BR","og_type":"article","og_title":"PASTILHA PARA BANHEIRO QU\u00cdMICO - BEST TWICE","og_description":"Pastilha para banheiros qu\u00edmicos Tablet In COMPRAR LOJA VIRTUAL. https:\/\/youtu.be\/GPXhCnY7Y68 \u00c9 o controlador de odor, desintegrador e desinfetante para banheiro qu\u00edmico mais moderno do mercado, sua tecnologia avan\u00e7ada e patenteada, em forma de pastilha efervescente garante m\u00e1xima limpeza pelo menor custo do mercado. Uma \u00fanica pastilha efervescente dura at\u00e9 60 usos em banheiros qu\u00edmicos ou [&hellip;]","og_url":"https:\/\/besttwice.com.br\/site\/pastilha-para-banheiro-quimico\/","og_site_name":"BEST TWICE","article_modified_time":"2020-05-25T15:51:50+00:00","og_image":[{"url":"https:\/\/besttwice.com.br\/site\/wp-content\/uploads\/2020\/05\/carrinho-de-supermercado-miniatura-D_NQ_NP_7685-MLB5261953007_102013-F.jpg","type":"","width":"","height":""}],"twitter_card":"summary_large_image","twitter_misc":{"Est. tempo de leitura":"1 minuto"},"schema":{"@context":"https:\/\/schema.org","@graph":[{"@type":"WebPage","@id":"https:\/\/besttwice.com.br\/site\/pastilha-para-banheiro-quimico\/","url":"https:\/\/besttwice.com.br\/site\/pastilha-para-banheiro-quimico\/","name":"PASTILHA PARA BANHEIRO QU\u00cdMICO - BEST TWICE","isPartOf":{"@id":"https:\/\/besttwice.com.br\/site\/#website"},"primaryImageOfPage":{"@id":"https:\/\/besttwice.com.br\/site\/pastilha-para-banheiro-quimico\/#primaryimage"},"image":{"@id":"https:\/\/besttwice.com.br\/site\/pastilha-para-banheiro-quimico\/#primaryimage"},"thumbnailUrl":"https:\/\/besttwice.com.br\/site\/wp-content\/uploads\/2020\/05\/carrinho-de-supermercado-miniatura-D_NQ_NP_7685-MLB5261953007_102013-F.jpg","datePublished":"2020-05-25T15:09:20+00:00","dateModified":"2020-05-25T15:51:50+00:00","breadcrumb":{"@id":"https:\/\/besttwice.com.br\/site\/pastilha-para-banheiro-quimico\/#breadcrumb"},"inLanguage":"pt-BR","potentialAction":[{"@type":"ReadAction","target":["https:\/\/besttwice.com.br\/site\/pastilha-para-banheiro-quimico\/"]}]},{"@type":"ImageObject","inLanguage":"pt-BR","@id":"https:\/\/besttwice.com.br\/site\/pastilha-para-banheiro-quimico\/#primaryimage","url":"https:\/\/besttwice.com.br\/site\/wp-content\/uploads\/2020\/05\/carrinho-de-supermercado-miniatura-D_NQ_NP_7685-MLB5261953007_102013-F.jpg","contentUrl":"https:\/\/besttwice.com.br\/site\/wp-content\/uploads\/2020\/05\/carrinho-de-supermercado-miniatura-D_NQ_NP_7685-MLB5261953007_102013-F.jpg","width":1000,"height":1000},{"@type":"BreadcrumbList","@id":"https:\/\/besttwice.com.br\/site\/pastilha-para-banheiro-quimico\/#breadcrumb","itemListElement":[{"@type":"ListItem","position":1,"name":"In\u00edcio","item":"https:\/\/besttwice.com.br\/site\/"},{"@type":"ListItem","position":2,"name":"PASTILHA PARA BANHEIRO QU\u00cdMICO"}]},{"@type":"WebSite","@id":"https:\/\/besttwice.com.br\/site\/#website","url":"https:\/\/besttwice.com.br\/site\/","name":"BEST TWICE","description":"Pesquisar os problemas do cotidiano e buscar formas de reduzir seus efeitos.","potentialAction":[{"@type":"SearchAction","target":{"@type":"EntryPoint","urlTemplate":"https:\/\/besttwice.com.br\/site\/?s={search_term_string}"},"query-input":{"@type":"PropertyValueSpecification","valueRequired":true,"valueName":"search_term_string"}}],"inLanguage":"pt-BR"}]}},"_links":{"self":[{"href":"https:\/\/besttwice.com.br\/site\/wp-json\/wp\/v2\/pages\/224","targetHints":{"allow":["GET"]}}],"collection":[{"href":"https:\/\/besttwice.com.br\/site\/wp-json\/wp\/v2\/pages"}],"about":[{"href":"https:\/\/besttwice.com.br\/site\/wp-json\/wp\/v2\/types\/page"}],"author":[{"embeddable":true,"href":"https:\/\/besttwice.com.br\/site\/wp-json\/wp\/v2\/users\/1"}],"replies":[{"embeddable":true,"href":"https:\/\/besttwice.com.br\/site\/wp-json\/wp\/v2\/comments?post=224"}],"version-history":[{"count":5,"href":"https:\/\/besttwice.com.br\/site\/wp-json\/wp\/v2\/pages\/224\/revisions"}],"predecessor-version":[{"id":241,"href":"https:\/\/besttwice.com.br\/site\/wp-json\/wp\/v2\/pages\/224\/revisions\/241"}],"wp:attachment":[{"href":"https:\/\/besttwice.com.br\/site\/wp-json\/wp\/v2\/media?parent=224"}],"curies":[{"name":"wp","href":"https:\/\/api.w.org\/{rel}","templated":true}]}}