{"id":220,"date":"2020-05-25T15:05:12","date_gmt":"2020-05-25T15:05:12","guid":{"rendered":"https:\/\/besttwice.com.br\/site\/?page_id=220"},"modified":"2020-05-25T15:44:54","modified_gmt":"2020-05-25T15:44:54","slug":"pastilha-limpa-para-brisa","status":"publish","type":"page","link":"https:\/\/besttwice.com.br\/site\/pastilha-limpa-para-brisa\/","title":{"rendered":"PASTILHA LIMPA PARA-BRISA"},"content":{"rendered":"\n<p>A pastilha limpa para-brisas Safety Car \u00e9 fabricada com uma tecnologia avan\u00e7ada para a limpeza dos detritos como graxas, insetos, gorduras, fuligem, clara de ovo e lama e tamb\u00e9m preserva a palheta limpadora do seu ve\u00ed\u00adculo.<\/p>\n\n\n<h1>COMPRAR<\/h1>\n<p><!-- \/wp:post-content --><\/p>\n<p><!-- wp:image {\"id\":\"128\",\"width\":346,\"height\":346} --><\/p>\n<figure class=\"wp-block-image is-resized\"><img fetchpriority=\"high\" decoding=\"async\" src=\"https:\/\/besttwice.com.br\/site\/wp-content\/uploads\/2020\/05\/carrinho-de-supermercado-miniatura-D_NQ_NP_7685-MLB5261953007_102013-F.jpg\" alt=\"\" class=\"wp-image-128\" width=\"346\" height=\"346\" srcset=\"https:\/\/besttwice.com.br\/site\/wp-content\/uploads\/2020\/05\/carrinho-de-supermercado-miniatura-D_NQ_NP_7685-MLB5261953007_102013-F.jpg 1000w, https:\/\/besttwice.com.br\/site\/wp-content\/uploads\/2020\/05\/carrinho-de-supermercado-miniatura-D_NQ_NP_7685-MLB5261953007_102013-F-300x300.jpg 300w, https:\/\/besttwice.com.br\/site\/wp-content\/uploads\/2020\/05\/carrinho-de-supermercado-miniatura-D_NQ_NP_7685-MLB5261953007_102013-F-150x150.jpg 150w, https:\/\/besttwice.com.br\/site\/wp-content\/uploads\/2020\/05\/carrinho-de-supermercado-miniatura-D_NQ_NP_7685-MLB5261953007_102013-F-768x768.jpg 768w\" sizes=\"(max-width: 346px) 100vw, 346px\" \/><\/figure>\n<p><!-- \/wp:image --><\/p>\n<p><!-- wp:heading {\"level\":1} --><\/p>\n<h1><a href=\"https:\/\/loja.besttwice.com.br\/pd-4c7d02-pastilha-limpa-para-brisa-caixa-com-50-pastilhas-frete-gratis.html?ct=1cb995&amp;p=1&amp;s=1\" target=\"_blank\" rel=\"noreferrer noopener\">LOJA VIRTUAL.<\/a><\/h1>\n<p><!-- \/wp:heading --><\/p>\n<p><!-- wp:paragraph --><\/p>\n<p>FISPQ PASTILHA LIMPA PARA-BRISA SAFETY CAR (solicitar)<\/p>\n<p><!-- \/wp:paragraph --><\/p>\n<p><!-- wp:paragraph --><\/p>\n<p>Info \u2013 Safety Car \u2013 Pastilha Limpa Para-brisa (solicitar)<\/p>\n<p><!-- \/wp:paragraph --><\/p>\n<p><!-- wp:core-embed\/youtube {\"url\":\"https:\/\/www.youtube.com\/watch?v=EugGzsonEwM\",\"type\":\"video\",\"providerNameSlug\":\"youtube\",\"className\":\"wp-embed-aspect-16-9 wp-has-aspect-ratio\"} --><\/p>\n<figure class=\"wp-block-embed-youtube wp-block-embed is-type-video is-provider-youtube wp-embed-aspect-16-9 wp-has-aspect-ratio\">\n<div class=\"wp-block-embed__wrapper\">\n<div class=\"epyt-video-wrapper\"><iframe  id=\"_ytid_39684\"  width=\"1170\" height=\"658\"  data-origwidth=\"1170\" data-origheight=\"658\"  data-relstop=\"1\" src=\"https:\/\/www.youtube.com\/embed\/EugGzsonEwM?enablejsapi=1&#038;autoplay=0&#038;cc_load_policy=0&#038;cc_lang_pref=&#038;iv_load_policy=1&#038;loop=0&#038;modestbranding=1&#038;rel=0&#038;fs=1&#038;playsinline=0&#038;autohide=2&#038;theme=dark&#038;color=red&#038;controls=1&#038;\" class=\"__youtube_prefs__  epyt-is-override  no-lazyload\" title=\"YouTube player\"  allow=\"fullscreen; accelerometer; autoplay; clipboard-write; encrypted-media; gyroscope; picture-in-picture\" allowfullscreen data-no-lazy=\"1\" data-skipgform_ajax_framebjll=\"\"><\/iframe><\/div>\n<\/div>\n<\/figure>\n<p><!-- \/wp:core-embed\/youtube --><\/p>\n<p><!-- wp:paragraph --><\/p>\n<p>O PROBLEMA<br>\nNos autom\u00f3veis, um dos problemas mais comuns \u00e9 o ac\u00famulo sujeira no para-brisa, oriundas de poeiras, gorduras, graxas, insetos, fezes de p\u00e1ssaros, fuligem e lama que caem no seu ve\u00edculo, seja ao transitar pelas ruas ou quando est\u00e1 estacionado, causando dificuldades de visualiza\u00e7\u00e3o, limpeza e ressecamento das palhetas.<\/p>\n<p><!-- \/wp:paragraph --><\/p>\n<p><!-- wp:gallery {\"ids\":[228]} --><\/p>\n<figure class=\"wp-block-gallery columns-1 is-cropped\">\n<ul class=\"blocks-gallery-grid\">\n<li class=\"blocks-gallery-item\">\n<figure><img decoding=\"async\" width=\"732\" height=\"589\" src=\"https:\/\/besttwice.com.br\/site\/wp-content\/uploads\/2020\/05\/limpa-para-brisa.jpg\" alt=\"\" data-id=\"228\" data-full-url=\"https:\/\/besttwice.com.br\/site\/wp-content\/uploads\/2020\/05\/limpa-para-brisa.jpg\" data-link=\"https:\/\/besttwice.com.br\/site\/limpa-para-brisa\/\" class=\"wp-image-228\" srcset=\"https:\/\/besttwice.com.br\/site\/wp-content\/uploads\/2020\/05\/limpa-para-brisa.jpg 732w, https:\/\/besttwice.com.br\/site\/wp-content\/uploads\/2020\/05\/limpa-para-brisa-300x241.jpg 300w\" sizes=\"(max-width: 732px) 100vw, 732px\" \/><\/figure>\n<\/li>\n<\/ul>\n<\/figure>\n<p><!-- \/wp:gallery --><\/p>\n<p><!-- wp:gallery {\"ids\":[229]} --><\/p>\n<figure class=\"wp-block-gallery columns-1 is-cropped\">\n<ul class=\"blocks-gallery-grid\">\n<li class=\"blocks-gallery-item\">\n<figure><img decoding=\"async\" width=\"1024\" height=\"408\" src=\"https:\/\/besttwice.com.br\/site\/wp-content\/uploads\/2020\/05\/para-brisa-1024x408.jpg\" alt=\"\" data-id=\"229\" data-full-url=\"https:\/\/besttwice.com.br\/site\/wp-content\/uploads\/2020\/05\/para-brisa.jpg\" data-link=\"https:\/\/besttwice.com.br\/site\/para-brisa\/\" class=\"wp-image-229\" srcset=\"https:\/\/besttwice.com.br\/site\/wp-content\/uploads\/2020\/05\/para-brisa-1024x408.jpg 1024w, https:\/\/besttwice.com.br\/site\/wp-content\/uploads\/2020\/05\/para-brisa-300x120.jpg 300w, https:\/\/besttwice.com.br\/site\/wp-content\/uploads\/2020\/05\/para-brisa-768x306.jpg 768w, https:\/\/besttwice.com.br\/site\/wp-content\/uploads\/2020\/05\/para-brisa.jpg 1214w\" sizes=\"(max-width: 1024px) 100vw, 1024px\" \/><\/figure>\n<\/li>\n<\/ul>\n<\/figure>\n<p><!-- \/wp:gallery --><\/p>\n<p><!-- wp:paragraph --><\/p>\n<h1>COMPRAR<\/h1>\n<p><!-- \/wp:paragraph --><\/p>\n<p><!-- wp:image {\"id\":\"128\",\"width\":346,\"height\":346} --><\/p>\n<figure class=\"wp-block-image is-resized\"><img fetchpriority=\"high\" decoding=\"async\" src=\"https:\/\/besttwice.com.br\/site\/wp-content\/uploads\/2020\/05\/carrinho-de-supermercado-miniatura-D_NQ_NP_7685-MLB5261953007_102013-F.jpg\" alt=\"\" class=\"wp-image-128\" width=\"346\" height=\"346\" srcset=\"https:\/\/besttwice.com.br\/site\/wp-content\/uploads\/2020\/05\/carrinho-de-supermercado-miniatura-D_NQ_NP_7685-MLB5261953007_102013-F.jpg 1000w, https:\/\/besttwice.com.br\/site\/wp-content\/uploads\/2020\/05\/carrinho-de-supermercado-miniatura-D_NQ_NP_7685-MLB5261953007_102013-F-300x300.jpg 300w, https:\/\/besttwice.com.br\/site\/wp-content\/uploads\/2020\/05\/carrinho-de-supermercado-miniatura-D_NQ_NP_7685-MLB5261953007_102013-F-150x150.jpg 150w, https:\/\/besttwice.com.br\/site\/wp-content\/uploads\/2020\/05\/carrinho-de-supermercado-miniatura-D_NQ_NP_7685-MLB5261953007_102013-F-768x768.jpg 768w\" sizes=\"(max-width: 346px) 100vw, 346px\" \/><\/figure>\n<p><!-- \/wp:image --><\/p>\n<p><!-- wp:heading {\"level\":1} --><\/p>\n<h1><a href=\"https:\/\/loja.besttwice.com.br\/pd-4c7d02-pastilha-limpa-para-brisa-caixa-com-50-pastilhas-frete-gratis.html?ct=1cb995&amp;p=1&amp;s=1\" target=\"_blank\" rel=\"noreferrer noopener\">LOJA VIRTUAL.<\/a><\/h1>\n<p><!-- \/wp:heading --><\/p>\n<p>A SOLU\u00c7\u00c3O<br>\nA TABLET IN fabrica uma pequena pastilha concentrada para limpeza o para-brisa dos ve\u00ed\u00adculos. <br>\nCom uma tecnologia avan\u00e7ada em forma de uma pequena pastilha concentrada, a Pastilha Limpa Para-Brisa Safety Car limpa os detritos mais dif\u00ed\u00adceis como graxas, insetos, gordura, fuligem e lama sem esfor\u00e7o, al\u00e9m de preservar a palheta limpadora do seu carro.<\/p>\n<p><!-- \/wp:paragraph --><\/p>\n<p><!-- wp:gallery {\"ids\":[230]} --><\/p>\n<figure class=\"wp-block-gallery columns-1 is-cropped\">\n<ul class=\"blocks-gallery-grid\">\n<li class=\"blocks-gallery-item\">\n<figure><img loading=\"lazy\" decoding=\"async\" width=\"1024\" height=\"566\" src=\"https:\/\/besttwice.com.br\/site\/wp-content\/uploads\/2020\/05\/pastilha-limpa-para-brisa-1024x566.jpg\" alt=\"\" data-id=\"230\" data-full-url=\"https:\/\/besttwice.com.br\/site\/wp-content\/uploads\/2020\/05\/pastilha-limpa-para-brisa.jpg\" data-link=\"https:\/\/besttwice.com.br\/site\/pastilha-limpa-para-brisa-2\/\" class=\"wp-image-230\" srcset=\"https:\/\/besttwice.com.br\/site\/wp-content\/uploads\/2020\/05\/pastilha-limpa-para-brisa-1024x566.jpg 1024w, https:\/\/besttwice.com.br\/site\/wp-content\/uploads\/2020\/05\/pastilha-limpa-para-brisa-300x166.jpg 300w, https:\/\/besttwice.com.br\/site\/wp-content\/uploads\/2020\/05\/pastilha-limpa-para-brisa-768x424.jpg 768w, https:\/\/besttwice.com.br\/site\/wp-content\/uploads\/2020\/05\/pastilha-limpa-para-brisa-1536x849.jpg 1536w, https:\/\/besttwice.com.br\/site\/wp-content\/uploads\/2020\/05\/pastilha-limpa-para-brisa.jpg 1600w\" sizes=\"(max-width: 1024px) 100vw, 1024px\" \/><\/figure>\n<\/li>\n<\/ul>\n<\/figure>\n<p><!-- \/wp:gallery --><\/p>\n<p><!-- wp:paragraph --><\/p>\n<p>Vantagens:<\/p>\n<p><!-- \/wp:paragraph --><\/p>\n<p><!-- wp:paragraph --><\/p>\n<p>Alta Tecnologia Patenteada<br>\nTem a\u00e7\u00e3o instant\u00e2nea<br>\nLimpa as sujeiras mais dif\u00ed\u00adceis<br>\nF\u00e1cil de usar<br>\nItem primordial para sua seguran\u00e7a<br>\nBiodegrad\u00e1vel<br>\nMais barato que as vers\u00f5es l\u00ed\u00adquidas<\/p>\n<p><!-- \/wp:paragraph --><\/p>","protected":false},"excerpt":{"rendered":"<p>A pastilha limpa para-brisas Safety Car \u00e9 fabricada com uma tecnologia avan\u00e7ada para a limpeza dos detritos como graxas, insetos, gorduras, fuligem, clara de ovo e lama e tamb\u00e9m preserva a palheta limpadora do seu ve\u00ed\u00adculo. COMPRAR LOJA VIRTUAL. FISPQ PASTILHA LIMPA PARA-BRISA SAFETY CAR (solicitar) Info \u2013 Safety Car \u2013 Pastilha Limpa Para-brisa (solicitar) [&hellip;]<\/p>\n","protected":false},"author":1,"featured_media":0,"parent":0,"menu_order":0,"comment_status":"closed","ping_status":"closed","template":"","meta":{"footnotes":""},"class_list":["post-220","page","type-page","status-publish","hentry"],"yoast_head":"<!-- This site is optimized with the Yoast SEO plugin v27.6 - https:\/\/yoast.com\/product\/yoast-seo-wordpress\/ -->\n<title>PASTILHA LIMPA PARA-BRISA - BEST TWICE<\/title>\n<meta name=\"robots\" content=\"index, follow, max-snippet:-1, max-image-preview:large, max-video-preview:-1\" \/>\n<link rel=\"canonical\" href=\"https:\/\/besttwice.com.br\/site\/pastilha-limpa-para-brisa\/\" \/>\n<meta property=\"og:locale\" content=\"pt_BR\" \/>\n<meta property=\"og:type\" content=\"article\" \/>\n<meta property=\"og:title\" content=\"PASTILHA LIMPA PARA-BRISA - BEST TWICE\" \/>\n<meta property=\"og:description\" content=\"A pastilha limpa para-brisas Safety Car \u00e9 fabricada com uma tecnologia avan\u00e7ada para a limpeza dos detritos como graxas, insetos, gorduras, fuligem, clara de ovo e lama e tamb\u00e9m preserva a palheta limpadora do seu ve\u00ed\u00adculo. COMPRAR LOJA VIRTUAL. FISPQ PASTILHA LIMPA PARA-BRISA SAFETY CAR (solicitar) Info \u2013 Safety Car \u2013 Pastilha Limpa Para-brisa (solicitar) [&hellip;]\" \/>\n<meta property=\"og:url\" content=\"https:\/\/besttwice.com.br\/site\/pastilha-limpa-para-brisa\/\" \/>\n<meta property=\"og:site_name\" content=\"BEST TWICE\" \/>\n<meta property=\"article:modified_time\" content=\"2020-05-25T15:44:54+00:00\" \/>\n<meta property=\"og:image\" content=\"https:\/\/besttwice.com.br\/site\/wp-content\/uploads\/2020\/05\/carrinho-de-supermercado-miniatura-D_NQ_NP_7685-MLB5261953007_102013-F.jpg\" \/>\n<meta name=\"twitter:card\" content=\"summary_large_image\" \/>\n<meta name=\"twitter:label1\" content=\"Est. tempo de leitura\" \/>\n\t<meta name=\"twitter:data1\" content=\"1 minuto\" \/>\n<script type=\"application\/ld+json\" class=\"yoast-schema-graph\">{\"@context\":\"https:\\\/\\\/schema.org\",\"@graph\":[{\"@type\":\"WebPage\",\"@id\":\"https:\\\/\\\/besttwice.com.br\\\/site\\\/pastilha-limpa-para-brisa\\\/\",\"url\":\"https:\\\/\\\/besttwice.com.br\\\/site\\\/pastilha-limpa-para-brisa\\\/\",\"name\":\"PASTILHA LIMPA PARA-BRISA - BEST TWICE\",\"isPartOf\":{\"@id\":\"https:\\\/\\\/besttwice.com.br\\\/site\\\/#website\"},\"primaryImageOfPage\":{\"@id\":\"https:\\\/\\\/besttwice.com.br\\\/site\\\/pastilha-limpa-para-brisa\\\/#primaryimage\"},\"image\":{\"@id\":\"https:\\\/\\\/besttwice.com.br\\\/site\\\/pastilha-limpa-para-brisa\\\/#primaryimage\"},\"thumbnailUrl\":\"https:\\\/\\\/besttwice.com.br\\\/site\\\/wp-content\\\/uploads\\\/2020\\\/05\\\/carrinho-de-supermercado-miniatura-D_NQ_NP_7685-MLB5261953007_102013-F.jpg\",\"datePublished\":\"2020-05-25T15:05:12+00:00\",\"dateModified\":\"2020-05-25T15:44:54+00:00\",\"breadcrumb\":{\"@id\":\"https:\\\/\\\/besttwice.com.br\\\/site\\\/pastilha-limpa-para-brisa\\\/#breadcrumb\"},\"inLanguage\":\"pt-BR\",\"potentialAction\":[{\"@type\":\"ReadAction\",\"target\":[\"https:\\\/\\\/besttwice.com.br\\\/site\\\/pastilha-limpa-para-brisa\\\/\"]}]},{\"@type\":\"ImageObject\",\"inLanguage\":\"pt-BR\",\"@id\":\"https:\\\/\\\/besttwice.com.br\\\/site\\\/pastilha-limpa-para-brisa\\\/#primaryimage\",\"url\":\"https:\\\/\\\/besttwice.com.br\\\/site\\\/wp-content\\\/uploads\\\/2020\\\/05\\\/carrinho-de-supermercado-miniatura-D_NQ_NP_7685-MLB5261953007_102013-F.jpg\",\"contentUrl\":\"https:\\\/\\\/besttwice.com.br\\\/site\\\/wp-content\\\/uploads\\\/2020\\\/05\\\/carrinho-de-supermercado-miniatura-D_NQ_NP_7685-MLB5261953007_102013-F.jpg\",\"width\":1000,\"height\":1000},{\"@type\":\"BreadcrumbList\",\"@id\":\"https:\\\/\\\/besttwice.com.br\\\/site\\\/pastilha-limpa-para-brisa\\\/#breadcrumb\",\"itemListElement\":[{\"@type\":\"ListItem\",\"position\":1,\"name\":\"In\u00edcio\",\"item\":\"https:\\\/\\\/besttwice.com.br\\\/site\\\/\"},{\"@type\":\"ListItem\",\"position\":2,\"name\":\"PASTILHA LIMPA PARA-BRISA\"}]},{\"@type\":\"WebSite\",\"@id\":\"https:\\\/\\\/besttwice.com.br\\\/site\\\/#website\",\"url\":\"https:\\\/\\\/besttwice.com.br\\\/site\\\/\",\"name\":\"BEST TWICE\",\"description\":\"Pesquisar os problemas do cotidiano e buscar formas de reduzir seus efeitos.\",\"potentialAction\":[{\"@type\":\"SearchAction\",\"target\":{\"@type\":\"EntryPoint\",\"urlTemplate\":\"https:\\\/\\\/besttwice.com.br\\\/site\\\/?s={search_term_string}\"},\"query-input\":{\"@type\":\"PropertyValueSpecification\",\"valueRequired\":true,\"valueName\":\"search_term_string\"}}],\"inLanguage\":\"pt-BR\"}]}<\/script>\n<!-- \/ Yoast SEO plugin. -->","yoast_head_json":{"title":"PASTILHA LIMPA PARA-BRISA - BEST TWICE","robots":{"index":"index","follow":"follow","max-snippet":"max-snippet:-1","max-image-preview":"max-image-preview:large","max-video-preview":"max-video-preview:-1"},"canonical":"https:\/\/besttwice.com.br\/site\/pastilha-limpa-para-brisa\/","og_locale":"pt_BR","og_type":"article","og_title":"PASTILHA LIMPA PARA-BRISA - BEST TWICE","og_description":"A pastilha limpa para-brisas Safety Car \u00e9 fabricada com uma tecnologia avan\u00e7ada para a limpeza dos detritos como graxas, insetos, gorduras, fuligem, clara de ovo e lama e tamb\u00e9m preserva a palheta limpadora do seu ve\u00ed\u00adculo. COMPRAR LOJA VIRTUAL. FISPQ PASTILHA LIMPA PARA-BRISA SAFETY CAR (solicitar) Info \u2013 Safety Car \u2013 Pastilha Limpa Para-brisa (solicitar) [&hellip;]","og_url":"https:\/\/besttwice.com.br\/site\/pastilha-limpa-para-brisa\/","og_site_name":"BEST TWICE","article_modified_time":"2020-05-25T15:44:54+00:00","og_image":[{"url":"https:\/\/besttwice.com.br\/site\/wp-content\/uploads\/2020\/05\/carrinho-de-supermercado-miniatura-D_NQ_NP_7685-MLB5261953007_102013-F.jpg","type":"","width":"","height":""}],"twitter_card":"summary_large_image","twitter_misc":{"Est. tempo de leitura":"1 minuto"},"schema":{"@context":"https:\/\/schema.org","@graph":[{"@type":"WebPage","@id":"https:\/\/besttwice.com.br\/site\/pastilha-limpa-para-brisa\/","url":"https:\/\/besttwice.com.br\/site\/pastilha-limpa-para-brisa\/","name":"PASTILHA LIMPA PARA-BRISA - BEST TWICE","isPartOf":{"@id":"https:\/\/besttwice.com.br\/site\/#website"},"primaryImageOfPage":{"@id":"https:\/\/besttwice.com.br\/site\/pastilha-limpa-para-brisa\/#primaryimage"},"image":{"@id":"https:\/\/besttwice.com.br\/site\/pastilha-limpa-para-brisa\/#primaryimage"},"thumbnailUrl":"https:\/\/besttwice.com.br\/site\/wp-content\/uploads\/2020\/05\/carrinho-de-supermercado-miniatura-D_NQ_NP_7685-MLB5261953007_102013-F.jpg","datePublished":"2020-05-25T15:05:12+00:00","dateModified":"2020-05-25T15:44:54+00:00","breadcrumb":{"@id":"https:\/\/besttwice.com.br\/site\/pastilha-limpa-para-brisa\/#breadcrumb"},"inLanguage":"pt-BR","potentialAction":[{"@type":"ReadAction","target":["https:\/\/besttwice.com.br\/site\/pastilha-limpa-para-brisa\/"]}]},{"@type":"ImageObject","inLanguage":"pt-BR","@id":"https:\/\/besttwice.com.br\/site\/pastilha-limpa-para-brisa\/#primaryimage","url":"https:\/\/besttwice.com.br\/site\/wp-content\/uploads\/2020\/05\/carrinho-de-supermercado-miniatura-D_NQ_NP_7685-MLB5261953007_102013-F.jpg","contentUrl":"https:\/\/besttwice.com.br\/site\/wp-content\/uploads\/2020\/05\/carrinho-de-supermercado-miniatura-D_NQ_NP_7685-MLB5261953007_102013-F.jpg","width":1000,"height":1000},{"@type":"BreadcrumbList","@id":"https:\/\/besttwice.com.br\/site\/pastilha-limpa-para-brisa\/#breadcrumb","itemListElement":[{"@type":"ListItem","position":1,"name":"In\u00edcio","item":"https:\/\/besttwice.com.br\/site\/"},{"@type":"ListItem","position":2,"name":"PASTILHA LIMPA PARA-BRISA"}]},{"@type":"WebSite","@id":"https:\/\/besttwice.com.br\/site\/#website","url":"https:\/\/besttwice.com.br\/site\/","name":"BEST TWICE","description":"Pesquisar os problemas do cotidiano e buscar formas de reduzir seus efeitos.","potentialAction":[{"@type":"SearchAction","target":{"@type":"EntryPoint","urlTemplate":"https:\/\/besttwice.com.br\/site\/?s={search_term_string}"},"query-input":{"@type":"PropertyValueSpecification","valueRequired":true,"valueName":"search_term_string"}}],"inLanguage":"pt-BR"}]}},"_links":{"self":[{"href":"https:\/\/besttwice.com.br\/site\/wp-json\/wp\/v2\/pages\/220","targetHints":{"allow":["GET"]}}],"collection":[{"href":"https:\/\/besttwice.com.br\/site\/wp-json\/wp\/v2\/pages"}],"about":[{"href":"https:\/\/besttwice.com.br\/site\/wp-json\/wp\/v2\/types\/page"}],"author":[{"embeddable":true,"href":"https:\/\/besttwice.com.br\/site\/wp-json\/wp\/v2\/users\/1"}],"replies":[{"embeddable":true,"href":"https:\/\/besttwice.com.br\/site\/wp-json\/wp\/v2\/comments?post=220"}],"version-history":[{"count":4,"href":"https:\/\/besttwice.com.br\/site\/wp-json\/wp\/v2\/pages\/220\/revisions"}],"predecessor-version":[{"id":236,"href":"https:\/\/besttwice.com.br\/site\/wp-json\/wp\/v2\/pages\/220\/revisions\/236"}],"wp:attachment":[{"href":"https:\/\/besttwice.com.br\/site\/wp-json\/wp\/v2\/media?parent=220"}],"curies":[{"name":"wp","href":"https:\/\/api.w.org\/{rel}","templated":true}]}}