{"id":216,"date":"2020-05-25T14:56:22","date_gmt":"2020-05-25T14:56:22","guid":{"rendered":"https:\/\/besttwice.com.br\/site\/?page_id=216"},"modified":"2020-05-25T14:59:26","modified_gmt":"2020-05-25T14:59:26","slug":"espanhol-2","status":"publish","type":"page","link":"https:\/\/besttwice.com.br\/site\/espanhol-2\/","title":{"rendered":"ESPANHOL"},"content":{"rendered":"<p><br>\n<br>\n<!--StartFragment--><\/p>\n\n\n<p>Voc\u00ea j\u00e1 teve alguma dificuldade no aprendizado da l\u00edngua Espanhola em fun\u00e7\u00e3o de um atendimento n\u00e3o satisfat\u00f3rio?<\/p>\n\n\n\n<p> Voc\u00ea j\u00e1 teve alguma dificuldade no aprendizado da l\u00edngua Espanhola em fun\u00e7\u00e3o de entender que est\u00e1 s\u00f3?<\/p>\n\n\n\n<p> Voc\u00ea j\u00e1 teve alguma dificuldade no aprendizado da l\u00edngua Espanhola em fun\u00e7\u00e3o de n\u00e3o ser tratadx de forma exclusiva? <\/p>\n\n\n\n<p> Voc\u00ea j\u00e1 teve alguma dificuldade no aprendizado da l\u00edngua Espanhola em fun\u00e7\u00e3o dxs instrutores n\u00e3o entenderem suas necessidades? <\/p>\n\n\n\n<p>Voc\u00ea gostaria de conhecer a l\u00edngua Espanhola, de forma que atenda suas necessidades em termos de expectativa, prazo e custo?  <\/p>\n\n\n\n<p>Em algum momento voc\u00ea precisou de algum conhecimento da l\u00edngua   Espanhola e n\u00e3o soube o que fazer?<\/p>\n\n\n\n<p>Voc\u00ea gostaria de aprender a l\u00edngua Espanhola para melhorar as suas habilidades di\u00e1rias? <\/p>\n\n\n\n<p>Em algum momento voc\u00ea precisou de algum conhecimento da l\u00edngua   Espanhola em suas atividades profissionais e n\u00e3o soube o que fazer ou a quem recorrer? <\/p>\n\n\n\n<p>Voc\u00ea precisa aprender a l\u00edngua Espanhola para melhorar as suas compet\u00eancias profissionais? <\/p>\n\n\n\n<p>Voc\u00ea gostaria de viajar para os pa\u00edses de l\u00edngua Espanhola e se sentir confort\u00e1vel em se comunicar com um habitante local?<\/p>\n\n\n\n<p>A nossa empresa BEST TWICE Idiomas e Treinamentos, entendendo as defici\u00eancia e os problemas no setor, inaugura a sua \u00e1rea de idiomas para gerar uma nova experi\u00eancia e a solu\u00e7\u00e3o que voc\u00ea precisa.<\/p>\n\n\n\n<p>Aqui voc\u00ea n\u00e3o estar\u00e1 s\u00f3, aqui voc\u00ea ser\u00e1 tratado com exclusividade.<\/p>\n\n\n<p><!--EndFragment--><br>\n<br>\n<\/p>","protected":false},"excerpt":{"rendered":"<p>Voc\u00ea j\u00e1 teve alguma dificuldade no aprendizado da l\u00edngua Espanhola em fun\u00e7\u00e3o de um atendimento n\u00e3o satisfat\u00f3rio? Voc\u00ea j\u00e1 teve alguma dificuldade no aprendizado da l\u00edngua Espanhola em fun\u00e7\u00e3o de entender que est\u00e1 s\u00f3? Voc\u00ea j\u00e1 teve alguma dificuldade no aprendizado da l\u00edngua Espanhola em fun\u00e7\u00e3o de n\u00e3o ser tratadx de forma exclusiva? Voc\u00ea j\u00e1 [&hellip;]<\/p>\n","protected":false},"author":1,"featured_media":0,"parent":0,"menu_order":0,"comment_status":"closed","ping_status":"closed","template":"","meta":{"footnotes":""},"class_list":["post-216","page","type-page","status-publish","hentry"],"yoast_head":"<!-- This site is optimized with the Yoast SEO plugin v27.6 - https:\/\/yoast.com\/product\/yoast-seo-wordpress\/ -->\n<title>ESPANHOL - BEST TWICE<\/title>\n<meta name=\"robots\" content=\"index, follow, max-snippet:-1, max-image-preview:large, max-video-preview:-1\" \/>\n<link rel=\"canonical\" href=\"https:\/\/besttwice.com.br\/site\/espanhol-2\/\" \/>\n<meta property=\"og:locale\" content=\"pt_BR\" \/>\n<meta property=\"og:type\" content=\"article\" \/>\n<meta property=\"og:title\" content=\"ESPANHOL - BEST TWICE\" \/>\n<meta property=\"og:description\" content=\"Voc\u00ea j\u00e1 teve alguma dificuldade no aprendizado da l\u00edngua Espanhola em fun\u00e7\u00e3o de um atendimento n\u00e3o satisfat\u00f3rio? Voc\u00ea j\u00e1 teve alguma dificuldade no aprendizado da l\u00edngua Espanhola em fun\u00e7\u00e3o de entender que est\u00e1 s\u00f3? Voc\u00ea j\u00e1 teve alguma dificuldade no aprendizado da l\u00edngua Espanhola em fun\u00e7\u00e3o de n\u00e3o ser tratadx de forma exclusiva? Voc\u00ea j\u00e1 [&hellip;]\" \/>\n<meta property=\"og:url\" content=\"https:\/\/besttwice.com.br\/site\/espanhol-2\/\" \/>\n<meta property=\"og:site_name\" content=\"BEST TWICE\" \/>\n<meta property=\"article:modified_time\" content=\"2020-05-25T14:59:26+00:00\" \/>\n<meta name=\"twitter:card\" content=\"summary_large_image\" \/>\n<meta name=\"twitter:label1\" content=\"Est. tempo de leitura\" \/>\n\t<meta name=\"twitter:data1\" content=\"1 minuto\" \/>\n<script type=\"application\/ld+json\" class=\"yoast-schema-graph\">{\"@context\":\"https:\\\/\\\/schema.org\",\"@graph\":[{\"@type\":\"WebPage\",\"@id\":\"https:\\\/\\\/besttwice.com.br\\\/site\\\/espanhol-2\\\/\",\"url\":\"https:\\\/\\\/besttwice.com.br\\\/site\\\/espanhol-2\\\/\",\"name\":\"ESPANHOL - BEST TWICE\",\"isPartOf\":{\"@id\":\"https:\\\/\\\/besttwice.com.br\\\/site\\\/#website\"},\"datePublished\":\"2020-05-25T14:56:22+00:00\",\"dateModified\":\"2020-05-25T14:59:26+00:00\",\"breadcrumb\":{\"@id\":\"https:\\\/\\\/besttwice.com.br\\\/site\\\/espanhol-2\\\/#breadcrumb\"},\"inLanguage\":\"pt-BR\",\"potentialAction\":[{\"@type\":\"ReadAction\",\"target\":[\"https:\\\/\\\/besttwice.com.br\\\/site\\\/espanhol-2\\\/\"]}]},{\"@type\":\"BreadcrumbList\",\"@id\":\"https:\\\/\\\/besttwice.com.br\\\/site\\\/espanhol-2\\\/#breadcrumb\",\"itemListElement\":[{\"@type\":\"ListItem\",\"position\":1,\"name\":\"In\u00edcio\",\"item\":\"https:\\\/\\\/besttwice.com.br\\\/site\\\/\"},{\"@type\":\"ListItem\",\"position\":2,\"name\":\"ESPANHOL\"}]},{\"@type\":\"WebSite\",\"@id\":\"https:\\\/\\\/besttwice.com.br\\\/site\\\/#website\",\"url\":\"https:\\\/\\\/besttwice.com.br\\\/site\\\/\",\"name\":\"BEST TWICE\",\"description\":\"Pesquisar os problemas do cotidiano e buscar formas de reduzir seus efeitos.\",\"potentialAction\":[{\"@type\":\"SearchAction\",\"target\":{\"@type\":\"EntryPoint\",\"urlTemplate\":\"https:\\\/\\\/besttwice.com.br\\\/site\\\/?s={search_term_string}\"},\"query-input\":{\"@type\":\"PropertyValueSpecification\",\"valueRequired\":true,\"valueName\":\"search_term_string\"}}],\"inLanguage\":\"pt-BR\"}]}<\/script>\n<!-- \/ Yoast SEO plugin. -->","yoast_head_json":{"title":"ESPANHOL - BEST TWICE","robots":{"index":"index","follow":"follow","max-snippet":"max-snippet:-1","max-image-preview":"max-image-preview:large","max-video-preview":"max-video-preview:-1"},"canonical":"https:\/\/besttwice.com.br\/site\/espanhol-2\/","og_locale":"pt_BR","og_type":"article","og_title":"ESPANHOL - BEST TWICE","og_description":"Voc\u00ea j\u00e1 teve alguma dificuldade no aprendizado da l\u00edngua Espanhola em fun\u00e7\u00e3o de um atendimento n\u00e3o satisfat\u00f3rio? Voc\u00ea j\u00e1 teve alguma dificuldade no aprendizado da l\u00edngua Espanhola em fun\u00e7\u00e3o de entender que est\u00e1 s\u00f3? Voc\u00ea j\u00e1 teve alguma dificuldade no aprendizado da l\u00edngua Espanhola em fun\u00e7\u00e3o de n\u00e3o ser tratadx de forma exclusiva? Voc\u00ea j\u00e1 [&hellip;]","og_url":"https:\/\/besttwice.com.br\/site\/espanhol-2\/","og_site_name":"BEST TWICE","article_modified_time":"2020-05-25T14:59:26+00:00","twitter_card":"summary_large_image","twitter_misc":{"Est. tempo de leitura":"1 minuto"},"schema":{"@context":"https:\/\/schema.org","@graph":[{"@type":"WebPage","@id":"https:\/\/besttwice.com.br\/site\/espanhol-2\/","url":"https:\/\/besttwice.com.br\/site\/espanhol-2\/","name":"ESPANHOL - BEST TWICE","isPartOf":{"@id":"https:\/\/besttwice.com.br\/site\/#website"},"datePublished":"2020-05-25T14:56:22+00:00","dateModified":"2020-05-25T14:59:26+00:00","breadcrumb":{"@id":"https:\/\/besttwice.com.br\/site\/espanhol-2\/#breadcrumb"},"inLanguage":"pt-BR","potentialAction":[{"@type":"ReadAction","target":["https:\/\/besttwice.com.br\/site\/espanhol-2\/"]}]},{"@type":"BreadcrumbList","@id":"https:\/\/besttwice.com.br\/site\/espanhol-2\/#breadcrumb","itemListElement":[{"@type":"ListItem","position":1,"name":"In\u00edcio","item":"https:\/\/besttwice.com.br\/site\/"},{"@type":"ListItem","position":2,"name":"ESPANHOL"}]},{"@type":"WebSite","@id":"https:\/\/besttwice.com.br\/site\/#website","url":"https:\/\/besttwice.com.br\/site\/","name":"BEST TWICE","description":"Pesquisar os problemas do cotidiano e buscar formas de reduzir seus efeitos.","potentialAction":[{"@type":"SearchAction","target":{"@type":"EntryPoint","urlTemplate":"https:\/\/besttwice.com.br\/site\/?s={search_term_string}"},"query-input":{"@type":"PropertyValueSpecification","valueRequired":true,"valueName":"search_term_string"}}],"inLanguage":"pt-BR"}]}},"_links":{"self":[{"href":"https:\/\/besttwice.com.br\/site\/wp-json\/wp\/v2\/pages\/216","targetHints":{"allow":["GET"]}}],"collection":[{"href":"https:\/\/besttwice.com.br\/site\/wp-json\/wp\/v2\/pages"}],"about":[{"href":"https:\/\/besttwice.com.br\/site\/wp-json\/wp\/v2\/types\/page"}],"author":[{"embeddable":true,"href":"https:\/\/besttwice.com.br\/site\/wp-json\/wp\/v2\/users\/1"}],"replies":[{"embeddable":true,"href":"https:\/\/besttwice.com.br\/site\/wp-json\/wp\/v2\/comments?post=216"}],"version-history":[{"count":2,"href":"https:\/\/besttwice.com.br\/site\/wp-json\/wp\/v2\/pages\/216\/revisions"}],"predecessor-version":[{"id":218,"href":"https:\/\/besttwice.com.br\/site\/wp-json\/wp\/v2\/pages\/216\/revisions\/218"}],"wp:attachment":[{"href":"https:\/\/besttwice.com.br\/site\/wp-json\/wp\/v2\/media?parent=216"}],"curies":[{"name":"wp","href":"https:\/\/api.w.org\/{rel}","templated":true}]}}