{"id":188,"date":"2020-05-25T00:23:53","date_gmt":"2020-05-25T00:23:53","guid":{"rendered":"https:\/\/besttwice.com.br\/site\/?page_id=188"},"modified":"2021-10-20T02:54:06","modified_gmt":"2021-10-20T02:54:06","slug":"projeto-fight-meter","status":"publish","type":"page","link":"https:\/\/besttwice.com.br\/site\/projeto-fight-meter\/","title":{"rendered":"PROJETO FIGHT METER"},"content":{"rendered":"\n<p> Veja os v\u00eddeos abaixo para entender melhor: <\/p>\n\n\n\n<p>Ol\u00e1! Sou o Marcelo Garcez, Founder e CEO da empresa Best Twice. Estou aqui para apresentar o nosso projeto \u201cFIGHT METER\u00ae\u201d O Projeto Fight Meter \u00e9 um aplicativo (mais um componente eletr\u00f4nico inserido nas manoplas de foco) que pretende colaborar com os treinadores e atletas do boxe, a priori, com a cria\u00e7\u00e3o e disponibiliza\u00e7\u00e3o de m\u00e9tricas e indicadores (quantidade de golpes; intensidade dos golpes, m\u00e9dia das intensidades, maior intensidade; tempo de rea\u00e7\u00e3o, acertos e m\u00e9dia de acertos, tudo em seu tempo de treino previamente escolhido) dos treinos em tempo real. Os resultados e os hist\u00f3ricos do desempenho dos treinos ser\u00e3o analisados por profissionais que ter\u00e3o condi\u00e7\u00f5es de fazer recomenda\u00e7\u00f5es de forma individual e coletiva. Agora, que fechamos o nosso MVP iremos para as academias pegar o feedback dos treinadores e atletas. Saiba mais @fightmeter em nosso Instagram.<\/p>\n\n\n\n<figure class=\"wp-block-embed is-type-video is-provider-youtube wp-block-embed-youtube wp-embed-aspect-16-9 wp-has-aspect-ratio\"><div class=\"wp-block-embed__wrapper\">\n<div class=\"epyt-video-wrapper\"><iframe  id=\"_ytid_56552\"  width=\"1170\" height=\"658\"  data-origwidth=\"1170\" data-origheight=\"658\"  data-relstop=\"1\" src=\"https:\/\/www.youtube.com\/embed\/5z26c4Qu6qg?enablejsapi=1&#038;autoplay=0&#038;cc_load_policy=0&#038;cc_lang_pref=&#038;iv_load_policy=1&#038;loop=0&#038;modestbranding=1&#038;rel=0&#038;fs=1&#038;playsinline=0&#038;autohide=2&#038;theme=dark&#038;color=red&#038;controls=1&#038;\" class=\"__youtube_prefs__  epyt-is-override  no-lazyload\" title=\"YouTube player\"  allow=\"fullscreen; accelerometer; autoplay; clipboard-write; encrypted-media; gyroscope; picture-in-picture\" allowfullscreen data-no-lazy=\"1\" data-skipgform_ajax_framebjll=\"\"><\/iframe><\/div>\n<\/div><\/figure>\n\n\n\n<figure class=\"wp-block-embed is-type-video is-provider-youtube wp-block-embed-youtube wp-embed-aspect-16-9 wp-has-aspect-ratio\"><div class=\"wp-block-embed__wrapper\">\n<div class=\"epyt-video-wrapper\"><iframe  id=\"_ytid_16184\"  width=\"1170\" height=\"658\"  data-origwidth=\"1170\" data-origheight=\"658\"  data-relstop=\"1\" src=\"https:\/\/www.youtube.com\/embed\/j10hdF2xjlI?enablejsapi=1&#038;autoplay=0&#038;cc_load_policy=0&#038;cc_lang_pref=&#038;iv_load_policy=1&#038;loop=0&#038;modestbranding=1&#038;rel=0&#038;fs=1&#038;playsinline=0&#038;autohide=2&#038;theme=dark&#038;color=red&#038;controls=1&#038;\" class=\"__youtube_prefs__  epyt-is-override  no-lazyload\" title=\"YouTube player\"  allow=\"fullscreen; accelerometer; autoplay; clipboard-write; encrypted-media; gyroscope; picture-in-picture\" allowfullscreen data-no-lazy=\"1\" data-skipgform_ajax_framebjll=\"\"><\/iframe><\/div>\n<\/div><\/figure>\n\n\n<p><!--EndFragment--><\/p>\n<p><iframe title=\"Pitch FIGHT METER\" width=\"1170\" height=\"658\" src=\"https:\/\/www.youtube.com\/embed\/1D4cl0vReGg?feature=oembed\" frameborder=\"0\" allow=\"accelerometer; autoplay; clipboard-write; encrypted-media; gyroscope; picture-in-picture\" allowfullscreen><\/iframe><\/p>\n\n\n<p>As atividades f\u00edsicas e a\npr\u00e1tica dos esportes s\u00e3o essenciais para a sa\u00fade e bem-estar, sem mencionar que os esportes permitem o autodesenvolvimento, a autoestima, o estabelecimento de metas e a condu\u00e7\u00e3o de esfor\u00e7o consciente para alcan\u00e7\u00e1-las. Entretanto, o treino, esse esfor\u00e7o coordenado, \u00e9 dependente da dedica\u00e7\u00e3o, da disciplina e de roteiros estruturados para desenvolver objetivos e melhorar o desempenho.<\/p>\n\n\n\n<p>A pr\u00e1tica dos esportes permite que pessoas busquem melhorar seu desempenho, entretanto, raramente se encontram aparelhos com tecnologia que possam auxiliar essas pessoas no processo de aprendizagem.<\/p>\n\n\n\n<p>Dentre os esportes, as lutas e as artes marciais fazem parte da nossa hist\u00f3ria. Temos um grande contingente de praticantes que poderia obter resultados mais consistentes, caso apoiados por uma ferramenta como o FIGHT METER, superando o modelo atual e artesanal de realizar e registrar os treinos, obtendo poucos e desconexos dados, o que limita a sua an\u00e1lise.\n<\/p>\n\n\n\n<p>A proposta do FIGHT METER \u00e9 a de auxiliar os treinadores e os atletas a obter estes dados e a transform\u00e1-los em informa\u00e7\u00e3o em tempo real e de acompanhar o desenvolvimento, o desempenho e a evolu\u00e7\u00e3o entre os treinos, com uma tecnologia de ponta, desenvolvida no Brasil e de f\u00e1cil navega\u00e7\u00e3o (amig\u00e1vel) para a gest\u00e3o dos treinamentos. A possibilidade de acompanhar a evolu\u00e7\u00e3o do desempenho atrav\u00e9s da tecnologia gera uma conex\u00e3o entre o usu\u00e1rio e o sistema.<\/p>\n\n\n\n<p>O ecossistema do FIGHT METER, ter\u00e1 um componente eletr\u00f4nico que ir\u00e1 obter os dados a partir dos treinos realizados, dos movimentos executados e da for\u00e7a aplicada. Esses dados ser\u00e3o transmitidos para um aplicativo, o qual totalizar\u00e1 os resultados dos treinos em seu smartphone, possibilitando assim a sua an\u00e1lise por um profissional. Esses resultados ser\u00e3o armazenados em um banco de dados na nuvem, permitido a cria\u00e7\u00e3o de uma rede de participantes, que poder\u00e3o compartilhar seus resultados e estimular a participa\u00e7\u00e3o de novos atletas, e at\u00e9 a cria\u00e7\u00e3o de campeonatos virtuais, onde os resultados poder\u00e3o ser comparados e classificados em categorias de cada um dos esportes.<\/p>\n\n\n\n<p>O projeto FIGHT METER ir\u00e1 medir os seguintes movimentos: <\/p>\n\n\n\n<p>&#8211; tempo do treino: esta fun\u00e7\u00e3o permite que o usu\u00e1rio escolha o tempo de dura\u00e7\u00e3o do treino.<\/p>\n\n\n\n<p>&#8211; tempo de rea\u00e7\u00e3o dos golpes: esta fun\u00e7\u00e3o permite que o usu\u00e1rio me\u00e7a o tempo de rea\u00e7\u00e3o a um golpe solicitado pelo treinador, a quantidade de acertos dos golpes dentro de um tempo pr\u00e9-estabelecido e o percentual de acertos dos seus golpes.<\/p>\n\n\n\n<p>&#8211; quantidade dos golpes: esta fun\u00e7\u00e3o permite quantificar os golpes de cada membro, a pot\u00eancia instant\u00e2nea e a m\u00e9dia da pot\u00eancia dos golpes.<\/p>\n\n\n\n<p>&#8211; registrar e demonstrar os resultados: esta fun\u00e7\u00e3o permite o registro de todas as medi\u00e7\u00f5es anteriores e a demonstra\u00e7\u00e3o desses resultados.<\/p>\n\n\n\n<p>O projeto FIGHT METER tem como prop\u00f3sitos:<\/p>\n\n\n\n<p>&#8211; ser de f\u00e1cil acesso;<\/p>\n\n\n\n<p>&#8211; revolucionar os esportes de lutas e as artes marciais com a cria\u00e7\u00e3o de m\u00e9tricas precisas para os treinamentos, disponibilizadas em gr\u00e1ficos estat\u00edsticos em tempo real, para o acompanhamento, por um profissional da \u00e1rea, do desempenho e da evolu\u00e7\u00e3o entre os treinos;<\/p>\n\n\n\n<p>&#8211; de criar uma nova cultura nesses esportes, de forma que o n\u00famero de praticantes e atletas aumente significativamente, gerando uma alternativa de vida, principalmente para as crian\u00e7as com dificuldades econ\u00f4micas e sociais. <\/p>\n\n\n\n<p>&#8211; identificar e selecionar um n\u00famero maior de atletas, atrav\u00e9s das an\u00e1lises qualitativas, com potencial de participa\u00e7\u00e3o nas competi\u00e7\u00f5es nacionais e internacionais. <\/p>\n\n\n\n<p>Para as pessoas que est\u00e3o envolvidas diretamente nesses esportes, os treinos com FIGHT METER ser\u00e3o elevados a um n\u00edvel superior imers\u00e3o, motiva\u00e7\u00e3o, desafios e resultados. O FIGHT METER pretende tamb\u00e9m, despertar nas pessoas que s\u00e3o admiradores desses esportes, o est\u00edmulo para serem novos praticantes, atrav\u00e9s do seu envolvimento com a melhoria do condicionamento f\u00edsico, ganho de for\u00e7a, agilidade e coordena\u00e7\u00e3o motora.<\/p>\n","protected":false},"excerpt":{"rendered":"<p>Veja os v\u00eddeos abaixo para entender melhor: Ol\u00e1! Sou o Marcelo Garcez, Founder e CEO da empresa Best Twice. Estou aqui para apresentar o nosso projeto \u201cFIGHT METER\u00ae\u201d O Projeto Fight Meter \u00e9 um aplicativo (mais um componente eletr\u00f4nico inserido nas manoplas de foco) que pretende colaborar com os treinadores e atletas do boxe, a [&hellip;]<\/p>\n","protected":false},"author":1,"featured_media":0,"parent":0,"menu_order":0,"comment_status":"closed","ping_status":"closed","template":"","meta":{"footnotes":""},"class_list":["post-188","page","type-page","status-publish","hentry"],"yoast_head":"<!-- This site is optimized with the Yoast SEO plugin v27.6 - https:\/\/yoast.com\/product\/yoast-seo-wordpress\/ -->\n<title>PROJETO FIGHT METER - BEST TWICE<\/title>\n<meta name=\"robots\" content=\"index, follow, max-snippet:-1, max-image-preview:large, max-video-preview:-1\" \/>\n<link rel=\"canonical\" href=\"https:\/\/besttwice.com.br\/site\/projeto-fight-meter\/\" \/>\n<meta property=\"og:locale\" content=\"pt_BR\" \/>\n<meta property=\"og:type\" content=\"article\" \/>\n<meta property=\"og:title\" content=\"PROJETO FIGHT METER - BEST TWICE\" \/>\n<meta property=\"og:description\" content=\"Veja os v\u00eddeos abaixo para entender melhor: Ol\u00e1! Sou o Marcelo Garcez, Founder e CEO da empresa Best Twice. Estou aqui para apresentar o nosso projeto \u201cFIGHT METER\u00ae\u201d O Projeto Fight Meter \u00e9 um aplicativo (mais um componente eletr\u00f4nico inserido nas manoplas de foco) que pretende colaborar com os treinadores e atletas do boxe, a [&hellip;]\" \/>\n<meta property=\"og:url\" content=\"https:\/\/besttwice.com.br\/site\/projeto-fight-meter\/\" \/>\n<meta property=\"og:site_name\" content=\"BEST TWICE\" \/>\n<meta property=\"article:modified_time\" content=\"2021-10-20T02:54:06+00:00\" \/>\n<meta name=\"twitter:card\" content=\"summary_large_image\" \/>\n<meta name=\"twitter:label1\" content=\"Est. tempo de leitura\" \/>\n\t<meta name=\"twitter:data1\" content=\"4 minutos\" \/>\n<script type=\"application\/ld+json\" class=\"yoast-schema-graph\">{\"@context\":\"https:\\\/\\\/schema.org\",\"@graph\":[{\"@type\":\"WebPage\",\"@id\":\"https:\\\/\\\/besttwice.com.br\\\/site\\\/projeto-fight-meter\\\/\",\"url\":\"https:\\\/\\\/besttwice.com.br\\\/site\\\/projeto-fight-meter\\\/\",\"name\":\"PROJETO FIGHT METER - BEST TWICE\",\"isPartOf\":{\"@id\":\"https:\\\/\\\/besttwice.com.br\\\/site\\\/#website\"},\"datePublished\":\"2020-05-25T00:23:53+00:00\",\"dateModified\":\"2021-10-20T02:54:06+00:00\",\"breadcrumb\":{\"@id\":\"https:\\\/\\\/besttwice.com.br\\\/site\\\/projeto-fight-meter\\\/#breadcrumb\"},\"inLanguage\":\"pt-BR\",\"potentialAction\":[{\"@type\":\"ReadAction\",\"target\":[\"https:\\\/\\\/besttwice.com.br\\\/site\\\/projeto-fight-meter\\\/\"]}]},{\"@type\":\"BreadcrumbList\",\"@id\":\"https:\\\/\\\/besttwice.com.br\\\/site\\\/projeto-fight-meter\\\/#breadcrumb\",\"itemListElement\":[{\"@type\":\"ListItem\",\"position\":1,\"name\":\"In\u00edcio\",\"item\":\"https:\\\/\\\/besttwice.com.br\\\/site\\\/\"},{\"@type\":\"ListItem\",\"position\":2,\"name\":\"PROJETO FIGHT METER\"}]},{\"@type\":\"WebSite\",\"@id\":\"https:\\\/\\\/besttwice.com.br\\\/site\\\/#website\",\"url\":\"https:\\\/\\\/besttwice.com.br\\\/site\\\/\",\"name\":\"BEST TWICE\",\"description\":\"Pesquisar os problemas do cotidiano e buscar formas de reduzir seus efeitos.\",\"potentialAction\":[{\"@type\":\"SearchAction\",\"target\":{\"@type\":\"EntryPoint\",\"urlTemplate\":\"https:\\\/\\\/besttwice.com.br\\\/site\\\/?s={search_term_string}\"},\"query-input\":{\"@type\":\"PropertyValueSpecification\",\"valueRequired\":true,\"valueName\":\"search_term_string\"}}],\"inLanguage\":\"pt-BR\"}]}<\/script>\n<!-- \/ Yoast SEO plugin. -->","yoast_head_json":{"title":"PROJETO FIGHT METER - BEST TWICE","robots":{"index":"index","follow":"follow","max-snippet":"max-snippet:-1","max-image-preview":"max-image-preview:large","max-video-preview":"max-video-preview:-1"},"canonical":"https:\/\/besttwice.com.br\/site\/projeto-fight-meter\/","og_locale":"pt_BR","og_type":"article","og_title":"PROJETO FIGHT METER - BEST TWICE","og_description":"Veja os v\u00eddeos abaixo para entender melhor: Ol\u00e1! Sou o Marcelo Garcez, Founder e CEO da empresa Best Twice. Estou aqui para apresentar o nosso projeto \u201cFIGHT METER\u00ae\u201d O Projeto Fight Meter \u00e9 um aplicativo (mais um componente eletr\u00f4nico inserido nas manoplas de foco) que pretende colaborar com os treinadores e atletas do boxe, a [&hellip;]","og_url":"https:\/\/besttwice.com.br\/site\/projeto-fight-meter\/","og_site_name":"BEST TWICE","article_modified_time":"2021-10-20T02:54:06+00:00","twitter_card":"summary_large_image","twitter_misc":{"Est. tempo de leitura":"4 minutos"},"schema":{"@context":"https:\/\/schema.org","@graph":[{"@type":"WebPage","@id":"https:\/\/besttwice.com.br\/site\/projeto-fight-meter\/","url":"https:\/\/besttwice.com.br\/site\/projeto-fight-meter\/","name":"PROJETO FIGHT METER - BEST TWICE","isPartOf":{"@id":"https:\/\/besttwice.com.br\/site\/#website"},"datePublished":"2020-05-25T00:23:53+00:00","dateModified":"2021-10-20T02:54:06+00:00","breadcrumb":{"@id":"https:\/\/besttwice.com.br\/site\/projeto-fight-meter\/#breadcrumb"},"inLanguage":"pt-BR","potentialAction":[{"@type":"ReadAction","target":["https:\/\/besttwice.com.br\/site\/projeto-fight-meter\/"]}]},{"@type":"BreadcrumbList","@id":"https:\/\/besttwice.com.br\/site\/projeto-fight-meter\/#breadcrumb","itemListElement":[{"@type":"ListItem","position":1,"name":"In\u00edcio","item":"https:\/\/besttwice.com.br\/site\/"},{"@type":"ListItem","position":2,"name":"PROJETO FIGHT METER"}]},{"@type":"WebSite","@id":"https:\/\/besttwice.com.br\/site\/#website","url":"https:\/\/besttwice.com.br\/site\/","name":"BEST TWICE","description":"Pesquisar os problemas do cotidiano e buscar formas de reduzir seus efeitos.","potentialAction":[{"@type":"SearchAction","target":{"@type":"EntryPoint","urlTemplate":"https:\/\/besttwice.com.br\/site\/?s={search_term_string}"},"query-input":{"@type":"PropertyValueSpecification","valueRequired":true,"valueName":"search_term_string"}}],"inLanguage":"pt-BR"}]}},"_links":{"self":[{"href":"https:\/\/besttwice.com.br\/site\/wp-json\/wp\/v2\/pages\/188","targetHints":{"allow":["GET"]}}],"collection":[{"href":"https:\/\/besttwice.com.br\/site\/wp-json\/wp\/v2\/pages"}],"about":[{"href":"https:\/\/besttwice.com.br\/site\/wp-json\/wp\/v2\/types\/page"}],"author":[{"embeddable":true,"href":"https:\/\/besttwice.com.br\/site\/wp-json\/wp\/v2\/users\/1"}],"replies":[{"embeddable":true,"href":"https:\/\/besttwice.com.br\/site\/wp-json\/wp\/v2\/comments?post=188"}],"version-history":[{"count":7,"href":"https:\/\/besttwice.com.br\/site\/wp-json\/wp\/v2\/pages\/188\/revisions"}],"predecessor-version":[{"id":681,"href":"https:\/\/besttwice.com.br\/site\/wp-json\/wp\/v2\/pages\/188\/revisions\/681"}],"wp:attachment":[{"href":"https:\/\/besttwice.com.br\/site\/wp-json\/wp\/v2\/media?parent=188"}],"curies":[{"name":"wp","href":"https:\/\/api.w.org\/{rel}","templated":true}]}}